{"id":1136,"date":"2022-08-15T15:06:10","date_gmt":"2022-08-15T19:06:10","guid":{"rendered":"https:\/\/www.stildesign.ca\/projets\/armoires-sur-mesure\/"},"modified":"2025-07-25T14:06:55","modified_gmt":"2025-07-25T18:06:55","slug":"armoires-sur-mesure","status":"publish","type":"page","link":"https:\/\/www.stildesign.ca\/fr\/projets\/armoires-sur-mesure\/","title":{"rendered":"Armoires sur mesure"},"content":{"rendered":"\n<div class=\"wp-block-group is-layout-flow wp-container-core-group-is-layout-47e5a185 wp-block-group-is-layout-flow\">\n<div class=\"wp-block-cover\"><img loading=\"lazy\" decoding=\"async\" width=\"2500\" height=\"982\" class=\"wp-block-cover__image-background wp-image-360\" alt=\"\" src=\"https:\/\/www.stildesign.ca\/wp-content\/uploads\/2022\/08\/PERSONAL-SPACE-PHOTO-2-1-1.jpeg\" style=\"object-position:50% 27%\" data-object-fit=\"cover\" data-object-position=\"50% 27%\" srcset=\"https:\/\/www.stildesign.ca\/wp-content\/uploads\/2022\/08\/PERSONAL-SPACE-PHOTO-2-1-1.jpeg 2500w, https:\/\/www.stildesign.ca\/wp-content\/uploads\/2022\/08\/PERSONAL-SPACE-PHOTO-2-1-1-300x118.jpeg 300w, https:\/\/www.stildesign.ca\/wp-content\/uploads\/2022\/08\/PERSONAL-SPACE-PHOTO-2-1-1-1024x402.jpeg 1024w, https:\/\/www.stildesign.ca\/wp-content\/uploads\/2022\/08\/PERSONAL-SPACE-PHOTO-2-1-1-768x302.jpeg 768w, https:\/\/www.stildesign.ca\/wp-content\/uploads\/2022\/08\/PERSONAL-SPACE-PHOTO-2-1-1-1536x603.jpeg 1536w, https:\/\/www.stildesign.ca\/wp-content\/uploads\/2022\/08\/PERSONAL-SPACE-PHOTO-2-1-1-2048x804.jpeg 2048w\" sizes=\"auto, (max-width: 2500px) 100vw, 2500px\" \/><span aria-hidden=\"true\" class=\"wp-block-cover__background has-background-dim-0 has-background-dim\"><\/span><div class=\"wp-block-cover__inner-container is-layout-flow wp-block-cover-is-layout-flow\">\n<div class=\"wp-block-group is-layout-constrained wp-container-core-group-is-layout-02240bab wp-block-group-is-layout-constrained\" style=\"padding-right:15px;padding-left:15px\">\n<h1 class=\"wp-block-heading has-text-align-left has-white-color has-text-color has-h-2-font-size\" style=\"margin-top:0px;margin-right:0px;margin-bottom:0px;margin-left:0px;font-style:normal;font-weight:300;text-transform:uppercase\">ARMOIRES SUR MESURE<\/h1>\n<\/div>\n<\/div><\/div>\n\n\n\n<div class=\"wp-block-group is-layout-constrained wp-container-core-group-is-layout-5d732691 wp-block-group-is-layout-constrained\" style=\"padding-top:60px;padding-right:15px;padding-bottom:60px;padding-left:15px\">\n<h2 class=\"wp-block-heading has-text-align-center has-text-grey-color has-text-color has-h-2-font-size\" style=\"margin-top:0px;margin-right:0px;margin-bottom:0px;margin-left:0px;font-style:normal;font-weight:300;text-transform:uppercase\">CR\u00c9ER PLUS D&rsquo;ESPACE DANS VOTRE ESPACE<\/h2>\n\n\n\n<p class=\"has-text-align-center has-text-light-grey-color has-text-color has-paragraphs-2-font-size\" style=\"letter-spacing:1px;line-height:1.3\"><br>Que vous souhaitiez travailler \u00e0 domicile, vous d\u00e9tendre devant la t\u00e9l\u00e9vision ou accueillir un invit\u00e9, votre espace personnel doit \u00eatre le reflet de qui vous \u00eates. D\u00e9couvrez nos solutions sur mesure et laissez-nous personnaliser votre espace selon votre style. <\/p>\n<\/div>\n\n\n<div class=\"gb-grid-wrapper gb-grid-wrapper-994a9b82 fancy-class\">\n<div class=\"gb-grid-column gb-grid-column-8c9b5b05\"><div class=\"gb-container gb-container-8c9b5b05\"><div class=\"gb-inside-container\">\n\n<figure class=\"wp-block-image size-full\"><a href=\"https:\/\/www.stildesign.ca\/wp-content\/uploads\/2022\/08\/entertainment-unit-3.jpeg\"><img loading=\"lazy\" decoding=\"async\" width=\"805\" height=\"537\" src=\"https:\/\/www.stildesign.ca\/wp-content\/uploads\/2022\/08\/entertainment-unit-3.jpeg\" alt=\"\" class=\"wp-image-370\" srcset=\"https:\/\/www.stildesign.ca\/wp-content\/uploads\/2022\/08\/entertainment-unit-3.jpeg 805w, https:\/\/www.stildesign.ca\/wp-content\/uploads\/2022\/08\/entertainment-unit-3-300x200.jpeg 300w, https:\/\/www.stildesign.ca\/wp-content\/uploads\/2022\/08\/entertainment-unit-3-768x512.jpeg 768w\" sizes=\"auto, (max-width: 805px) 100vw, 805px\" \/><\/a><\/figure>\n\n<\/div><\/div><\/div>\n\n<div class=\"gb-grid-column gb-grid-column-41a579ae\"><div class=\"gb-container gb-container-41a579ae\"><div class=\"gb-inside-container\">\n\n<figure class=\"wp-block-image size-full\"><a href=\"https:\/\/www.stildesign.ca\/wp-content\/uploads\/2022\/08\/entertainment-unit-2.jpeg\"><img loading=\"lazy\" decoding=\"async\" width=\"805\" height=\"537\" src=\"https:\/\/www.stildesign.ca\/wp-content\/uploads\/2022\/08\/entertainment-unit-2.jpeg\" alt=\"\" class=\"wp-image-369\" srcset=\"https:\/\/www.stildesign.ca\/wp-content\/uploads\/2022\/08\/entertainment-unit-2.jpeg 805w, https:\/\/www.stildesign.ca\/wp-content\/uploads\/2022\/08\/entertainment-unit-2-300x200.jpeg 300w, https:\/\/www.stildesign.ca\/wp-content\/uploads\/2022\/08\/entertainment-unit-2-768x512.jpeg 768w\" sizes=\"auto, (max-width: 805px) 100vw, 805px\" \/><\/a><\/figure>\n\n<\/div><\/div><\/div>\n\n<div class=\"gb-grid-column gb-grid-column-088b22e6\"><div class=\"gb-container gb-container-088b22e6\"><div class=\"gb-inside-container\">\n\n<figure class=\"wp-block-image size-full\"><a href=\"https:\/\/www.stildesign.ca\/wp-content\/uploads\/2022\/08\/WALL-UNIT-EGGSHELL-resize.jpeg\"><img loading=\"lazy\" decoding=\"async\" width=\"805\" height=\"537\" src=\"https:\/\/www.stildesign.ca\/wp-content\/uploads\/2022\/08\/WALL-UNIT-EGGSHELL-resize.jpeg\" alt=\"\" class=\"wp-image-368\" srcset=\"https:\/\/www.stildesign.ca\/wp-content\/uploads\/2022\/08\/WALL-UNIT-EGGSHELL-resize.jpeg 805w, https:\/\/www.stildesign.ca\/wp-content\/uploads\/2022\/08\/WALL-UNIT-EGGSHELL-resize-300x200.jpeg 300w, https:\/\/www.stildesign.ca\/wp-content\/uploads\/2022\/08\/WALL-UNIT-EGGSHELL-resize-768x512.jpeg 768w\" sizes=\"auto, (max-width: 805px) 100vw, 805px\" \/><\/a><\/figure>\n\n<\/div><\/div><\/div>\n\n<div class=\"gb-grid-column gb-grid-column-57afda2b\"><div class=\"gb-container gb-container-57afda2b\"><div class=\"gb-inside-container\">\n\n<figure class=\"wp-block-image size-full\"><a href=\"https:\/\/www.stildesign.ca\/wp-content\/uploads\/2022\/08\/entertainment-unit-4.jpeg\"><img loading=\"lazy\" decoding=\"async\" width=\"805\" height=\"537\" src=\"https:\/\/www.stildesign.ca\/wp-content\/uploads\/2022\/08\/entertainment-unit-4.jpeg\" alt=\"\" class=\"wp-image-367\" srcset=\"https:\/\/www.stildesign.ca\/wp-content\/uploads\/2022\/08\/entertainment-unit-4.jpeg 805w, https:\/\/www.stildesign.ca\/wp-content\/uploads\/2022\/08\/entertainment-unit-4-300x200.jpeg 300w, https:\/\/www.stildesign.ca\/wp-content\/uploads\/2022\/08\/entertainment-unit-4-768x512.jpeg 768w\" sizes=\"auto, (max-width: 805px) 100vw, 805px\" \/><\/a><\/figure>\n\n<\/div><\/div><\/div>\n\n<div class=\"gb-grid-column gb-grid-column-90daa1d0\"><div class=\"gb-container gb-container-90daa1d0\"><div class=\"gb-inside-container\">\n\n<figure class=\"wp-block-image size-large\"><a href=\"https:\/\/www.stildesign.ca\/wp-content\/uploads\/2022\/08\/ENTERTAINMENT-4.jpeg\"><img loading=\"lazy\" decoding=\"async\" width=\"1024\" height=\"681\" src=\"https:\/\/www.stildesign.ca\/wp-content\/uploads\/2022\/08\/ENTERTAINMENT-4-1024x681.jpeg\" alt=\"\" class=\"wp-image-366\" srcset=\"https:\/\/www.stildesign.ca\/wp-content\/uploads\/2022\/08\/ENTERTAINMENT-4-1024x681.jpeg 1024w, https:\/\/www.stildesign.ca\/wp-content\/uploads\/2022\/08\/ENTERTAINMENT-4-300x199.jpeg 300w, https:\/\/www.stildesign.ca\/wp-content\/uploads\/2022\/08\/ENTERTAINMENT-4-768x511.jpeg 768w, https:\/\/www.stildesign.ca\/wp-content\/uploads\/2022\/08\/ENTERTAINMENT-4.jpeg 1280w\" sizes=\"auto, (max-width: 1024px) 100vw, 1024px\" \/><\/a><\/figure>\n\n<\/div><\/div><\/div>\n\n<div class=\"gb-grid-column gb-grid-column-1729d0cd\"><div class=\"gb-container gb-container-1729d0cd\"><div class=\"gb-inside-container\">\n\n<figure class=\"wp-block-image size-large\"><a href=\"https:\/\/www.stildesign.ca\/wp-content\/uploads\/2022\/08\/ENTERTAINMENT-1.jpeg\"><img loading=\"lazy\" decoding=\"async\" width=\"1024\" height=\"681\" src=\"https:\/\/www.stildesign.ca\/wp-content\/uploads\/2022\/08\/ENTERTAINMENT-1-1024x681.jpeg\" alt=\"\" class=\"wp-image-365\" srcset=\"https:\/\/www.stildesign.ca\/wp-content\/uploads\/2022\/08\/ENTERTAINMENT-1-1024x681.jpeg 1024w, https:\/\/www.stildesign.ca\/wp-content\/uploads\/2022\/08\/ENTERTAINMENT-1-300x199.jpeg 300w, https:\/\/www.stildesign.ca\/wp-content\/uploads\/2022\/08\/ENTERTAINMENT-1-768x511.jpeg 768w, https:\/\/www.stildesign.ca\/wp-content\/uploads\/2022\/08\/ENTERTAINMENT-1.jpeg 1280w\" sizes=\"auto, (max-width: 1024px) 100vw, 1024px\" \/><\/a><\/figure>\n\n<\/div><\/div><\/div>\n\n<div class=\"gb-grid-column gb-grid-column-6d8fc3dc\"><div class=\"gb-container gb-container-6d8fc3dc\"><div class=\"gb-inside-container\">\n\n<figure class=\"wp-block-image size-large\"><a href=\"https:\/\/www.stildesign.ca\/wp-content\/uploads\/2022\/08\/ENTERTAINMENT-5.jpeg\"><img loading=\"lazy\" decoding=\"async\" width=\"1024\" height=\"681\" src=\"https:\/\/www.stildesign.ca\/wp-content\/uploads\/2022\/08\/ENTERTAINMENT-5-1024x681.jpeg\" alt=\"\" class=\"wp-image-364\" srcset=\"https:\/\/www.stildesign.ca\/wp-content\/uploads\/2022\/08\/ENTERTAINMENT-5-1024x681.jpeg 1024w, https:\/\/www.stildesign.ca\/wp-content\/uploads\/2022\/08\/ENTERTAINMENT-5-300x199.jpeg 300w, https:\/\/www.stildesign.ca\/wp-content\/uploads\/2022\/08\/ENTERTAINMENT-5-768x511.jpeg 768w, https:\/\/www.stildesign.ca\/wp-content\/uploads\/2022\/08\/ENTERTAINMENT-5.jpeg 1280w\" sizes=\"auto, (max-width: 1024px) 100vw, 1024px\" \/><\/a><\/figure>\n\n<\/div><\/div><\/div>\n<\/div><\/div>\n","protected":false},"excerpt":{"rendered":"<p>CR\u00c9ER PLUS D&rsquo;ESPACE DANS VOTRE ESPACE Que vous souhaitiez travailler \u00e0 domicile, vous d\u00e9tendre devant la t\u00e9l\u00e9vision ou accueillir un invit\u00e9, votre espace personnel doit \u00eatre le reflet de qui vous \u00eates. D\u00e9couvrez nos solutions sur mesure et laissez-nous personnaliser votre espace selon votre style.<\/p>\n","protected":false},"author":2,"featured_media":0,"parent":1111,"menu_order":2,"comment_status":"closed","ping_status":"closed","template":"page-footer2","meta":{"footnotes":""},"class_list":["post-1136","page","type-page","status-publish","hentry"],"yoast_head":"<!-- This site is optimized with the Yoast SEO plugin v27.4 - https:\/\/yoast.com\/product\/yoast-seo-wordpress\/ -->\n<title>Armoires sur Mesure | STIL Design<\/title>\n<meta name=\"description\" content=\"Optimisez votre espace avec les armoires sur mesure de STIL Design. Nous cr\u00e9ons des solutions personnalis\u00e9es pour chaque pi\u00e8ce de votre maison, refl\u00e9tant votre style et r\u00e9pondant \u00e0 vos besoins. Contactez-nous pour une consultation gratuite et commencez \u00e0 transformer votre espace d\u00e8s aujourd&#039;hui.\" \/>\n<meta name=\"robots\" content=\"index, follow, max-snippet:-1, max-image-preview:large, max-video-preview:-1\" \/>\n<link rel=\"canonical\" href=\"https:\/\/www.stildesign.ca\/fr\/projets\/armoires-sur-mesure\/\" \/>\n<meta property=\"og:locale\" content=\"fr_FR\" \/>\n<meta property=\"og:type\" content=\"article\" \/>\n<meta property=\"og:title\" content=\"Armoires sur Mesure | STIL Design\" \/>\n<meta property=\"og:description\" content=\"Optimisez votre espace avec les armoires sur mesure de STIL Design. Nous cr\u00e9ons des solutions personnalis\u00e9es pour chaque pi\u00e8ce de votre maison, refl\u00e9tant votre style et r\u00e9pondant \u00e0 vos besoins. Contactez-nous pour une consultation gratuite et commencez \u00e0 transformer votre espace d\u00e8s aujourd&#039;hui.\" \/>\n<meta property=\"og:url\" content=\"https:\/\/www.stildesign.ca\/fr\/projets\/armoires-sur-mesure\/\" \/>\n<meta property=\"og:site_name\" content=\"STIL Design\" \/>\n<meta property=\"article:publisher\" content=\"https:\/\/www.facebook.com\/STILDESIGN\/\" \/>\n<meta property=\"article:modified_time\" content=\"2025-07-25T18:06:55+00:00\" \/>\n<meta property=\"og:image\" content=\"https:\/\/www.stildesign.ca\/wp-content\/uploads\/2022\/08\/PERSONAL-SPACE-PHOTO-2-1-1.jpeg\" \/>\n\t<meta property=\"og:image:width\" content=\"2500\" \/>\n\t<meta property=\"og:image:height\" content=\"982\" \/>\n\t<meta property=\"og:image:type\" content=\"image\/jpeg\" \/>\n<meta name=\"twitter:card\" content=\"summary_large_image\" \/>\n<meta name=\"twitter:label1\" content=\"Dur\u00e9e de lecture estim\u00e9e\" \/>\n\t<meta name=\"twitter:data1\" content=\"2 minutes\" \/>\n<script type=\"application\/ld+json\" class=\"yoast-schema-graph\">{\"@context\":\"https:\\\/\\\/schema.org\",\"@graph\":[{\"@type\":\"WebPage\",\"@id\":\"https:\\\/\\\/www.stildesign.ca\\\/fr\\\/projets\\\/armoires-sur-mesure\\\/\",\"url\":\"https:\\\/\\\/www.stildesign.ca\\\/fr\\\/projets\\\/armoires-sur-mesure\\\/\",\"name\":\"Armoires sur Mesure | STIL Design\",\"isPartOf\":{\"@id\":\"https:\\\/\\\/www.stildesign.ca\\\/fr\\\/#website\"},\"primaryImageOfPage\":{\"@id\":\"https:\\\/\\\/www.stildesign.ca\\\/fr\\\/projets\\\/armoires-sur-mesure\\\/#primaryimage\"},\"image\":{\"@id\":\"https:\\\/\\\/www.stildesign.ca\\\/fr\\\/projets\\\/armoires-sur-mesure\\\/#primaryimage\"},\"thumbnailUrl\":\"https:\\\/\\\/www.stildesign.ca\\\/wp-content\\\/uploads\\\/2022\\\/08\\\/PERSONAL-SPACE-PHOTO-2-1-1.jpeg\",\"datePublished\":\"2022-08-15T19:06:10+00:00\",\"dateModified\":\"2025-07-25T18:06:55+00:00\",\"description\":\"Optimisez votre espace avec les armoires sur mesure de STIL Design. Nous cr\u00e9ons des solutions personnalis\u00e9es pour chaque pi\u00e8ce de votre maison, refl\u00e9tant votre style et r\u00e9pondant \u00e0 vos besoins. Contactez-nous pour une consultation gratuite et commencez \u00e0 transformer votre espace d\u00e8s aujourd'hui.\",\"breadcrumb\":{\"@id\":\"https:\\\/\\\/www.stildesign.ca\\\/fr\\\/projets\\\/armoires-sur-mesure\\\/#breadcrumb\"},\"inLanguage\":\"fr-FR\",\"potentialAction\":[{\"@type\":\"ReadAction\",\"target\":[\"https:\\\/\\\/www.stildesign.ca\\\/fr\\\/projets\\\/armoires-sur-mesure\\\/\"]}]},{\"@type\":\"ImageObject\",\"inLanguage\":\"fr-FR\",\"@id\":\"https:\\\/\\\/www.stildesign.ca\\\/fr\\\/projets\\\/armoires-sur-mesure\\\/#primaryimage\",\"url\":\"https:\\\/\\\/www.stildesign.ca\\\/wp-content\\\/uploads\\\/2022\\\/08\\\/PERSONAL-SPACE-PHOTO-2-1-1.jpeg\",\"contentUrl\":\"https:\\\/\\\/www.stildesign.ca\\\/wp-content\\\/uploads\\\/2022\\\/08\\\/PERSONAL-SPACE-PHOTO-2-1-1.jpeg\"},{\"@type\":\"BreadcrumbList\",\"@id\":\"https:\\\/\\\/www.stildesign.ca\\\/fr\\\/projets\\\/armoires-sur-mesure\\\/#breadcrumb\",\"itemListElement\":[{\"@type\":\"ListItem\",\"position\":1,\"name\":\"Home\",\"item\":\"https:\\\/\\\/www.stildesign.ca\\\/fr\\\/\"},{\"@type\":\"ListItem\",\"position\":2,\"name\":\"PROJETS\",\"item\":\"https:\\\/\\\/www.stildesign.ca\\\/fr\\\/projets\\\/\"},{\"@type\":\"ListItem\",\"position\":3,\"name\":\"Armoires sur mesure\"}]},{\"@type\":\"WebSite\",\"@id\":\"https:\\\/\\\/www.stildesign.ca\\\/fr\\\/#website\",\"url\":\"https:\\\/\\\/www.stildesign.ca\\\/fr\\\/\",\"name\":\"STIL Design\",\"description\":\"Premium Custom Storage Solutions Montreal\",\"publisher\":{\"@id\":\"https:\\\/\\\/www.stildesign.ca\\\/fr\\\/#organization\"},\"potentialAction\":[{\"@type\":\"SearchAction\",\"target\":{\"@type\":\"EntryPoint\",\"urlTemplate\":\"https:\\\/\\\/www.stildesign.ca\\\/fr\\\/?s={search_term_string}\"},\"query-input\":{\"@type\":\"PropertyValueSpecification\",\"valueRequired\":true,\"valueName\":\"search_term_string\"}}],\"inLanguage\":\"fr-FR\"},{\"@type\":\"Organization\",\"@id\":\"https:\\\/\\\/www.stildesign.ca\\\/fr\\\/#organization\",\"name\":\"STIL Design\",\"url\":\"https:\\\/\\\/www.stildesign.ca\\\/fr\\\/\",\"logo\":{\"@type\":\"ImageObject\",\"inLanguage\":\"fr-FR\",\"@id\":\"https:\\\/\\\/www.stildesign.ca\\\/fr\\\/#\\\/schema\\\/logo\\\/image\\\/\",\"url\":\"https:\\\/\\\/www.stildesign.ca\\\/wp-content\\\/uploads\\\/2024\\\/07\\\/stil-logo-web-ca.jpg\",\"contentUrl\":\"https:\\\/\\\/www.stildesign.ca\\\/wp-content\\\/uploads\\\/2024\\\/07\\\/stil-logo-web-ca.jpg\",\"width\":690,\"height\":690,\"caption\":\"STIL Design\"},\"image\":{\"@id\":\"https:\\\/\\\/www.stildesign.ca\\\/fr\\\/#\\\/schema\\\/logo\\\/image\\\/\"},\"sameAs\":[\"https:\\\/\\\/www.facebook.com\\\/STILDESIGN\\\/\"]}]}<\/script>\n<!-- \/ Yoast SEO plugin. -->","yoast_head_json":{"title":"Armoires sur Mesure | STIL Design","description":"Optimisez votre espace avec les armoires sur mesure de STIL Design. Nous cr\u00e9ons des solutions personnalis\u00e9es pour chaque pi\u00e8ce de votre maison, refl\u00e9tant votre style et r\u00e9pondant \u00e0 vos besoins. Contactez-nous pour une consultation gratuite et commencez \u00e0 transformer votre espace d\u00e8s aujourd'hui.","robots":{"index":"index","follow":"follow","max-snippet":"max-snippet:-1","max-image-preview":"max-image-preview:large","max-video-preview":"max-video-preview:-1"},"canonical":"https:\/\/www.stildesign.ca\/fr\/projets\/armoires-sur-mesure\/","og_locale":"fr_FR","og_type":"article","og_title":"Armoires sur Mesure | STIL Design","og_description":"Optimisez votre espace avec les armoires sur mesure de STIL Design. Nous cr\u00e9ons des solutions personnalis\u00e9es pour chaque pi\u00e8ce de votre maison, refl\u00e9tant votre style et r\u00e9pondant \u00e0 vos besoins. Contactez-nous pour une consultation gratuite et commencez \u00e0 transformer votre espace d\u00e8s aujourd'hui.","og_url":"https:\/\/www.stildesign.ca\/fr\/projets\/armoires-sur-mesure\/","og_site_name":"STIL Design","article_publisher":"https:\/\/www.facebook.com\/STILDESIGN\/","article_modified_time":"2025-07-25T18:06:55+00:00","og_image":[{"width":2500,"height":982,"url":"https:\/\/www.stildesign.ca\/wp-content\/uploads\/2022\/08\/PERSONAL-SPACE-PHOTO-2-1-1.jpeg","type":"image\/jpeg"}],"twitter_card":"summary_large_image","twitter_misc":{"Dur\u00e9e de lecture estim\u00e9e":"2 minutes"},"schema":{"@context":"https:\/\/schema.org","@graph":[{"@type":"WebPage","@id":"https:\/\/www.stildesign.ca\/fr\/projets\/armoires-sur-mesure\/","url":"https:\/\/www.stildesign.ca\/fr\/projets\/armoires-sur-mesure\/","name":"Armoires sur Mesure | STIL Design","isPartOf":{"@id":"https:\/\/www.stildesign.ca\/fr\/#website"},"primaryImageOfPage":{"@id":"https:\/\/www.stildesign.ca\/fr\/projets\/armoires-sur-mesure\/#primaryimage"},"image":{"@id":"https:\/\/www.stildesign.ca\/fr\/projets\/armoires-sur-mesure\/#primaryimage"},"thumbnailUrl":"https:\/\/www.stildesign.ca\/wp-content\/uploads\/2022\/08\/PERSONAL-SPACE-PHOTO-2-1-1.jpeg","datePublished":"2022-08-15T19:06:10+00:00","dateModified":"2025-07-25T18:06:55+00:00","description":"Optimisez votre espace avec les armoires sur mesure de STIL Design. Nous cr\u00e9ons des solutions personnalis\u00e9es pour chaque pi\u00e8ce de votre maison, refl\u00e9tant votre style et r\u00e9pondant \u00e0 vos besoins. Contactez-nous pour une consultation gratuite et commencez \u00e0 transformer votre espace d\u00e8s aujourd'hui.","breadcrumb":{"@id":"https:\/\/www.stildesign.ca\/fr\/projets\/armoires-sur-mesure\/#breadcrumb"},"inLanguage":"fr-FR","potentialAction":[{"@type":"ReadAction","target":["https:\/\/www.stildesign.ca\/fr\/projets\/armoires-sur-mesure\/"]}]},{"@type":"ImageObject","inLanguage":"fr-FR","@id":"https:\/\/www.stildesign.ca\/fr\/projets\/armoires-sur-mesure\/#primaryimage","url":"https:\/\/www.stildesign.ca\/wp-content\/uploads\/2022\/08\/PERSONAL-SPACE-PHOTO-2-1-1.jpeg","contentUrl":"https:\/\/www.stildesign.ca\/wp-content\/uploads\/2022\/08\/PERSONAL-SPACE-PHOTO-2-1-1.jpeg"},{"@type":"BreadcrumbList","@id":"https:\/\/www.stildesign.ca\/fr\/projets\/armoires-sur-mesure\/#breadcrumb","itemListElement":[{"@type":"ListItem","position":1,"name":"Home","item":"https:\/\/www.stildesign.ca\/fr\/"},{"@type":"ListItem","position":2,"name":"PROJETS","item":"https:\/\/www.stildesign.ca\/fr\/projets\/"},{"@type":"ListItem","position":3,"name":"Armoires sur mesure"}]},{"@type":"WebSite","@id":"https:\/\/www.stildesign.ca\/fr\/#website","url":"https:\/\/www.stildesign.ca\/fr\/","name":"STIL Design","description":"Premium Custom Storage Solutions Montreal","publisher":{"@id":"https:\/\/www.stildesign.ca\/fr\/#organization"},"potentialAction":[{"@type":"SearchAction","target":{"@type":"EntryPoint","urlTemplate":"https:\/\/www.stildesign.ca\/fr\/?s={search_term_string}"},"query-input":{"@type":"PropertyValueSpecification","valueRequired":true,"valueName":"search_term_string"}}],"inLanguage":"fr-FR"},{"@type":"Organization","@id":"https:\/\/www.stildesign.ca\/fr\/#organization","name":"STIL Design","url":"https:\/\/www.stildesign.ca\/fr\/","logo":{"@type":"ImageObject","inLanguage":"fr-FR","@id":"https:\/\/www.stildesign.ca\/fr\/#\/schema\/logo\/image\/","url":"https:\/\/www.stildesign.ca\/wp-content\/uploads\/2024\/07\/stil-logo-web-ca.jpg","contentUrl":"https:\/\/www.stildesign.ca\/wp-content\/uploads\/2024\/07\/stil-logo-web-ca.jpg","width":690,"height":690,"caption":"STIL Design"},"image":{"@id":"https:\/\/www.stildesign.ca\/fr\/#\/schema\/logo\/image\/"},"sameAs":["https:\/\/www.facebook.com\/STILDESIGN\/"]}]}},"_links":{"self":[{"href":"https:\/\/www.stildesign.ca\/fr\/wp-json\/wp\/v2\/pages\/1136","targetHints":{"allow":["GET"]}}],"collection":[{"href":"https:\/\/www.stildesign.ca\/fr\/wp-json\/wp\/v2\/pages"}],"about":[{"href":"https:\/\/www.stildesign.ca\/fr\/wp-json\/wp\/v2\/types\/page"}],"author":[{"embeddable":true,"href":"https:\/\/www.stildesign.ca\/fr\/wp-json\/wp\/v2\/users\/2"}],"replies":[{"embeddable":true,"href":"https:\/\/www.stildesign.ca\/fr\/wp-json\/wp\/v2\/comments?post=1136"}],"version-history":[{"count":4,"href":"https:\/\/www.stildesign.ca\/fr\/wp-json\/wp\/v2\/pages\/1136\/revisions"}],"predecessor-version":[{"id":2027,"href":"https:\/\/www.stildesign.ca\/fr\/wp-json\/wp\/v2\/pages\/1136\/revisions\/2027"}],"up":[{"embeddable":true,"href":"https:\/\/www.stildesign.ca\/fr\/wp-json\/wp\/v2\/pages\/1111"}],"wp:attachment":[{"href":"https:\/\/www.stildesign.ca\/fr\/wp-json\/wp\/v2\/media?parent=1136"}],"curies":[{"name":"wp","href":"https:\/\/api.w.org\/{rel}","templated":true}]}}