{"id":1134,"date":"2022-08-15T15:06:43","date_gmt":"2022-08-15T19:06:43","guid":{"rendered":"https:\/\/www.stildesign.ca\/projets\/conception-de-bureau-a-domicile\/"},"modified":"2025-07-25T14:07:54","modified_gmt":"2025-07-25T18:07:54","slug":"conception-de-bureau-a-domicile","status":"publish","type":"page","link":"https:\/\/www.stildesign.ca\/fr\/projets\/conception-de-bureau-a-domicile\/","title":{"rendered":"Conception de bureau \u00e0 domicile"},"content":{"rendered":"\n<div class=\"wp-block-group is-layout-flow wp-container-core-group-is-layout-47e5a185 wp-block-group-is-layout-flow\">\n<div class=\"wp-block-cover\"><img loading=\"lazy\" decoding=\"async\" width=\"2048\" height=\"804\" class=\"wp-block-cover__image-background wp-image-418\" alt=\"\" src=\"https:\/\/www.stildesign.ca\/wp-content\/uploads\/2022\/08\/Untitled-1.jpeg\" style=\"object-position:49% 66%\" data-object-fit=\"cover\" data-object-position=\"49% 66%\" srcset=\"https:\/\/www.stildesign.ca\/wp-content\/uploads\/2022\/08\/Untitled-1.jpeg 2048w, https:\/\/www.stildesign.ca\/wp-content\/uploads\/2022\/08\/Untitled-1-300x118.jpeg 300w, https:\/\/www.stildesign.ca\/wp-content\/uploads\/2022\/08\/Untitled-1-1024x402.jpeg 1024w, https:\/\/www.stildesign.ca\/wp-content\/uploads\/2022\/08\/Untitled-1-768x302.jpeg 768w, https:\/\/www.stildesign.ca\/wp-content\/uploads\/2022\/08\/Untitled-1-1536x603.jpeg 1536w\" sizes=\"auto, (max-width: 2048px) 100vw, 2048px\" \/><span aria-hidden=\"true\" class=\"wp-block-cover__background has-background-dim-0 has-background-dim\"><\/span><div class=\"wp-block-cover__inner-container is-layout-flow wp-block-cover-is-layout-flow\">\n<div class=\"wp-block-group is-layout-constrained wp-container-core-group-is-layout-02240bab wp-block-group-is-layout-constrained\" style=\"padding-right:15px;padding-left:15px\">\n<h1 class=\"wp-block-heading has-white-color has-text-color has-h-2-font-size\" style=\"margin-top:0px;margin-right:0px;margin-bottom:0px;margin-left:0px;font-style:normal;font-weight:300\">BUREAU \u00c0 DOMICILE<\/h1>\n<\/div>\n<\/div><\/div>\n\n\n\n<div class=\"wp-block-group is-layout-constrained wp-container-core-group-is-layout-5d732691 wp-block-group-is-layout-constrained\" style=\"padding-top:60px;padding-right:15px;padding-bottom:60px;padding-left:15px\">\n<h2 class=\"wp-block-heading has-text-align-center has-text-grey-color has-text-color has-h-2-font-size\" style=\"margin-top:0px;margin-right:0px;margin-bottom:0px;margin-left:0px;font-style:normal;font-weight:300;text-transform:uppercase\">BUREAUX \u00c0 DOMICILE PERSONNALIS\u00c9S<\/h2>\n\n\n\n<p class=\"has-text-align-center has-text-light-grey-color has-text-color has-paragraphs-2-font-size\" style=\"letter-spacing:1px;line-height:1.3\">Que vous souhaitiez travailler \u00e0 domicile, vous d\u00e9tendre devant la t\u00e9l\u00e9vision ou accueillir un invit\u00e9, votre espace personnel doit \u00eatre le reflet de qui vous \u00eates. D\u00e9couvrez nos solutions sur mesure et laissez-nous personnaliser votre espace selon votre style. <\/p>\n<\/div>\n\n\n<div class=\"gb-grid-wrapper gb-grid-wrapper-994a9b82 fancy-class\">\n<div class=\"gb-grid-column gb-grid-column-8c9b5b05\"><div class=\"gb-container gb-container-8c9b5b05\"><div class=\"gb-inside-container\">\n\n<figure class=\"wp-block-image size-full\"><a href=\"https:\/\/www.stildesign.ca\/wp-content\/uploads\/2022\/08\/home-office-4.jpeg\"><img loading=\"lazy\" decoding=\"async\" width=\"1000\" height=\"667\" src=\"https:\/\/www.stildesign.ca\/wp-content\/uploads\/2022\/08\/home-office-4.jpeg\" alt=\"\" class=\"wp-image-419\" srcset=\"https:\/\/www.stildesign.ca\/wp-content\/uploads\/2022\/08\/home-office-4.jpeg 1000w, https:\/\/www.stildesign.ca\/wp-content\/uploads\/2022\/08\/home-office-4-300x200.jpeg 300w, https:\/\/www.stildesign.ca\/wp-content\/uploads\/2022\/08\/home-office-4-768x512.jpeg 768w\" sizes=\"auto, (max-width: 1000px) 100vw, 1000px\" \/><\/a><\/figure>\n\n<\/div><\/div><\/div>\n\n<div class=\"gb-grid-column gb-grid-column-41a579ae\"><div class=\"gb-container gb-container-41a579ae\"><div class=\"gb-inside-container\">\n\n<figure class=\"wp-block-image size-full\"><a href=\"https:\/\/www.stildesign.ca\/wp-content\/uploads\/2022\/08\/home-office-5.jpeg\"><img loading=\"lazy\" decoding=\"async\" width=\"1000\" height=\"667\" src=\"https:\/\/www.stildesign.ca\/wp-content\/uploads\/2022\/08\/home-office-5.jpeg\" alt=\"\" class=\"wp-image-420\" srcset=\"https:\/\/www.stildesign.ca\/wp-content\/uploads\/2022\/08\/home-office-5.jpeg 1000w, https:\/\/www.stildesign.ca\/wp-content\/uploads\/2022\/08\/home-office-5-300x200.jpeg 300w, https:\/\/www.stildesign.ca\/wp-content\/uploads\/2022\/08\/home-office-5-768x512.jpeg 768w\" sizes=\"auto, (max-width: 1000px) 100vw, 1000px\" \/><\/a><\/figure>\n\n<\/div><\/div><\/div>\n\n<div class=\"gb-grid-column gb-grid-column-088b22e6\"><div class=\"gb-container gb-container-088b22e6\"><div class=\"gb-inside-container\">\n\n<figure class=\"wp-block-image size-full\"><a href=\"https:\/\/www.stildesign.ca\/wp-content\/uploads\/2022\/08\/home-office-6.jpeg\"><img loading=\"lazy\" decoding=\"async\" width=\"1000\" height=\"667\" src=\"https:\/\/www.stildesign.ca\/wp-content\/uploads\/2022\/08\/home-office-6.jpeg\" alt=\"\" class=\"wp-image-421\" srcset=\"https:\/\/www.stildesign.ca\/wp-content\/uploads\/2022\/08\/home-office-6.jpeg 1000w, https:\/\/www.stildesign.ca\/wp-content\/uploads\/2022\/08\/home-office-6-300x200.jpeg 300w, https:\/\/www.stildesign.ca\/wp-content\/uploads\/2022\/08\/home-office-6-768x512.jpeg 768w\" sizes=\"auto, (max-width: 1000px) 100vw, 1000px\" \/><\/a><\/figure>\n\n<\/div><\/div><\/div>\n\n<div class=\"gb-grid-column gb-grid-column-2c70202b\"><div class=\"gb-container gb-container-2c70202b\"><div class=\"gb-inside-container\">\n\n<figure class=\"wp-block-image size-full\"><a href=\"https:\/\/www.stildesign.ca\/wp-content\/uploads\/2022\/08\/home-office-1.jpeg\"><img loading=\"lazy\" decoding=\"async\" width=\"805\" height=\"537\" src=\"https:\/\/www.stildesign.ca\/wp-content\/uploads\/2022\/08\/home-office-1.jpeg\" alt=\"\" class=\"wp-image-422\" srcset=\"https:\/\/www.stildesign.ca\/wp-content\/uploads\/2022\/08\/home-office-1.jpeg 805w, https:\/\/www.stildesign.ca\/wp-content\/uploads\/2022\/08\/home-office-1-300x200.jpeg 300w, https:\/\/www.stildesign.ca\/wp-content\/uploads\/2022\/08\/home-office-1-768x512.jpeg 768w\" sizes=\"auto, (max-width: 805px) 100vw, 805px\" \/><\/a><\/figure>\n\n<\/div><\/div><\/div>\n\n<div class=\"gb-grid-column gb-grid-column-7fb61e95\"><div class=\"gb-container gb-container-7fb61e95\"><div class=\"gb-inside-container\">\n\n<figure class=\"wp-block-image size-full\"><a href=\"https:\/\/www.stildesign.ca\/wp-content\/uploads\/2022\/08\/home-office-2.jpeg\"><img loading=\"lazy\" decoding=\"async\" width=\"805\" height=\"537\" src=\"https:\/\/www.stildesign.ca\/wp-content\/uploads\/2022\/08\/home-office-2.jpeg\" alt=\"\" class=\"wp-image-423\" srcset=\"https:\/\/www.stildesign.ca\/wp-content\/uploads\/2022\/08\/home-office-2.jpeg 805w, https:\/\/www.stildesign.ca\/wp-content\/uploads\/2022\/08\/home-office-2-300x200.jpeg 300w, https:\/\/www.stildesign.ca\/wp-content\/uploads\/2022\/08\/home-office-2-768x512.jpeg 768w\" sizes=\"auto, (max-width: 805px) 100vw, 805px\" \/><\/a><\/figure>\n\n<\/div><\/div><\/div>\n\n<div class=\"gb-grid-column gb-grid-column-8a7aa941\"><div class=\"gb-container gb-container-8a7aa941\"><div class=\"gb-inside-container\">\n\n<figure class=\"wp-block-image size-full\"><a href=\"https:\/\/www.stildesign.ca\/wp-content\/uploads\/2022\/08\/home-office-3-1.jpeg\"><img loading=\"lazy\" decoding=\"async\" width=\"805\" height=\"537\" src=\"https:\/\/www.stildesign.ca\/wp-content\/uploads\/2022\/08\/home-office-3-1.jpeg\" alt=\"\" class=\"wp-image-424\" srcset=\"https:\/\/www.stildesign.ca\/wp-content\/uploads\/2022\/08\/home-office-3-1.jpeg 805w, https:\/\/www.stildesign.ca\/wp-content\/uploads\/2022\/08\/home-office-3-1-300x200.jpeg 300w, https:\/\/www.stildesign.ca\/wp-content\/uploads\/2022\/08\/home-office-3-1-768x512.jpeg 768w\" sizes=\"auto, (max-width: 805px) 100vw, 805px\" \/><\/a><\/figure>\n\n<\/div><\/div><\/div>\n<\/div><\/div>\n","protected":false},"excerpt":{"rendered":"<p>BUREAUX \u00c0 DOMICILE PERSONNALIS\u00c9S Que vous souhaitiez travailler \u00e0 domicile, vous d\u00e9tendre devant la t\u00e9l\u00e9vision ou accueillir un invit\u00e9, votre espace personnel doit \u00eatre le reflet de qui vous \u00eates. D\u00e9couvrez nos solutions sur mesure et laissez-nous personnaliser votre espace selon votre style.<\/p>\n","protected":false},"author":2,"featured_media":0,"parent":1111,"menu_order":3,"comment_status":"closed","ping_status":"closed","template":"page-footer2","meta":{"footnotes":""},"class_list":["post-1134","page","type-page","status-publish","hentry"],"yoast_head":"<!-- This site is optimized with the Yoast SEO plugin v27.2 - https:\/\/yoast.com\/product\/yoast-seo-wordpress\/ -->\n<title>Conception de Bureaux \u00e0 Domicile Personnalis\u00e9s | STIL Design<\/title>\n<meta name=\"description\" content=\"Transformez votre espace de travail avec les bureaux \u00e0 domicile sur mesure de STIL Design. D\u00e9couvrez nos solutions personnalis\u00e9es qui allient fonctionnalit\u00e9 et style pour cr\u00e9er un environnement de travail inspirant. Contactez-nous pour une consultation gratuite et commencez \u00e0 concevoir votre bureau id\u00e9al.\" \/>\n<meta name=\"robots\" content=\"index, follow, max-snippet:-1, max-image-preview:large, max-video-preview:-1\" \/>\n<link rel=\"canonical\" href=\"https:\/\/www.stildesign.ca\/fr\/projets\/conception-de-bureau-a-domicile\/\" \/>\n<meta property=\"og:locale\" content=\"fr_FR\" \/>\n<meta property=\"og:type\" content=\"article\" \/>\n<meta property=\"og:title\" content=\"Conception de Bureaux \u00e0 Domicile Personnalis\u00e9s | STIL Design\" \/>\n<meta property=\"og:description\" content=\"Transformez votre espace de travail avec les bureaux \u00e0 domicile sur mesure de STIL Design. D\u00e9couvrez nos solutions personnalis\u00e9es qui allient fonctionnalit\u00e9 et style pour cr\u00e9er un environnement de travail inspirant. Contactez-nous pour une consultation gratuite et commencez \u00e0 concevoir votre bureau id\u00e9al.\" \/>\n<meta property=\"og:url\" content=\"https:\/\/www.stildesign.ca\/fr\/projets\/conception-de-bureau-a-domicile\/\" \/>\n<meta property=\"og:site_name\" content=\"STIL Design\" \/>\n<meta property=\"article:publisher\" content=\"https:\/\/www.facebook.com\/STILDESIGN\/\" \/>\n<meta property=\"article:modified_time\" content=\"2025-07-25T18:07:54+00:00\" \/>\n<meta property=\"og:image\" content=\"https:\/\/www.stildesign.ca\/wp-content\/uploads\/2022\/08\/Untitled-1.jpeg\" \/>\n\t<meta property=\"og:image:width\" content=\"2048\" \/>\n\t<meta property=\"og:image:height\" content=\"804\" \/>\n\t<meta property=\"og:image:type\" content=\"image\/jpeg\" \/>\n<meta name=\"twitter:card\" content=\"summary_large_image\" \/>\n<meta name=\"twitter:label1\" content=\"Dur\u00e9e de lecture estim\u00e9e\" \/>\n\t<meta name=\"twitter:data1\" content=\"2 minutes\" \/>\n<script type=\"application\/ld+json\" class=\"yoast-schema-graph\">{\"@context\":\"https:\/\/schema.org\",\"@graph\":[{\"@type\":\"WebPage\",\"@id\":\"https:\/\/www.stildesign.ca\/fr\/projets\/conception-de-bureau-a-domicile\/\",\"url\":\"https:\/\/www.stildesign.ca\/fr\/projets\/conception-de-bureau-a-domicile\/\",\"name\":\"Conception de Bureaux \u00e0 Domicile Personnalis\u00e9s | STIL Design\",\"isPartOf\":{\"@id\":\"https:\/\/www.stildesign.ca\/fr\/#website\"},\"primaryImageOfPage\":{\"@id\":\"https:\/\/www.stildesign.ca\/fr\/projets\/conception-de-bureau-a-domicile\/#primaryimage\"},\"image\":{\"@id\":\"https:\/\/www.stildesign.ca\/fr\/projets\/conception-de-bureau-a-domicile\/#primaryimage\"},\"thumbnailUrl\":\"https:\/\/www.stildesign.ca\/wp-content\/uploads\/2022\/08\/Untitled-1.jpeg\",\"datePublished\":\"2022-08-15T19:06:43+00:00\",\"dateModified\":\"2025-07-25T18:07:54+00:00\",\"description\":\"Transformez votre espace de travail avec les bureaux \u00e0 domicile sur mesure de STIL Design. D\u00e9couvrez nos solutions personnalis\u00e9es qui allient fonctionnalit\u00e9 et style pour cr\u00e9er un environnement de travail inspirant. Contactez-nous pour une consultation gratuite et commencez \u00e0 concevoir votre bureau id\u00e9al.\",\"breadcrumb\":{\"@id\":\"https:\/\/www.stildesign.ca\/fr\/projets\/conception-de-bureau-a-domicile\/#breadcrumb\"},\"inLanguage\":\"fr-FR\",\"potentialAction\":[{\"@type\":\"ReadAction\",\"target\":[\"https:\/\/www.stildesign.ca\/fr\/projets\/conception-de-bureau-a-domicile\/\"]}]},{\"@type\":\"ImageObject\",\"inLanguage\":\"fr-FR\",\"@id\":\"https:\/\/www.stildesign.ca\/fr\/projets\/conception-de-bureau-a-domicile\/#primaryimage\",\"url\":\"https:\/\/www.stildesign.ca\/wp-content\/uploads\/2022\/08\/Untitled-1.jpeg\",\"contentUrl\":\"https:\/\/www.stildesign.ca\/wp-content\/uploads\/2022\/08\/Untitled-1.jpeg\"},{\"@type\":\"BreadcrumbList\",\"@id\":\"https:\/\/www.stildesign.ca\/fr\/projets\/conception-de-bureau-a-domicile\/#breadcrumb\",\"itemListElement\":[{\"@type\":\"ListItem\",\"position\":1,\"name\":\"Home\",\"item\":\"https:\/\/www.stildesign.ca\/fr\/\"},{\"@type\":\"ListItem\",\"position\":2,\"name\":\"PROJETS\",\"item\":\"https:\/\/www.stildesign.ca\/fr\/projets\/\"},{\"@type\":\"ListItem\",\"position\":3,\"name\":\"Conception de bureau \u00e0 domicile\"}]},{\"@type\":\"WebSite\",\"@id\":\"https:\/\/www.stildesign.ca\/fr\/#website\",\"url\":\"https:\/\/www.stildesign.ca\/fr\/\",\"name\":\"STIL Design\",\"description\":\"Premium Custom Storage Solutions Montreal\",\"publisher\":{\"@id\":\"https:\/\/www.stildesign.ca\/fr\/#organization\"},\"potentialAction\":[{\"@type\":\"SearchAction\",\"target\":{\"@type\":\"EntryPoint\",\"urlTemplate\":\"https:\/\/www.stildesign.ca\/fr\/?s={search_term_string}\"},\"query-input\":{\"@type\":\"PropertyValueSpecification\",\"valueRequired\":true,\"valueName\":\"search_term_string\"}}],\"inLanguage\":\"fr-FR\"},{\"@type\":\"Organization\",\"@id\":\"https:\/\/www.stildesign.ca\/fr\/#organization\",\"name\":\"STIL Design\",\"url\":\"https:\/\/www.stildesign.ca\/fr\/\",\"logo\":{\"@type\":\"ImageObject\",\"inLanguage\":\"fr-FR\",\"@id\":\"https:\/\/www.stildesign.ca\/fr\/#\/schema\/logo\/image\/\",\"url\":\"https:\/\/www.stildesign.ca\/wp-content\/uploads\/2024\/07\/stil-logo-web-ca.jpg\",\"contentUrl\":\"https:\/\/www.stildesign.ca\/wp-content\/uploads\/2024\/07\/stil-logo-web-ca.jpg\",\"width\":690,\"height\":690,\"caption\":\"STIL Design\"},\"image\":{\"@id\":\"https:\/\/www.stildesign.ca\/fr\/#\/schema\/logo\/image\/\"},\"sameAs\":[\"https:\/\/www.facebook.com\/STILDESIGN\/\"]}]}<\/script>\n<!-- \/ Yoast SEO plugin. -->","yoast_head_json":{"title":"Conception de Bureaux \u00e0 Domicile Personnalis\u00e9s | STIL Design","description":"Transformez votre espace de travail avec les bureaux \u00e0 domicile sur mesure de STIL Design. D\u00e9couvrez nos solutions personnalis\u00e9es qui allient fonctionnalit\u00e9 et style pour cr\u00e9er un environnement de travail inspirant. Contactez-nous pour une consultation gratuite et commencez \u00e0 concevoir votre bureau id\u00e9al.","robots":{"index":"index","follow":"follow","max-snippet":"max-snippet:-1","max-image-preview":"max-image-preview:large","max-video-preview":"max-video-preview:-1"},"canonical":"https:\/\/www.stildesign.ca\/fr\/projets\/conception-de-bureau-a-domicile\/","og_locale":"fr_FR","og_type":"article","og_title":"Conception de Bureaux \u00e0 Domicile Personnalis\u00e9s | STIL Design","og_description":"Transformez votre espace de travail avec les bureaux \u00e0 domicile sur mesure de STIL Design. D\u00e9couvrez nos solutions personnalis\u00e9es qui allient fonctionnalit\u00e9 et style pour cr\u00e9er un environnement de travail inspirant. Contactez-nous pour une consultation gratuite et commencez \u00e0 concevoir votre bureau id\u00e9al.","og_url":"https:\/\/www.stildesign.ca\/fr\/projets\/conception-de-bureau-a-domicile\/","og_site_name":"STIL Design","article_publisher":"https:\/\/www.facebook.com\/STILDESIGN\/","article_modified_time":"2025-07-25T18:07:54+00:00","og_image":[{"width":2048,"height":804,"url":"https:\/\/www.stildesign.ca\/wp-content\/uploads\/2022\/08\/Untitled-1.jpeg","type":"image\/jpeg"}],"twitter_card":"summary_large_image","twitter_misc":{"Dur\u00e9e de lecture estim\u00e9e":"2 minutes"},"schema":{"@context":"https:\/\/schema.org","@graph":[{"@type":"WebPage","@id":"https:\/\/www.stildesign.ca\/fr\/projets\/conception-de-bureau-a-domicile\/","url":"https:\/\/www.stildesign.ca\/fr\/projets\/conception-de-bureau-a-domicile\/","name":"Conception de Bureaux \u00e0 Domicile Personnalis\u00e9s | STIL Design","isPartOf":{"@id":"https:\/\/www.stildesign.ca\/fr\/#website"},"primaryImageOfPage":{"@id":"https:\/\/www.stildesign.ca\/fr\/projets\/conception-de-bureau-a-domicile\/#primaryimage"},"image":{"@id":"https:\/\/www.stildesign.ca\/fr\/projets\/conception-de-bureau-a-domicile\/#primaryimage"},"thumbnailUrl":"https:\/\/www.stildesign.ca\/wp-content\/uploads\/2022\/08\/Untitled-1.jpeg","datePublished":"2022-08-15T19:06:43+00:00","dateModified":"2025-07-25T18:07:54+00:00","description":"Transformez votre espace de travail avec les bureaux \u00e0 domicile sur mesure de STIL Design. D\u00e9couvrez nos solutions personnalis\u00e9es qui allient fonctionnalit\u00e9 et style pour cr\u00e9er un environnement de travail inspirant. Contactez-nous pour une consultation gratuite et commencez \u00e0 concevoir votre bureau id\u00e9al.","breadcrumb":{"@id":"https:\/\/www.stildesign.ca\/fr\/projets\/conception-de-bureau-a-domicile\/#breadcrumb"},"inLanguage":"fr-FR","potentialAction":[{"@type":"ReadAction","target":["https:\/\/www.stildesign.ca\/fr\/projets\/conception-de-bureau-a-domicile\/"]}]},{"@type":"ImageObject","inLanguage":"fr-FR","@id":"https:\/\/www.stildesign.ca\/fr\/projets\/conception-de-bureau-a-domicile\/#primaryimage","url":"https:\/\/www.stildesign.ca\/wp-content\/uploads\/2022\/08\/Untitled-1.jpeg","contentUrl":"https:\/\/www.stildesign.ca\/wp-content\/uploads\/2022\/08\/Untitled-1.jpeg"},{"@type":"BreadcrumbList","@id":"https:\/\/www.stildesign.ca\/fr\/projets\/conception-de-bureau-a-domicile\/#breadcrumb","itemListElement":[{"@type":"ListItem","position":1,"name":"Home","item":"https:\/\/www.stildesign.ca\/fr\/"},{"@type":"ListItem","position":2,"name":"PROJETS","item":"https:\/\/www.stildesign.ca\/fr\/projets\/"},{"@type":"ListItem","position":3,"name":"Conception de bureau \u00e0 domicile"}]},{"@type":"WebSite","@id":"https:\/\/www.stildesign.ca\/fr\/#website","url":"https:\/\/www.stildesign.ca\/fr\/","name":"STIL Design","description":"Premium Custom Storage Solutions Montreal","publisher":{"@id":"https:\/\/www.stildesign.ca\/fr\/#organization"},"potentialAction":[{"@type":"SearchAction","target":{"@type":"EntryPoint","urlTemplate":"https:\/\/www.stildesign.ca\/fr\/?s={search_term_string}"},"query-input":{"@type":"PropertyValueSpecification","valueRequired":true,"valueName":"search_term_string"}}],"inLanguage":"fr-FR"},{"@type":"Organization","@id":"https:\/\/www.stildesign.ca\/fr\/#organization","name":"STIL Design","url":"https:\/\/www.stildesign.ca\/fr\/","logo":{"@type":"ImageObject","inLanguage":"fr-FR","@id":"https:\/\/www.stildesign.ca\/fr\/#\/schema\/logo\/image\/","url":"https:\/\/www.stildesign.ca\/wp-content\/uploads\/2024\/07\/stil-logo-web-ca.jpg","contentUrl":"https:\/\/www.stildesign.ca\/wp-content\/uploads\/2024\/07\/stil-logo-web-ca.jpg","width":690,"height":690,"caption":"STIL Design"},"image":{"@id":"https:\/\/www.stildesign.ca\/fr\/#\/schema\/logo\/image\/"},"sameAs":["https:\/\/www.facebook.com\/STILDESIGN\/"]}]}},"_links":{"self":[{"href":"https:\/\/www.stildesign.ca\/fr\/wp-json\/wp\/v2\/pages\/1134","targetHints":{"allow":["GET"]}}],"collection":[{"href":"https:\/\/www.stildesign.ca\/fr\/wp-json\/wp\/v2\/pages"}],"about":[{"href":"https:\/\/www.stildesign.ca\/fr\/wp-json\/wp\/v2\/types\/page"}],"author":[{"embeddable":true,"href":"https:\/\/www.stildesign.ca\/fr\/wp-json\/wp\/v2\/users\/2"}],"replies":[{"embeddable":true,"href":"https:\/\/www.stildesign.ca\/fr\/wp-json\/wp\/v2\/comments?post=1134"}],"version-history":[{"count":6,"href":"https:\/\/www.stildesign.ca\/fr\/wp-json\/wp\/v2\/pages\/1134\/revisions"}],"predecessor-version":[{"id":2028,"href":"https:\/\/www.stildesign.ca\/fr\/wp-json\/wp\/v2\/pages\/1134\/revisions\/2028"}],"up":[{"embeddable":true,"href":"https:\/\/www.stildesign.ca\/fr\/wp-json\/wp\/v2\/pages\/1111"}],"wp:attachment":[{"href":"https:\/\/www.stildesign.ca\/fr\/wp-json\/wp\/v2\/media?parent=1134"}],"curies":[{"name":"wp","href":"https:\/\/api.w.org\/{rel}","templated":true}]}}