{"id":1127,"date":"2022-08-08T17:26:06","date_gmt":"2022-08-08T21:26:06","guid":{"rendered":"https:\/\/www.stildesign.ca\/contactez-nous\/"},"modified":"2025-07-25T14:01:38","modified_gmt":"2025-07-25T18:01:38","slug":"contactez-nous","status":"publish","type":"page","link":"https:\/\/www.stildesign.ca\/fr\/contactez-nous\/","title":{"rendered":"Contactez-nous"},"content":{"rendered":"\n<div class=\"wp-block-group is-layout-flow wp-container-core-group-is-layout-47e5a185 wp-block-group-is-layout-flow\"><div class=\"gb-container gb-container-004d1951\"><div class=\"gb-inside-container\">\n\n<div class=\"wp-block-columns is-layout-flex wp-container-core-columns-is-layout-114a0905 wp-block-columns-is-layout-flex\">\n<div class=\"wp-block-column is-layout-flow wp-block-column-is-layout-flow\">\n<div class=\"wp-block-group is-layout-flow wp-container-core-group-is-layout-47e5a185 wp-block-group-is-layout-flow\">\n<h1 class=\"wp-block-heading has-text-align-center has-text-grey-color has-text-color has-h-2-font-size\" style=\"margin-top:0px;margin-right:0px;margin-bottom:0px;margin-left:0px;font-style:normal;font-weight:300;text-transform:uppercase\">CONSULTATION GRATUITE<\/h1>\n\n\n\n<p class=\"has-text-align-center has-paragraphs-2-font-size\" style=\"letter-spacing:1px;line-height:1.3\"><strong>Nos designers offrent des consultations gratuites en ligne<\/strong><\/p>\n<\/div>\n\n\n<div class=\"gb-container gb-container-040c12e2\">\n<div class=\"frm_forms  with_frm_style frm_style_formidable-style\" id=\"frm_form_1_container\" data-token=\"29c87e6fc8d1fbfce7b1f530c52792b2\">\n<form enctype=\"multipart\/form-data\" method=\"post\" class=\"frm-show-form  frm_pro_form \" id=\"form_freeconsultation\" data-token=\"29c87e6fc8d1fbfce7b1f530c52792b2\">\n<div class=\"frm_form_fields \">\n<fieldset>\n<legend class=\"frm_screen_reader\">Consultation gratuite<\/legend>\r\n\r\n<div class=\"frm_fields_container\">\n<input type=\"hidden\" name=\"frm_action\" value=\"create\" \/>\n<input type=\"hidden\" name=\"form_id\" value=\"1\" \/>\n<input type=\"hidden\" name=\"frm_hide_fields_1\" id=\"frm_hide_fields_1\" value=\"\" \/>\n<input type=\"hidden\" name=\"form_key\" value=\"freeconsultation\" \/>\n<input type=\"hidden\" name=\"item_meta[0]\" value=\"\" \/>\n<input type=\"hidden\" id=\"frm_submit_entry_1\" name=\"frm_submit_entry_1\" value=\"1bf72c3d1a\" \/><input type=\"hidden\" name=\"_wp_http_referer\" value=\"\/fr\/wp-json\/wp\/v2\/pages\/1127\" \/><div id=\"frm_field_13_container\" class=\"frm_form_field form-field  frm_required_field frm_top_container frm6 frm_first\">\r\n    <label for=\"field_dtcvw\" id=\"field_dtcvw_label\" class=\"frm_primary_label\">Pr\u00e9nom\r\n        <span class=\"frm_required\" aria-hidden=\"true\">*<\/span>\r\n    <\/label>\r\n    <input  type=\"text\" id=\"field_dtcvw\" name=\"item_meta[13]\" value=\"\"  data-reqmsg=\"Ce champ est n\u00e9cessaire\" aria-required=\"true\" data-invmsg=\"Text is invalid\" aria-invalid=\"false\"   \/>\r\n    \r\n    \r\n<\/div>\n<div id=\"frm_field_15_container\" class=\"frm_form_field form-field  frm_required_field frm_top_container frm6\">\r\n    <label for=\"field_5a3tu\" id=\"field_5a3tu_label\" class=\"frm_primary_label\">Nom de famille\r\n        <span class=\"frm_required\" aria-hidden=\"true\">*<\/span>\r\n    <\/label>\r\n    <input  type=\"text\" id=\"field_5a3tu\" name=\"item_meta[15]\" value=\"\"  data-reqmsg=\"Ce champ est n\u00e9cessaire\" aria-required=\"true\" data-invmsg=\"Text is invalid\" aria-invalid=\"false\"   \/>\r\n    \r\n    \r\n<\/div>\n<div id=\"frm_field_18_container\" class=\"frm_form_field  frm12 frm_first frm_html_container form-field\">\n<p>Veuillez renseigner l&rsquo;adresse d&rsquo;installation ci-dessous<\/p>\n<\/div>\n<div id=\"frm_field_2_container\" class=\"frm_form_field form-field  frm_required_field frm_top_container frm6 frm_first\">\r\n    <label for=\"field_31x8q\" id=\"field_31x8q_label\" class=\"frm_primary_label\">Adresse\r\n        <span class=\"frm_required\" aria-hidden=\"true\">*<\/span>\r\n    <\/label>\r\n    <input  type=\"text\" id=\"field_31x8q\" name=\"item_meta[2]\" value=\"\"  data-reqmsg=\"Ce champ ne peut \u00eatre vide.\" aria-required=\"true\" data-invmsg=\"Text is invalid\" aria-invalid=\"false\"   \/>\r\n    \r\n    \r\n<\/div>\n<div id=\"frm_field_3_container\" class=\"frm_form_field form-field  frm_required_field frm_top_container frm6\">\r\n    <label for=\"field_iiw98\" id=\"field_iiw98_label\" class=\"frm_primary_label\">Ville\r\n        <span class=\"frm_required\" aria-hidden=\"true\">*<\/span>\r\n    <\/label>\r\n    <input  type=\"text\" id=\"field_iiw98\" name=\"item_meta[3]\" value=\"\"  data-reqmsg=\"Ce champ ne peut \u00eatre vide.\" aria-required=\"true\" data-invmsg=\"Text is invalid\" aria-invalid=\"false\"   \/>\r\n    \r\n    \r\n<\/div>\n<div id=\"frm_field_4_container\" class=\"frm_form_field form-field  frm_required_field frm_top_container frm6 frm_first\">\r\n    <label for=\"field_nfgxg\" id=\"field_nfgxg_label\" class=\"frm_primary_label\">Province\r\n        <span class=\"frm_required\" aria-hidden=\"true\">*<\/span>\r\n    <\/label>\r\n    <input  type=\"text\" id=\"field_nfgxg\" name=\"item_meta[4]\" value=\"\"  data-reqmsg=\"Ce champ ne peut \u00eatre vide.\" aria-required=\"true\" data-invmsg=\"Text is invalid\" aria-invalid=\"false\"   \/>\r\n    \r\n    \r\n<\/div>\n<div id=\"frm_field_5_container\" class=\"frm_form_field form-field  frm_required_field frm_top_container frm6\">\r\n    <label for=\"field_bqyto\" id=\"field_bqyto_label\" class=\"frm_primary_label\">Code postal\r\n        <span class=\"frm_required\" aria-hidden=\"true\">*<\/span>\r\n    <\/label>\r\n    <input  type=\"text\" id=\"field_bqyto\" name=\"item_meta[5]\" value=\"\"  data-reqmsg=\"Ce champ ne peut \u00eatre vide.\" aria-required=\"true\" data-invmsg=\"Text is invalid\" aria-invalid=\"false\"   \/>\r\n    \r\n    \r\n<\/div>\n<div id=\"frm_field_6_container\" class=\"frm_form_field form-field  frm_required_field frm_top_container frm6 frm_first\">\r\n    <label for=\"field_a5oy\" id=\"field_a5oy_label\" class=\"frm_primary_label\">Courriel\r\n        <span class=\"frm_required\" aria-hidden=\"true\">*<\/span>\r\n    <\/label>\r\n    <input type=\"email\" id=\"field_a5oy\" name=\"item_meta[6]\" value=\"\"  data-reqmsg=\"Courriel cannot be blank.\" aria-required=\"true\" data-invmsg=\"Le courriel est invalide\" aria-invalid=\"false\"  \/>\r\n    \r\n    \r\n<\/div>\n<div id=\"frm_field_7_container\" class=\"frm_form_field form-field  frm_required_field frm_top_container frm6\">\r\n    <label for=\"field_czmnm\" id=\"field_czmnm_label\" class=\"frm_primary_label\">T\u00e9l\u00e9phone\r\n        <span class=\"frm_required\" aria-hidden=\"true\">*<\/span>\r\n    <\/label>\r\n    <input type=\"tel\" id=\"field_czmnm\" name=\"item_meta[7]\" value=\"\"  data-reqmsg=\"T\u00e9l\u00e9phone cannot be blank.\" aria-required=\"true\" data-invmsg=\"Le num\u00e9ro de t\u00e9l\u00e9phone est invalide\" aria-invalid=\"false\" pattern=\"((\\+\\d{1,3}(-|.| )?\\(?\\d\\)?(-| |.)?\\d{1,5})|(\\(?\\d{2,6}\\)?))(-|.| )?(\\d{3,4})(-|.| )?(\\d{4})(( x| ext)\\d{1,5}){0,1}$\"  \/>\r\n    \r\n    \r\n<\/div>\n<div id=\"frm_field_12_container\" class=\"frm_form_field form-field  frm_required_field frm_top_container frm12 frm_first\">\r\n    <label for=\"field_m3soe\" id=\"field_m3soe_label\" class=\"frm_primary_label\">Veuillez entrer votre (vos) domaine(s) d&rsquo;int\u00e9r\u00eat\r\n        <span class=\"frm_required\" aria-hidden=\"true\">*<\/span>\r\n    <\/label>\r\n    <textarea name=\"item_meta[12]\" id=\"field_m3soe\" rows=\"5\"  placeholder=\"Garde-robe, lit mural, etc.\" data-reqmsg=\"Ce champ ne peut \u00eatre vide.\" aria-required=\"true\" data-invmsg=\"Please enter your area(s) of interest is invalid\" aria-invalid=\"false\"  ><\/textarea>\r\n    \r\n    \r\n<\/div>\n<div id=\"frm_field_11_container\" class=\"frm_form_field form-field  frm_required_field frm_top_container frm12 frm_first frm_half\">\r\n    <label for=\"field_6kzxa\" id=\"field_6kzxa_label\" class=\"frm_primary_label\">Comment avez-vous entendu parler de nous?\r\n        <span class=\"frm_required\" aria-hidden=\"true\">*<\/span>\r\n    <\/label>\r\n    \t\t<select name=\"item_meta[11]\" id=\"field_6kzxa\"  data-reqmsg=\"Ce champ ne peut \u00eatre vide.\" aria-required=\"true\" data-invmsg=\"Comment avez-vous entendu parler de nous? is invalid\" aria-invalid=\"false\"  >\n\t\t<option  value=\"Please Select\">Veuillez s\u00e9lectionner<\/option><option  value=\"Internet\">l&#039;Internet<\/option><option  value=\"Referred by a Friend\">Recommand\u00e9 par un ami<\/option><option  value=\"Returning Client\">Client r\u00e9current<\/option><option  value=\"Social Media\">M\u00e9dia social<\/option><option  value=\"Designer\/Organizer\">Concepteur\/Organisateur<\/option><option  value=\"STIL Design Vehicle\">V\u00e9hicule de STIL Design<\/option><option  value=\"Other\">Autre<\/option>\t<\/select>\n\t\r\n    \r\n    \r\n<\/div>\n<div id=\"frm_field_20_container\" class=\"frm_form_field form-field  frm_top_container frm12 frm_first frm_half\">\r\n    <label for=\"field_q6qu\" id=\"field_q6qu_label\" class=\"frm_primary_label\">Langue de communication pr\u00e9f\u00e9r\u00e9e\r\n        <span class=\"frm_required\" aria-hidden=\"true\"><\/span>\r\n    <\/label>\r\n    \t\t<select name=\"item_meta[20]\" id=\"field_q6qu\"  data-placeholder=\"Choisissez une langue\"  placeholder=\"Choisissez une langue\" data-invmsg=\"Langue de communication pr\u00e9f\u00e9r\u00e9e is invalid\" aria-invalid=\"false\"  >\n\t\t<option  class=\"frm-select-placeholder\" value=\"\" data-placeholder=\"true\">Choisissez une langue<\/option><option  value=\"en\">Anglais<\/option><option  value=\"fr\">Fran\u00e7ais<\/option>\t<\/select>\n\t\r\n    \r\n    \r\n<\/div>\n\t\t<input  type=\"hidden\" name=\"item_meta[19]\" id=\"field_6uuka\" value=\"fr\"  data-frmval=\"fr\"   \/>\n\t\t<div id=\"frm_field_22_container\" class=\"frm_form_field form-field  frm_none_container\">\n\t<label for=\"g-recaptcha-response\" id=\"field_ql8hi_label\" class=\"frm_primary_label\">Captcha\n\t\t<span class=\"frm_required\" aria-hidden=\"true\"><\/span>\n\t<\/label>\n\t<div  id=\"field_ql8hi\" class=\"frm-g-recaptcha\" data-sitekey=\"6LcHKmQrAAAAANfslSdDO1-4xozCaIF4Ue80qJyX\" data-size=\"normal\" data-theme=\"light\"><\/div>\n\t\n\t\n<\/div>\n<div id=\"frm_field_21_container\" class=\"frm_form_field form-field \">\r\n\t<div class=\"frm_submit\">\r\n\r\n<button class=\"frm_button_submit frm_final_submit\" type=\"submit\"   formnovalidate=\"formnovalidate\">Submit<\/button>\r\n\r\n\r\n<\/div>\r\n<\/div>\n\t<input type=\"hidden\" name=\"item_key\" value=\"\" \/>\n\t\t\t<div id=\"frm_field_23_container\">\n\t\t\t<label for=\"field_qxw9m\" >\n\t\t\t\tSi vous \u00eates un humain, ne remplissez pas ce champ.\t\t\t<\/label>\n\t\t\t<input  id=\"field_qxw9m\" type=\"text\" class=\"frm_form_field form-field frm_verify\" name=\"item_meta[23]\" value=\"\"  \/>\n\t\t<\/div>\n\t\t<input name=\"frm_state\" type=\"hidden\" value=\"LJcmuiBubQzTU8YcO1QHd2XVjg6y3jWZ7Q8u4CTwnzeG0iQtKWSgVD+oBchaKCqQ\" \/><\/div>\n<\/fieldset>\n<\/div>\n\n<\/form>\n<\/div>\n\n<\/div><\/div>\n\n\n\n<div class=\"wp-block-column is-layout-flow wp-block-column-is-layout-flow\">\n<div class=\"wp-block-group is-layout-flow wp-container-core-group-is-layout-5469e988 wp-block-group-is-layout-flow\">\n<div class=\"wp-block-group is-layout-flow wp-block-group-is-layout-flow\">\n<h3 class=\"wp-block-heading has-text-grey-color has-text-color has-h-3-font-size\" style=\"margin-top:0px;margin-right:0px;margin-bottom:0px;margin-left:0px;font-style:normal;font-weight:300\">Prenez rendez-vous pour nous rendre visite dans notre showroom.<\/h3>\n\n\n\n<p class=\"has-text-grey-color has-text-color has-paragraphs-2-font-size\" style=\"letter-spacing:1px;line-height:1.3\">Salle de Montre 870, Avenue Ellingham<br>Pointe-Claire, QC H9R 3S4<\/p>\n<\/div>\n\n\n\n<div class=\"wp-block-group is-layout-flow wp-block-group-is-layout-flow\">\n<h3 class=\"wp-block-heading has-text-grey-color has-text-color has-h-3-font-size\" style=\"margin-top:0px;margin-right:0px;margin-bottom:0px;margin-left:0px;font-style:normal;font-weight:300\">Nous sommes l\u00e0 pour vous aider!<\/h3>\n\n\n\n<p>T\u00e9l\u00e9phone: <mark style=\"background-color:rgba(0, 0, 0, 0)\" class=\"has-inline-color has-text-grey-color\"><a href=\"tel:5146973128\" target=\"_blank\" rel=\"noreferrer noopener\">514-697-3128<\/a><\/mark><br>Courriel: <a href=\"mailto:info@stildesign.ca\" target=\"_blank\" rel=\"noreferrer noopener\"><mark style=\"background-color:rgba(0, 0, 0, 0)\" class=\"has-inline-color has-orange-bg-color\">info@stildesign.ca<\/mark><\/a><\/p>\n<\/div>\n<\/div>\n<\/div>\n<\/div>\n\n<\/div><\/div>\n\n<div class=\"gb-container gb-container-55ce0c35\"><div class=\"gb-inside-container\">\n\n<iframe src=\"https:\/\/www.google.com\/maps\/embed?pb=!1m18!1m12!1m3!1d89540.70318725568!2d-73.88750470241155!3d45.466843138130905!2m3!1f0!2f0!3f0!3m2!1i1024!2i768!4f13.1!3m3!1m2!1s0x4cc93c6488f6435b%3A0xbb8fce63657fb9ac!2s870%20Rue%20Ellingham%2C%20Pointe-Claire%2C%20QC%20H9R%203S4!5e0!3m2!1sen!2sca!4v1660675808696!5m2!1sen!2sca\" width=\"100%\" height=\"500\" style=\"border:0;\" allowfullscreen=\"\" loading=\"lazy\" referrerpolicy=\"no-referrer-when-downgrade\"><\/iframe>\n\n<\/div><\/div><\/div>\n","protected":false},"excerpt":{"rendered":"<p>CONSULTATION GRATUITE Nos designers offrent des consultations gratuites en ligne Prenez rendez-vous pour nous rendre visite dans notre showroom. Salle de Montre 870, Avenue EllinghamPointe-Claire, QC H9R 3S4 Nous sommes l\u00e0 pour vous aider! T\u00e9l\u00e9phone: 514-697-3128Courriel: info@stildesign.ca<\/p>\n","protected":false},"author":2,"featured_media":0,"parent":0,"menu_order":4,"comment_status":"closed","ping_status":"closed","template":"page-footer-only-social","meta":{"footnotes":""},"class_list":["post-1127","page","type-page","status-publish","hentry"],"yoast_head":"<!-- This site is optimized with the Yoast SEO plugin v27.4 - https:\/\/yoast.com\/product\/yoast-seo-wordpress\/ -->\n<title>Contactez-nous | STIL Design<\/title>\n<meta name=\"description\" content=\"Contactez STIL Design pour des consultations gratuites en ligne avec nos designers experts en solutions de rangement personnalis\u00e9es. Visitez notre salle de montre sur rendez-vous \u00e0 Pointe-Claire, QC. Remplissez notre formulaire de contact ou appelez-nous au 514-497-3128 pour discuter de vos projets.\" \/>\n<meta name=\"robots\" content=\"index, follow, max-snippet:-1, max-image-preview:large, max-video-preview:-1\" \/>\n<link rel=\"canonical\" href=\"https:\/\/www.stildesign.ca\/fr\/contactez-nous\/\" \/>\n<meta property=\"og:locale\" content=\"fr_FR\" \/>\n<meta property=\"og:type\" content=\"article\" \/>\n<meta property=\"og:title\" content=\"Contactez-nous | STIL Design\" \/>\n<meta property=\"og:description\" content=\"Contactez STIL Design pour des consultations gratuites en ligne avec nos designers experts en solutions de rangement personnalis\u00e9es. Visitez notre salle de montre sur rendez-vous \u00e0 Pointe-Claire, QC. Remplissez notre formulaire de contact ou appelez-nous au 514-497-3128 pour discuter de vos projets.\" \/>\n<meta property=\"og:url\" content=\"https:\/\/www.stildesign.ca\/fr\/contactez-nous\/\" \/>\n<meta property=\"og:site_name\" content=\"STIL Design\" \/>\n<meta property=\"article:publisher\" content=\"https:\/\/www.facebook.com\/STILDESIGN\/\" \/>\n<meta property=\"article:modified_time\" content=\"2025-07-25T18:01:38+00:00\" \/>\n<meta property=\"og:image\" content=\"https:\/\/www.stildesign.ca\/wp-content\/uploads\/2024\/07\/STIL_metaimage.jpg\" \/>\n\t<meta property=\"og:image:width\" content=\"1200\" \/>\n\t<meta property=\"og:image:height\" content=\"675\" \/>\n\t<meta property=\"og:image:type\" content=\"image\/jpeg\" \/>\n<meta name=\"twitter:card\" content=\"summary_large_image\" \/>\n<meta name=\"twitter:label1\" content=\"Dur\u00e9e de lecture estim\u00e9e\" \/>\n\t<meta name=\"twitter:data1\" content=\"1 minute\" \/>\n<script type=\"application\/ld+json\" class=\"yoast-schema-graph\">{\"@context\":\"https:\\\/\\\/schema.org\",\"@graph\":[{\"@type\":\"WebPage\",\"@id\":\"https:\\\/\\\/www.stildesign.ca\\\/fr\\\/contactez-nous\\\/\",\"url\":\"https:\\\/\\\/www.stildesign.ca\\\/fr\\\/contactez-nous\\\/\",\"name\":\"Contactez-nous | STIL Design\",\"isPartOf\":{\"@id\":\"https:\\\/\\\/www.stildesign.ca\\\/fr\\\/#website\"},\"datePublished\":\"2022-08-08T21:26:06+00:00\",\"dateModified\":\"2025-07-25T18:01:38+00:00\",\"description\":\"Contactez STIL Design pour des consultations gratuites en ligne avec nos designers experts en solutions de rangement personnalis\u00e9es. Visitez notre salle de montre sur rendez-vous \u00e0 Pointe-Claire, QC. Remplissez notre formulaire de contact ou appelez-nous au 514-497-3128 pour discuter de vos projets.\",\"breadcrumb\":{\"@id\":\"https:\\\/\\\/www.stildesign.ca\\\/fr\\\/contactez-nous\\\/#breadcrumb\"},\"inLanguage\":\"fr-FR\",\"potentialAction\":[{\"@type\":\"ReadAction\",\"target\":[\"https:\\\/\\\/www.stildesign.ca\\\/fr\\\/contactez-nous\\\/\"]}]},{\"@type\":\"BreadcrumbList\",\"@id\":\"https:\\\/\\\/www.stildesign.ca\\\/fr\\\/contactez-nous\\\/#breadcrumb\",\"itemListElement\":[{\"@type\":\"ListItem\",\"position\":1,\"name\":\"Home\",\"item\":\"https:\\\/\\\/www.stildesign.ca\\\/fr\\\/\"},{\"@type\":\"ListItem\",\"position\":2,\"name\":\"Contactez-nous\"}]},{\"@type\":\"WebSite\",\"@id\":\"https:\\\/\\\/www.stildesign.ca\\\/fr\\\/#website\",\"url\":\"https:\\\/\\\/www.stildesign.ca\\\/fr\\\/\",\"name\":\"STIL Design\",\"description\":\"Premium Custom Storage Solutions Montreal\",\"publisher\":{\"@id\":\"https:\\\/\\\/www.stildesign.ca\\\/fr\\\/#organization\"},\"potentialAction\":[{\"@type\":\"SearchAction\",\"target\":{\"@type\":\"EntryPoint\",\"urlTemplate\":\"https:\\\/\\\/www.stildesign.ca\\\/fr\\\/?s={search_term_string}\"},\"query-input\":{\"@type\":\"PropertyValueSpecification\",\"valueRequired\":true,\"valueName\":\"search_term_string\"}}],\"inLanguage\":\"fr-FR\"},{\"@type\":\"Organization\",\"@id\":\"https:\\\/\\\/www.stildesign.ca\\\/fr\\\/#organization\",\"name\":\"STIL Design\",\"url\":\"https:\\\/\\\/www.stildesign.ca\\\/fr\\\/\",\"logo\":{\"@type\":\"ImageObject\",\"inLanguage\":\"fr-FR\",\"@id\":\"https:\\\/\\\/www.stildesign.ca\\\/fr\\\/#\\\/schema\\\/logo\\\/image\\\/\",\"url\":\"https:\\\/\\\/www.stildesign.ca\\\/wp-content\\\/uploads\\\/2024\\\/07\\\/stil-logo-web-ca.jpg\",\"contentUrl\":\"https:\\\/\\\/www.stildesign.ca\\\/wp-content\\\/uploads\\\/2024\\\/07\\\/stil-logo-web-ca.jpg\",\"width\":690,\"height\":690,\"caption\":\"STIL Design\"},\"image\":{\"@id\":\"https:\\\/\\\/www.stildesign.ca\\\/fr\\\/#\\\/schema\\\/logo\\\/image\\\/\"},\"sameAs\":[\"https:\\\/\\\/www.facebook.com\\\/STILDESIGN\\\/\"]}]}<\/script>\n<!-- \/ Yoast SEO plugin. -->","yoast_head_json":{"title":"Contactez-nous | STIL Design","description":"Contactez STIL Design pour des consultations gratuites en ligne avec nos designers experts en solutions de rangement personnalis\u00e9es. Visitez notre salle de montre sur rendez-vous \u00e0 Pointe-Claire, QC. Remplissez notre formulaire de contact ou appelez-nous au 514-497-3128 pour discuter de vos projets.","robots":{"index":"index","follow":"follow","max-snippet":"max-snippet:-1","max-image-preview":"max-image-preview:large","max-video-preview":"max-video-preview:-1"},"canonical":"https:\/\/www.stildesign.ca\/fr\/contactez-nous\/","og_locale":"fr_FR","og_type":"article","og_title":"Contactez-nous | STIL Design","og_description":"Contactez STIL Design pour des consultations gratuites en ligne avec nos designers experts en solutions de rangement personnalis\u00e9es. Visitez notre salle de montre sur rendez-vous \u00e0 Pointe-Claire, QC. Remplissez notre formulaire de contact ou appelez-nous au 514-497-3128 pour discuter de vos projets.","og_url":"https:\/\/www.stildesign.ca\/fr\/contactez-nous\/","og_site_name":"STIL Design","article_publisher":"https:\/\/www.facebook.com\/STILDESIGN\/","article_modified_time":"2025-07-25T18:01:38+00:00","og_image":[{"width":1200,"height":675,"url":"https:\/\/www.stildesign.ca\/wp-content\/uploads\/2024\/07\/STIL_metaimage.jpg","type":"image\/jpeg"}],"twitter_card":"summary_large_image","twitter_misc":{"Dur\u00e9e de lecture estim\u00e9e":"1 minute"},"schema":{"@context":"https:\/\/schema.org","@graph":[{"@type":"WebPage","@id":"https:\/\/www.stildesign.ca\/fr\/contactez-nous\/","url":"https:\/\/www.stildesign.ca\/fr\/contactez-nous\/","name":"Contactez-nous | STIL Design","isPartOf":{"@id":"https:\/\/www.stildesign.ca\/fr\/#website"},"datePublished":"2022-08-08T21:26:06+00:00","dateModified":"2025-07-25T18:01:38+00:00","description":"Contactez STIL Design pour des consultations gratuites en ligne avec nos designers experts en solutions de rangement personnalis\u00e9es. Visitez notre salle de montre sur rendez-vous \u00e0 Pointe-Claire, QC. Remplissez notre formulaire de contact ou appelez-nous au 514-497-3128 pour discuter de vos projets.","breadcrumb":{"@id":"https:\/\/www.stildesign.ca\/fr\/contactez-nous\/#breadcrumb"},"inLanguage":"fr-FR","potentialAction":[{"@type":"ReadAction","target":["https:\/\/www.stildesign.ca\/fr\/contactez-nous\/"]}]},{"@type":"BreadcrumbList","@id":"https:\/\/www.stildesign.ca\/fr\/contactez-nous\/#breadcrumb","itemListElement":[{"@type":"ListItem","position":1,"name":"Home","item":"https:\/\/www.stildesign.ca\/fr\/"},{"@type":"ListItem","position":2,"name":"Contactez-nous"}]},{"@type":"WebSite","@id":"https:\/\/www.stildesign.ca\/fr\/#website","url":"https:\/\/www.stildesign.ca\/fr\/","name":"STIL Design","description":"Premium Custom Storage Solutions Montreal","publisher":{"@id":"https:\/\/www.stildesign.ca\/fr\/#organization"},"potentialAction":[{"@type":"SearchAction","target":{"@type":"EntryPoint","urlTemplate":"https:\/\/www.stildesign.ca\/fr\/?s={search_term_string}"},"query-input":{"@type":"PropertyValueSpecification","valueRequired":true,"valueName":"search_term_string"}}],"inLanguage":"fr-FR"},{"@type":"Organization","@id":"https:\/\/www.stildesign.ca\/fr\/#organization","name":"STIL Design","url":"https:\/\/www.stildesign.ca\/fr\/","logo":{"@type":"ImageObject","inLanguage":"fr-FR","@id":"https:\/\/www.stildesign.ca\/fr\/#\/schema\/logo\/image\/","url":"https:\/\/www.stildesign.ca\/wp-content\/uploads\/2024\/07\/stil-logo-web-ca.jpg","contentUrl":"https:\/\/www.stildesign.ca\/wp-content\/uploads\/2024\/07\/stil-logo-web-ca.jpg","width":690,"height":690,"caption":"STIL Design"},"image":{"@id":"https:\/\/www.stildesign.ca\/fr\/#\/schema\/logo\/image\/"},"sameAs":["https:\/\/www.facebook.com\/STILDESIGN\/"]}]}},"_links":{"self":[{"href":"https:\/\/www.stildesign.ca\/fr\/wp-json\/wp\/v2\/pages\/1127","targetHints":{"allow":["GET"]}}],"collection":[{"href":"https:\/\/www.stildesign.ca\/fr\/wp-json\/wp\/v2\/pages"}],"about":[{"href":"https:\/\/www.stildesign.ca\/fr\/wp-json\/wp\/v2\/types\/page"}],"author":[{"embeddable":true,"href":"https:\/\/www.stildesign.ca\/fr\/wp-json\/wp\/v2\/users\/2"}],"replies":[{"embeddable":true,"href":"https:\/\/www.stildesign.ca\/fr\/wp-json\/wp\/v2\/comments?post=1127"}],"version-history":[{"count":12,"href":"https:\/\/www.stildesign.ca\/fr\/wp-json\/wp\/v2\/pages\/1127\/revisions"}],"predecessor-version":[{"id":2020,"href":"https:\/\/www.stildesign.ca\/fr\/wp-json\/wp\/v2\/pages\/1127\/revisions\/2020"}],"wp:attachment":[{"href":"https:\/\/www.stildesign.ca\/fr\/wp-json\/wp\/v2\/media?parent=1127"}],"curies":[{"name":"wp","href":"https:\/\/api.w.org\/{rel}","templated":true}]}}