{"id":1125,"date":"2022-08-08T17:25:44","date_gmt":"2022-08-08T21:25:44","guid":{"rendered":"https:\/\/www.stildesign.ca\/catalogues\/"},"modified":"2025-07-25T14:00:01","modified_gmt":"2025-07-25T18:00:01","slug":"catalogues","status":"publish","type":"page","link":"https:\/\/www.stildesign.ca\/fr\/catalogues\/","title":{"rendered":"Catalogues"},"content":{"rendered":"\n<div class=\"wp-block-group is-layout-flow wp-container-core-group-is-layout-47e5a185 wp-block-group-is-layout-flow\">\n<div class=\"wp-block-group is-layout-constrained wp-container-core-group-is-layout-45ec8cbc wp-block-group-is-layout-constrained\" style=\"padding-top:106px;padding-right:15px;padding-bottom:71px;padding-left:15px\">\n<h1 class=\"wp-block-heading has-text-align-center has-text-grey-color has-text-color has-h-3-font-size\" style=\"font-style:normal;font-weight:300\">Nos catalogues<\/h1>\n\n\n\n<h2 class=\"wp-block-heading has-text-align-center has-text-grey-color has-text-color has-h-4-font-size\" style=\"font-style:normal;font-weight:300\">Parcourez nos catalogues et choisissez parmi notre vaste gamme de finis et d\u2019accessoires pour rehausser votre projet.<\/h2>\n\n\n<div class=\"gb-button-wrapper gb-button-wrapper-2a290317\">\n\n<a class=\"gb-button gb-button-d26dddc6 gb-button-text\" href=\"https:\/\/www.stildesign.ca\/wp-content\/uploads\/2022\/10\/STIL-DESIGN-CATALOGUE-2022-FR-1.pdf\" target=\"_blank\" rel=\"noopener noreferrer\">T\u00c9L\u00c9CHARGER NOTRE CATALOGUE<\/a>\n\n<\/div>\n\n<div class=\"gb-grid-wrapper gb-grid-wrapper-1e785f9b\">\n<div class=\"gb-grid-column gb-grid-column-afe57bc5\"><div class=\"gb-container gb-container-afe57bc5\"><div class=\"gb-inside-container\">\n\n<h2 class=\"wp-block-heading has-text-grey-color has-text-color has-h-3-font-size\" id=\"finishes-anchor\" style=\"margin-top:0px;margin-right:0px;margin-bottom:0px;margin-left:0px;font-style:normal;font-weight:300\">Finis<\/h2>\n\n\n\n<p class=\"has-text-light-grey-color has-text-color has-paragraphs-2-font-size\" style=\"letter-spacing:1px;line-height:1.3\">Chez STIL Design, nous sommes fiers d\u2019offrir \u00e0 nos clients de nombreux finis de qualit\u00e9 sup\u00e9rieure.<\/p>\n\n\n\n<figure class=\"wp-block-image size-full\"><img loading=\"lazy\" decoding=\"async\" width=\"600\" height=\"600\" src=\"https:\/\/www.stildesign.ca\/wp-content\/uploads\/2022\/08\/FINISHES-PHOTO-2.jpeg\" alt=\"\" class=\"wp-image-331\" srcset=\"https:\/\/www.stildesign.ca\/wp-content\/uploads\/2022\/08\/FINISHES-PHOTO-2.jpeg 600w, https:\/\/www.stildesign.ca\/wp-content\/uploads\/2022\/08\/FINISHES-PHOTO-2-300x300.jpeg 300w, https:\/\/www.stildesign.ca\/wp-content\/uploads\/2022\/08\/FINISHES-PHOTO-2-150x150.jpeg 150w\" sizes=\"auto, (max-width: 600px) 100vw, 600px\" \/><\/figure>\n\n<\/div><\/div><\/div>\n\n<div class=\"gb-grid-column gb-grid-column-72c1adb5\"><div class=\"gb-container gb-container-72c1adb5\"><div class=\"gb-inside-container\">\n\n<h2 class=\"wp-block-heading has-text-grey-color has-text-color has-h-3-font-size\" id=\"handles-anchor\" style=\"margin-top:0px;margin-right:0px;margin-bottom:0px;margin-left:0px;font-style:normal;font-weight:300\">Poign\u00e9es et quincaillerie<\/h2>\n\n\n\n<p class=\"has-text-light-grey-color has-text-color has-paragraphs-2-font-size\" style=\"letter-spacing:1px;line-height:1.3\">La quincaillerie est la touche finale de toutes vos installations.<\/p>\n\n\n\n<figure class=\"wp-block-image size-full\"><img loading=\"lazy\" decoding=\"async\" width=\"600\" height=\"600\" src=\"https:\/\/www.stildesign.ca\/wp-content\/uploads\/2022\/08\/Layer-2.png\" alt=\"\" class=\"wp-image-332\" srcset=\"https:\/\/www.stildesign.ca\/wp-content\/uploads\/2022\/08\/Layer-2.png 600w, https:\/\/www.stildesign.ca\/wp-content\/uploads\/2022\/08\/Layer-2-300x300.png 300w, https:\/\/www.stildesign.ca\/wp-content\/uploads\/2022\/08\/Layer-2-150x150.png 150w\" sizes=\"auto, (max-width: 600px) 100vw, 600px\" \/><\/figure>\n\n<\/div><\/div><\/div>\n\n<div class=\"gb-grid-column gb-grid-column-15510920\"><div class=\"gb-container gb-container-15510920\"><div class=\"gb-inside-container\">\n\n<h2 class=\"wp-block-heading has-text-grey-color has-text-color has-h-3-font-size\" id=\"closets-anchor\" style=\"margin-top:0px;margin-right:0px;margin-bottom:0px;margin-left:0px;font-style:normal;font-weight:300\">Accessoires de garde-robe<\/h2>\n\n\n\n<p class=\"has-text-light-grey-color has-text-color has-paragraphs-2-font-size\" style=\"letter-spacing:1px;line-height:1.3\">Choisissez parmi notre collection d\u2019accessoires de garde-robe sur mesure.<\/p>\n\n\n\n<figure class=\"wp-block-image size-full\"><img loading=\"lazy\" decoding=\"async\" width=\"600\" height=\"600\" src=\"https:\/\/www.stildesign.ca\/wp-content\/uploads\/2022\/08\/Layer-3.png\" alt=\"\" class=\"wp-image-333\" srcset=\"https:\/\/www.stildesign.ca\/wp-content\/uploads\/2022\/08\/Layer-3.png 600w, https:\/\/www.stildesign.ca\/wp-content\/uploads\/2022\/08\/Layer-3-300x300.png 300w, https:\/\/www.stildesign.ca\/wp-content\/uploads\/2022\/08\/Layer-3-150x150.png 150w\" sizes=\"auto, (max-width: 600px) 100vw, 600px\" \/><\/figure>\n\n<\/div><\/div><\/div>\n\n<div class=\"gb-grid-column gb-grid-column-3ffda712\"><div class=\"gb-container gb-container-3ffda712\"><div class=\"gb-inside-container\">\n\n<h2 class=\"wp-block-heading has-text-grey-color has-text-color has-h-3-font-size\" id=\"lighting-anchor\" style=\"margin-top:0px;margin-right:0px;margin-bottom:0px;margin-left:0px;font-style:normal;font-weight:300\">\u00c9clairage<\/h2>\n\n\n\n<p class=\"has-text-light-grey-color has-text-color has-paragraphs-2-font-size\" style=\"letter-spacing:1px;line-height:1.3\">L\u2019\u00e9clairage n\u2019est pas seulement une option poussant votre design au niveau sup\u00e9rieur; il peut aussi mieux \u00e9clairer les espaces sombres! <\/p>\n\n\n\n<figure class=\"wp-block-image size-full\"><img loading=\"lazy\" decoding=\"async\" width=\"600\" height=\"600\" src=\"https:\/\/www.stildesign.ca\/wp-content\/uploads\/2022\/08\/Layer-4.png\" alt=\"\" class=\"wp-image-334\" srcset=\"https:\/\/www.stildesign.ca\/wp-content\/uploads\/2022\/08\/Layer-4.png 600w, https:\/\/www.stildesign.ca\/wp-content\/uploads\/2022\/08\/Layer-4-300x300.png 300w, https:\/\/www.stildesign.ca\/wp-content\/uploads\/2022\/08\/Layer-4-150x150.png 150w\" sizes=\"auto, (max-width: 600px) 100vw, 600px\" \/><\/figure>\n\n<\/div><\/div><\/div>\n<\/div>\n\n<div class=\"gb-button-wrapper gb-button-wrapper-9c0c0cf7\">\n\n<a class=\"gb-button gb-button-a518da0c gb-button-text\" href=\"https:\/\/www.stildesign.ca\/wp-content\/uploads\/2022\/10\/STIL-DESIGN-CATALOGUE-2022-FR-1.pdf\" target=\"_blank\" rel=\"noopener noreferrer\">T\u00c9L\u00c9CHARGER NOTRE CATALOGUE<\/a>\n\n<\/div><\/div>\n<\/div>\n\n\n<div class=\"gb-container gb-container-64790b04\"><div class=\"gb-inside-container\">\n\n<h2 class=\"wp-block-heading has-text-grey-color has-text-color has-h-2-font-size\" style=\"margin-top:0px;margin-bottom:40px;font-style:normal;font-weight:300\">CONSULTATION GRATUITE<\/h2>\n\n\n\n<div class=\"wp-block-columns is-layout-flex wp-container-core-columns-is-layout-bb63363c wp-block-columns-is-layout-flex\">\n<div class=\"wp-block-column remove-for-small-screen is-layout-flow wp-block-column-is-layout-flow\">\n<figure class=\"wp-block-image size-full\"><img loading=\"lazy\" decoding=\"async\" width=\"600\" height=\"439\" src=\"https:\/\/www.stildesign.ca\/wp-content\/uploads\/2022\/08\/stil-203-FREE-CONSULTATION-BANNER.jpeg\" alt=\"\" class=\"wp-image-274\" srcset=\"https:\/\/www.stildesign.ca\/wp-content\/uploads\/2022\/08\/stil-203-FREE-CONSULTATION-BANNER.jpeg 600w, https:\/\/www.stildesign.ca\/wp-content\/uploads\/2022\/08\/stil-203-FREE-CONSULTATION-BANNER-300x220.jpeg 300w\" sizes=\"auto, (max-width: 600px) 100vw, 600px\" \/><\/figure>\n<\/div>\n\n\n\n<div class=\"wp-block-column is-layout-flow wp-block-column-is-layout-flow\">\n<h4 class=\"wp-block-heading has-text-grey-color has-text-color has-h-4-font-size\" style=\"font-style:normal;font-weight:300\">Nous sommes l\u00e0 pour vous aider!<\/h4>\n\n\n\n<p class=\"has-text-light-grey-color has-text-color has-paragraphs-2-font-size\" style=\"letter-spacing:1px;line-height:1.3\">De la conception \u00e0 la construction, notre \u00e9quipe est heureuse de vous aider. Communiquez avec nous et l\u2019un de nos designers vous r\u00e9pondra pour vous offrir notre expertise. Notre \u00e9quipe peut r\u00e9pondre \u00e0 toutes vos questions, alors qu\u2019attendons-nous pour amorcer votre projet!  <\/p>\n\n\n<div class=\"gb-button-wrapper gb-button-wrapper-ce939c8a\">\n\n<a class=\"gb-button gb-button-77451030 gb-button-text\" href=\"https:\/\/www.stildesign.ca\/fr\/contactez-nous\/\">R\u00c9SERVEZ VOTRE CONSULTATION GRATUITE<\/a>\n\n<\/div><\/div>\n<\/div>\n\n<\/div><\/div>","protected":false},"excerpt":{"rendered":"<p>Nos catalogues Parcourez nos catalogues et choisissez parmi notre vaste gamme de finis et d\u2019accessoires pour rehausser votre projet. CONSULTATION GRATUITE Nous sommes l\u00e0 pour vous aider! De la conception \u00e0 la construction, notre \u00e9quipe est heureuse de vous aider. Communiquez avec nous et l\u2019un de nos designers vous r\u00e9pondra pour vous offrir notre expertise. [&hellip;]<\/p>\n","protected":false},"author":2,"featured_media":0,"parent":0,"menu_order":3,"comment_status":"closed","ping_status":"closed","template":"","meta":{"footnotes":""},"class_list":["post-1125","page","type-page","status-publish","hentry"],"yoast_head":"<!-- This site is optimized with the Yoast SEO plugin v27.4 - https:\/\/yoast.com\/product\/yoast-seo-wordpress\/ -->\n<title>Catalogues de Produits | STIL Design<\/title>\n<meta name=\"description\" content=\"Parcourez les catalogues de STIL Design pour d\u00e9couvrir notre gamme compl\u00e8te de finis, accessoires, poign\u00e9es, et options d&#039;\u00e9clairage. Trouvez l&#039;inspiration pour vos projets de rangement personnalis\u00e9 et rehaussez vos espaces de vie avec des solutions sur mesure. T\u00e9l\u00e9chargez nos catalogues et contactez-nous pour une consultation gratuite.\" \/>\n<meta name=\"robots\" content=\"index, follow, max-snippet:-1, max-image-preview:large, max-video-preview:-1\" \/>\n<link rel=\"canonical\" href=\"https:\/\/www.stildesign.ca\/fr\/catalogues\/\" \/>\n<meta property=\"og:locale\" content=\"fr_FR\" \/>\n<meta property=\"og:type\" content=\"article\" \/>\n<meta property=\"og:title\" content=\"Catalogues de Produits | STIL Design\" \/>\n<meta property=\"og:description\" content=\"Parcourez les catalogues de STIL Design pour d\u00e9couvrir notre gamme compl\u00e8te de finis, accessoires, poign\u00e9es, et options d&#039;\u00e9clairage. Trouvez l&#039;inspiration pour vos projets de rangement personnalis\u00e9 et rehaussez vos espaces de vie avec des solutions sur mesure. T\u00e9l\u00e9chargez nos catalogues et contactez-nous pour une consultation gratuite.\" \/>\n<meta property=\"og:url\" content=\"https:\/\/www.stildesign.ca\/fr\/catalogues\/\" \/>\n<meta property=\"og:site_name\" content=\"STIL Design\" \/>\n<meta property=\"article:publisher\" content=\"https:\/\/www.facebook.com\/STILDESIGN\/\" \/>\n<meta property=\"article:modified_time\" content=\"2025-07-25T18:00:01+00:00\" \/>\n<meta property=\"og:image\" content=\"https:\/\/www.stildesign.ca\/wp-content\/uploads\/2022\/08\/FINISHES-PHOTO-2.jpeg\" \/>\n\t<meta property=\"og:image:width\" content=\"600\" \/>\n\t<meta property=\"og:image:height\" content=\"600\" \/>\n\t<meta property=\"og:image:type\" content=\"image\/jpeg\" \/>\n<meta name=\"twitter:card\" content=\"summary_large_image\" \/>\n<meta name=\"twitter:label1\" content=\"Dur\u00e9e de lecture estim\u00e9e\" \/>\n\t<meta name=\"twitter:data1\" content=\"2 minutes\" \/>\n<script type=\"application\/ld+json\" class=\"yoast-schema-graph\">{\"@context\":\"https:\\\/\\\/schema.org\",\"@graph\":[{\"@type\":\"WebPage\",\"@id\":\"https:\\\/\\\/www.stildesign.ca\\\/fr\\\/catalogues\\\/\",\"url\":\"https:\\\/\\\/www.stildesign.ca\\\/fr\\\/catalogues\\\/\",\"name\":\"Catalogues de Produits | STIL Design\",\"isPartOf\":{\"@id\":\"https:\\\/\\\/www.stildesign.ca\\\/fr\\\/#website\"},\"primaryImageOfPage\":{\"@id\":\"https:\\\/\\\/www.stildesign.ca\\\/fr\\\/catalogues\\\/#primaryimage\"},\"image\":{\"@id\":\"https:\\\/\\\/www.stildesign.ca\\\/fr\\\/catalogues\\\/#primaryimage\"},\"thumbnailUrl\":\"https:\\\/\\\/www.stildesign.ca\\\/wp-content\\\/uploads\\\/2022\\\/08\\\/FINISHES-PHOTO-2.jpeg\",\"datePublished\":\"2022-08-08T21:25:44+00:00\",\"dateModified\":\"2025-07-25T18:00:01+00:00\",\"description\":\"Parcourez les catalogues de STIL Design pour d\u00e9couvrir notre gamme compl\u00e8te de finis, accessoires, poign\u00e9es, et options d'\u00e9clairage. Trouvez l'inspiration pour vos projets de rangement personnalis\u00e9 et rehaussez vos espaces de vie avec des solutions sur mesure. T\u00e9l\u00e9chargez nos catalogues et contactez-nous pour une consultation gratuite.\",\"breadcrumb\":{\"@id\":\"https:\\\/\\\/www.stildesign.ca\\\/fr\\\/catalogues\\\/#breadcrumb\"},\"inLanguage\":\"fr-FR\",\"potentialAction\":[{\"@type\":\"ReadAction\",\"target\":[\"https:\\\/\\\/www.stildesign.ca\\\/fr\\\/catalogues\\\/\"]}]},{\"@type\":\"ImageObject\",\"inLanguage\":\"fr-FR\",\"@id\":\"https:\\\/\\\/www.stildesign.ca\\\/fr\\\/catalogues\\\/#primaryimage\",\"url\":\"https:\\\/\\\/www.stildesign.ca\\\/wp-content\\\/uploads\\\/2022\\\/08\\\/FINISHES-PHOTO-2.jpeg\",\"contentUrl\":\"https:\\\/\\\/www.stildesign.ca\\\/wp-content\\\/uploads\\\/2022\\\/08\\\/FINISHES-PHOTO-2.jpeg\"},{\"@type\":\"BreadcrumbList\",\"@id\":\"https:\\\/\\\/www.stildesign.ca\\\/fr\\\/catalogues\\\/#breadcrumb\",\"itemListElement\":[{\"@type\":\"ListItem\",\"position\":1,\"name\":\"Home\",\"item\":\"https:\\\/\\\/www.stildesign.ca\\\/fr\\\/\"},{\"@type\":\"ListItem\",\"position\":2,\"name\":\"Catalogues\"}]},{\"@type\":\"WebSite\",\"@id\":\"https:\\\/\\\/www.stildesign.ca\\\/fr\\\/#website\",\"url\":\"https:\\\/\\\/www.stildesign.ca\\\/fr\\\/\",\"name\":\"STIL Design\",\"description\":\"Premium Custom Storage Solutions Montreal\",\"publisher\":{\"@id\":\"https:\\\/\\\/www.stildesign.ca\\\/fr\\\/#organization\"},\"potentialAction\":[{\"@type\":\"SearchAction\",\"target\":{\"@type\":\"EntryPoint\",\"urlTemplate\":\"https:\\\/\\\/www.stildesign.ca\\\/fr\\\/?s={search_term_string}\"},\"query-input\":{\"@type\":\"PropertyValueSpecification\",\"valueRequired\":true,\"valueName\":\"search_term_string\"}}],\"inLanguage\":\"fr-FR\"},{\"@type\":\"Organization\",\"@id\":\"https:\\\/\\\/www.stildesign.ca\\\/fr\\\/#organization\",\"name\":\"STIL Design\",\"url\":\"https:\\\/\\\/www.stildesign.ca\\\/fr\\\/\",\"logo\":{\"@type\":\"ImageObject\",\"inLanguage\":\"fr-FR\",\"@id\":\"https:\\\/\\\/www.stildesign.ca\\\/fr\\\/#\\\/schema\\\/logo\\\/image\\\/\",\"url\":\"https:\\\/\\\/www.stildesign.ca\\\/wp-content\\\/uploads\\\/2024\\\/07\\\/stil-logo-web-ca.jpg\",\"contentUrl\":\"https:\\\/\\\/www.stildesign.ca\\\/wp-content\\\/uploads\\\/2024\\\/07\\\/stil-logo-web-ca.jpg\",\"width\":690,\"height\":690,\"caption\":\"STIL Design\"},\"image\":{\"@id\":\"https:\\\/\\\/www.stildesign.ca\\\/fr\\\/#\\\/schema\\\/logo\\\/image\\\/\"},\"sameAs\":[\"https:\\\/\\\/www.facebook.com\\\/STILDESIGN\\\/\"]}]}<\/script>\n<!-- \/ Yoast SEO plugin. -->","yoast_head_json":{"title":"Catalogues de Produits | STIL Design","description":"Parcourez les catalogues de STIL Design pour d\u00e9couvrir notre gamme compl\u00e8te de finis, accessoires, poign\u00e9es, et options d'\u00e9clairage. Trouvez l'inspiration pour vos projets de rangement personnalis\u00e9 et rehaussez vos espaces de vie avec des solutions sur mesure. T\u00e9l\u00e9chargez nos catalogues et contactez-nous pour une consultation gratuite.","robots":{"index":"index","follow":"follow","max-snippet":"max-snippet:-1","max-image-preview":"max-image-preview:large","max-video-preview":"max-video-preview:-1"},"canonical":"https:\/\/www.stildesign.ca\/fr\/catalogues\/","og_locale":"fr_FR","og_type":"article","og_title":"Catalogues de Produits | STIL Design","og_description":"Parcourez les catalogues de STIL Design pour d\u00e9couvrir notre gamme compl\u00e8te de finis, accessoires, poign\u00e9es, et options d'\u00e9clairage. Trouvez l'inspiration pour vos projets de rangement personnalis\u00e9 et rehaussez vos espaces de vie avec des solutions sur mesure. T\u00e9l\u00e9chargez nos catalogues et contactez-nous pour une consultation gratuite.","og_url":"https:\/\/www.stildesign.ca\/fr\/catalogues\/","og_site_name":"STIL Design","article_publisher":"https:\/\/www.facebook.com\/STILDESIGN\/","article_modified_time":"2025-07-25T18:00:01+00:00","og_image":[{"width":600,"height":600,"url":"https:\/\/www.stildesign.ca\/wp-content\/uploads\/2022\/08\/FINISHES-PHOTO-2.jpeg","type":"image\/jpeg"}],"twitter_card":"summary_large_image","twitter_misc":{"Dur\u00e9e de lecture estim\u00e9e":"2 minutes"},"schema":{"@context":"https:\/\/schema.org","@graph":[{"@type":"WebPage","@id":"https:\/\/www.stildesign.ca\/fr\/catalogues\/","url":"https:\/\/www.stildesign.ca\/fr\/catalogues\/","name":"Catalogues de Produits | STIL Design","isPartOf":{"@id":"https:\/\/www.stildesign.ca\/fr\/#website"},"primaryImageOfPage":{"@id":"https:\/\/www.stildesign.ca\/fr\/catalogues\/#primaryimage"},"image":{"@id":"https:\/\/www.stildesign.ca\/fr\/catalogues\/#primaryimage"},"thumbnailUrl":"https:\/\/www.stildesign.ca\/wp-content\/uploads\/2022\/08\/FINISHES-PHOTO-2.jpeg","datePublished":"2022-08-08T21:25:44+00:00","dateModified":"2025-07-25T18:00:01+00:00","description":"Parcourez les catalogues de STIL Design pour d\u00e9couvrir notre gamme compl\u00e8te de finis, accessoires, poign\u00e9es, et options d'\u00e9clairage. Trouvez l'inspiration pour vos projets de rangement personnalis\u00e9 et rehaussez vos espaces de vie avec des solutions sur mesure. T\u00e9l\u00e9chargez nos catalogues et contactez-nous pour une consultation gratuite.","breadcrumb":{"@id":"https:\/\/www.stildesign.ca\/fr\/catalogues\/#breadcrumb"},"inLanguage":"fr-FR","potentialAction":[{"@type":"ReadAction","target":["https:\/\/www.stildesign.ca\/fr\/catalogues\/"]}]},{"@type":"ImageObject","inLanguage":"fr-FR","@id":"https:\/\/www.stildesign.ca\/fr\/catalogues\/#primaryimage","url":"https:\/\/www.stildesign.ca\/wp-content\/uploads\/2022\/08\/FINISHES-PHOTO-2.jpeg","contentUrl":"https:\/\/www.stildesign.ca\/wp-content\/uploads\/2022\/08\/FINISHES-PHOTO-2.jpeg"},{"@type":"BreadcrumbList","@id":"https:\/\/www.stildesign.ca\/fr\/catalogues\/#breadcrumb","itemListElement":[{"@type":"ListItem","position":1,"name":"Home","item":"https:\/\/www.stildesign.ca\/fr\/"},{"@type":"ListItem","position":2,"name":"Catalogues"}]},{"@type":"WebSite","@id":"https:\/\/www.stildesign.ca\/fr\/#website","url":"https:\/\/www.stildesign.ca\/fr\/","name":"STIL Design","description":"Premium Custom Storage Solutions Montreal","publisher":{"@id":"https:\/\/www.stildesign.ca\/fr\/#organization"},"potentialAction":[{"@type":"SearchAction","target":{"@type":"EntryPoint","urlTemplate":"https:\/\/www.stildesign.ca\/fr\/?s={search_term_string}"},"query-input":{"@type":"PropertyValueSpecification","valueRequired":true,"valueName":"search_term_string"}}],"inLanguage":"fr-FR"},{"@type":"Organization","@id":"https:\/\/www.stildesign.ca\/fr\/#organization","name":"STIL Design","url":"https:\/\/www.stildesign.ca\/fr\/","logo":{"@type":"ImageObject","inLanguage":"fr-FR","@id":"https:\/\/www.stildesign.ca\/fr\/#\/schema\/logo\/image\/","url":"https:\/\/www.stildesign.ca\/wp-content\/uploads\/2024\/07\/stil-logo-web-ca.jpg","contentUrl":"https:\/\/www.stildesign.ca\/wp-content\/uploads\/2024\/07\/stil-logo-web-ca.jpg","width":690,"height":690,"caption":"STIL Design"},"image":{"@id":"https:\/\/www.stildesign.ca\/fr\/#\/schema\/logo\/image\/"},"sameAs":["https:\/\/www.facebook.com\/STILDESIGN\/"]}]}},"_links":{"self":[{"href":"https:\/\/www.stildesign.ca\/fr\/wp-json\/wp\/v2\/pages\/1125","targetHints":{"allow":["GET"]}}],"collection":[{"href":"https:\/\/www.stildesign.ca\/fr\/wp-json\/wp\/v2\/pages"}],"about":[{"href":"https:\/\/www.stildesign.ca\/fr\/wp-json\/wp\/v2\/types\/page"}],"author":[{"embeddable":true,"href":"https:\/\/www.stildesign.ca\/fr\/wp-json\/wp\/v2\/users\/2"}],"replies":[{"embeddable":true,"href":"https:\/\/www.stildesign.ca\/fr\/wp-json\/wp\/v2\/comments?post=1125"}],"version-history":[{"count":24,"href":"https:\/\/www.stildesign.ca\/fr\/wp-json\/wp\/v2\/pages\/1125\/revisions"}],"predecessor-version":[{"id":2018,"href":"https:\/\/www.stildesign.ca\/fr\/wp-json\/wp\/v2\/pages\/1125\/revisions\/2018"}],"wp:attachment":[{"href":"https:\/\/www.stildesign.ca\/fr\/wp-json\/wp\/v2\/media?parent=1125"}],"curies":[{"name":"wp","href":"https:\/\/api.w.org\/{rel}","templated":true}]}}