{"id":1117,"date":"2022-08-15T15:07:59","date_gmt":"2022-08-15T19:07:59","guid":{"rendered":"https:\/\/www.stildesign.ca\/projets\/espaces-menagers\/"},"modified":"2025-07-25T14:08:24","modified_gmt":"2025-07-25T18:08:24","slug":"espaces-menagers","status":"publish","type":"page","link":"https:\/\/www.stildesign.ca\/fr\/projets\/espaces-menagers\/","title":{"rendered":"Espace m\u00e9nager"},"content":{"rendered":"\n<div class=\"wp-block-group is-layout-flow wp-container-core-group-is-layout-47e5a185 wp-block-group-is-layout-flow\">\n<div class=\"wp-block-cover\"><img loading=\"lazy\" decoding=\"async\" width=\"2500\" height=\"982\" class=\"wp-block-cover__image-background wp-image-394\" alt=\"\" src=\"https:\/\/www.stildesign.ca\/wp-content\/uploads\/2022\/08\/utility-banner.jpeg\" style=\"object-position:50% 14%\" data-object-fit=\"cover\" data-object-position=\"50% 14%\" srcset=\"https:\/\/www.stildesign.ca\/wp-content\/uploads\/2022\/08\/utility-banner.jpeg 2500w, https:\/\/www.stildesign.ca\/wp-content\/uploads\/2022\/08\/utility-banner-300x118.jpeg 300w, https:\/\/www.stildesign.ca\/wp-content\/uploads\/2022\/08\/utility-banner-1024x402.jpeg 1024w, https:\/\/www.stildesign.ca\/wp-content\/uploads\/2022\/08\/utility-banner-768x302.jpeg 768w, https:\/\/www.stildesign.ca\/wp-content\/uploads\/2022\/08\/utility-banner-1536x603.jpeg 1536w, https:\/\/www.stildesign.ca\/wp-content\/uploads\/2022\/08\/utility-banner-2048x804.jpeg 2048w\" sizes=\"auto, (max-width: 2500px) 100vw, 2500px\" \/><span aria-hidden=\"true\" class=\"wp-block-cover__background has-background-dim-0 has-background-dim\"><\/span><div class=\"wp-block-cover__inner-container is-layout-flow wp-block-cover-is-layout-flow\">\n<div class=\"wp-block-group is-layout-constrained wp-container-core-group-is-layout-02240bab wp-block-group-is-layout-constrained\" style=\"padding-right:15px;padding-left:15px\">\n<div class=\"wp-block-group is-layout-flow wp-block-group-is-layout-flow\" style=\"padding-right:30%\">\n<h1 class=\"wp-block-heading has-white-color has-text-color has-h-2-font-size\" style=\"margin-top:0px;margin-right:0px;margin-bottom:0px;margin-left:0px;font-style:normal;font-weight:300\">ESPACE M\u00c9NAGER<\/h1>\n\n\n\n<p class=\"has-white-color has-text-color has-paragraphs-2-font-size\" style=\"letter-spacing:1px;line-height:1.3\">Nous voulons vous aider \u00e0 tirer le maximum de votre espace, que ce soit le garage, le vestibule ou la buanderie.<\/p>\n<\/div>\n<\/div>\n<\/div><\/div>\n\n\n\n<div class=\"wp-block-group is-layout-constrained wp-container-core-group-is-layout-5d732691 wp-block-group-is-layout-constrained\" style=\"padding-top:60px;padding-right:15px;padding-bottom:60px;padding-left:15px\">\n<h2 class=\"wp-block-heading has-text-align-center has-text-grey-color has-text-color has-h-2-font-size\" style=\"font-style:normal;font-weight:300\">GARAGE<\/h2>\n\n\n\n<p class=\"has-text-align-center has-text-light-grey-color has-text-color has-paragraphs-2-font-size\" style=\"letter-spacing:1px;line-height:1.3\">Imaginez un espace chez vous o\u00f9 chaque chose que vous poss\u00e9dez a sa propre place, des outils, de la quincaillerie et des accessoires pour votre v\u00e9hicule aux produits de nettoyage, \u00e9quipements sportifs ou outils de jardinage. L\u2019\u00e9quipe de STIL Design veut vous aider \u00e0 cr\u00e9er l\u2019espace m\u00e9nager de vos r\u00eaves en y ajoutant des armoires, accessoires et unit\u00e9s de rangement murales. \u00c0 vous de nous dire ce que vous voulez; non seulement nous l\u2019adapterons \u00e0 votre garage et votre style, nous veillerons aussi \u00e0 ce que sa taille corresponde exactement \u00e0 celle de votre espace.  <\/p>\n<\/div>\n\n\n<div class=\"gb-grid-wrapper gb-grid-wrapper-994a9b82 fancy-class\">\n<div class=\"gb-grid-column gb-grid-column-8c9b5b05\"><div class=\"gb-container gb-container-8c9b5b05\"><div class=\"gb-inside-container\">\n\n<figure class=\"wp-block-image size-full\"><a href=\"https:\/\/www.stildesign.ca\/wp-content\/uploads\/2022\/08\/garage-6.jpeg\"><img loading=\"lazy\" decoding=\"async\" width=\"805\" height=\"537\" src=\"https:\/\/www.stildesign.ca\/wp-content\/uploads\/2022\/08\/garage-6.jpeg\" alt=\"\" class=\"wp-image-395\" srcset=\"https:\/\/www.stildesign.ca\/wp-content\/uploads\/2022\/08\/garage-6.jpeg 805w, https:\/\/www.stildesign.ca\/wp-content\/uploads\/2022\/08\/garage-6-300x200.jpeg 300w, https:\/\/www.stildesign.ca\/wp-content\/uploads\/2022\/08\/garage-6-768x512.jpeg 768w\" sizes=\"auto, (max-width: 805px) 100vw, 805px\" \/><\/a><\/figure>\n\n<\/div><\/div><\/div>\n\n<div class=\"gb-grid-column gb-grid-column-41a579ae\"><div class=\"gb-container gb-container-41a579ae\"><div class=\"gb-inside-container\">\n\n<figure class=\"wp-block-image size-full\"><a href=\"https:\/\/www.stildesign.ca\/wp-content\/uploads\/2022\/08\/stil-91-Garage.jpeg\"><img loading=\"lazy\" decoding=\"async\" width=\"805\" height=\"537\" src=\"https:\/\/www.stildesign.ca\/wp-content\/uploads\/2022\/08\/stil-91-Garage.jpeg\" alt=\"\" class=\"wp-image-396\" srcset=\"https:\/\/www.stildesign.ca\/wp-content\/uploads\/2022\/08\/stil-91-Garage.jpeg 805w, https:\/\/www.stildesign.ca\/wp-content\/uploads\/2022\/08\/stil-91-Garage-300x200.jpeg 300w, https:\/\/www.stildesign.ca\/wp-content\/uploads\/2022\/08\/stil-91-Garage-768x512.jpeg 768w\" sizes=\"auto, (max-width: 805px) 100vw, 805px\" \/><\/a><\/figure>\n\n<\/div><\/div><\/div>\n\n<div class=\"gb-grid-column gb-grid-column-088b22e6\"><div class=\"gb-container gb-container-088b22e6\"><div class=\"gb-inside-container\">\n\n<figure class=\"wp-block-image size-full\"><a href=\"https:\/\/www.stildesign.ca\/wp-content\/uploads\/2022\/08\/garage-4.jpeg\"><img loading=\"lazy\" decoding=\"async\" width=\"805\" height=\"537\" src=\"https:\/\/www.stildesign.ca\/wp-content\/uploads\/2022\/08\/garage-4.jpeg\" alt=\"\" class=\"wp-image-397\" srcset=\"https:\/\/www.stildesign.ca\/wp-content\/uploads\/2022\/08\/garage-4.jpeg 805w, https:\/\/www.stildesign.ca\/wp-content\/uploads\/2022\/08\/garage-4-300x200.jpeg 300w, https:\/\/www.stildesign.ca\/wp-content\/uploads\/2022\/08\/garage-4-768x512.jpeg 768w\" sizes=\"auto, (max-width: 805px) 100vw, 805px\" \/><\/a><\/figure>\n\n<\/div><\/div><\/div>\n<\/div>\n\n\n<div class=\"wp-block-group is-layout-constrained wp-container-core-group-is-layout-5d732691 wp-block-group-is-layout-constrained\" style=\"padding-top:60px;padding-right:15px;padding-bottom:60px;padding-left:15px\">\n<h2 class=\"wp-block-heading has-text-align-center has-text-grey-color has-text-color has-h-2-font-size\" style=\"font-style:normal;font-weight:300\">VESTIBULE<\/h2>\n\n\n\n<p class=\"has-text-align-center has-text-light-grey-color has-text-color has-paragraphs-2-font-size\" style=\"letter-spacing:1px;line-height:1.3\"><br>Les entr\u00e9es et sorties peuvent \u00eatre chaotiques, surtout pour les familles occup\u00e9es. Sortir rapidement est parfois impossible quand tout le monde cherche ses chaussures, son manteau, etc. STIL Design peut construire et personnaliser un vestibule pour vos besoins. Chaque chose aura sa place; il suffira de prendre ce dont vous avez besoin et de sortir!    <\/p>\n<\/div>\n\n\n<div class=\"gb-grid-wrapper gb-grid-wrapper-7d366bc5 fancy-class\">\n<div class=\"gb-grid-column gb-grid-column-1fe10655\"><div class=\"gb-container gb-container-1fe10655\"><div class=\"gb-inside-container\">\n\n<figure class=\"wp-block-image size-large\"><a href=\"https:\/\/www.stildesign.ca\/wp-content\/uploads\/2022\/08\/mudroom-1.jpeg\"><img loading=\"lazy\" decoding=\"async\" width=\"681\" height=\"1024\" src=\"https:\/\/www.stildesign.ca\/wp-content\/uploads\/2022\/08\/mudroom-1-681x1024.jpeg\" alt=\"\" class=\"wp-image-398\" srcset=\"https:\/\/www.stildesign.ca\/wp-content\/uploads\/2022\/08\/mudroom-1-681x1024.jpeg 681w, https:\/\/www.stildesign.ca\/wp-content\/uploads\/2022\/08\/mudroom-1-199x300.jpeg 199w, https:\/\/www.stildesign.ca\/wp-content\/uploads\/2022\/08\/mudroom-1.jpeg 700w\" sizes=\"auto, (max-width: 681px) 100vw, 681px\" \/><\/a><\/figure>\n\n<\/div><\/div><\/div>\n\n<div class=\"gb-grid-column gb-grid-column-fdfe75ff\"><div class=\"gb-container gb-container-fdfe75ff\"><div class=\"gb-inside-container\">\n\n<figure class=\"wp-block-image size-large\"><a href=\"https:\/\/www.stildesign.ca\/wp-content\/uploads\/2022\/08\/mudroom-2.jpeg\"><img loading=\"lazy\" decoding=\"async\" width=\"681\" height=\"1024\" src=\"https:\/\/www.stildesign.ca\/wp-content\/uploads\/2022\/08\/mudroom-2-681x1024.jpeg\" alt=\"\" class=\"wp-image-399\" srcset=\"https:\/\/www.stildesign.ca\/wp-content\/uploads\/2022\/08\/mudroom-2-681x1024.jpeg 681w, https:\/\/www.stildesign.ca\/wp-content\/uploads\/2022\/08\/mudroom-2-199x300.jpeg 199w, https:\/\/www.stildesign.ca\/wp-content\/uploads\/2022\/08\/mudroom-2.jpeg 700w\" sizes=\"auto, (max-width: 681px) 100vw, 681px\" \/><\/a><\/figure>\n\n<\/div><\/div><\/div>\n\n<div class=\"gb-grid-column gb-grid-column-dec6c15d\"><div class=\"gb-container gb-container-dec6c15d\"><div class=\"gb-inside-container\">\n\n<figure class=\"wp-block-image size-large\"><a href=\"https:\/\/www.stildesign.ca\/wp-content\/uploads\/2022\/08\/mudroom-3-e1500914487757.jpeg\"><img loading=\"lazy\" decoding=\"async\" width=\"1024\" height=\"758\" src=\"https:\/\/www.stildesign.ca\/wp-content\/uploads\/2022\/08\/mudroom-3-e1500914487757-1024x758.jpeg\" alt=\"\" class=\"wp-image-400\" srcset=\"https:\/\/www.stildesign.ca\/wp-content\/uploads\/2022\/08\/mudroom-3-e1500914487757-1024x758.jpeg 1024w, https:\/\/www.stildesign.ca\/wp-content\/uploads\/2022\/08\/mudroom-3-e1500914487757-300x222.jpeg 300w, https:\/\/www.stildesign.ca\/wp-content\/uploads\/2022\/08\/mudroom-3-e1500914487757-768x568.jpeg 768w, https:\/\/www.stildesign.ca\/wp-content\/uploads\/2022\/08\/mudroom-3-e1500914487757.jpeg 1073w\" sizes=\"auto, (max-width: 1024px) 100vw, 1024px\" \/><\/a><\/figure>\n\n<\/div><\/div><\/div>\n<\/div>\n\n\n<div class=\"wp-block-group is-layout-constrained wp-container-core-group-is-layout-5d732691 wp-block-group-is-layout-constrained\" style=\"padding-top:60px;padding-right:15px;padding-bottom:60px;padding-left:15px\">\n<h2 class=\"wp-block-heading has-text-align-center has-text-grey-color has-text-color has-h-2-font-size\" style=\"font-style:normal;font-weight:300\">BUANDERIE<\/h2>\n\n\n\n<p class=\"has-text-align-center has-text-light-grey-color has-text-color has-paragraphs-2-font-size\" style=\"letter-spacing:1px;line-height:1.3\">Nous voulons que votre buanderie soit aussi belle que le reste de votre maison et qu\u2019elle vous inspire \u00e0 ex\u00e9cuter vos t\u00e2ches m\u00e9nag\u00e8res. Votre nouvelle buanderie sera dot\u00e9e des armoires et de l\u2019espace de rangement dont vous avez besoin pour maintenir votre maison bien organis\u00e9e. <\/p>\n<\/div>\n\n\n<div class=\"gb-grid-wrapper gb-grid-wrapper-4a0f490f fancy-class\">\n<div class=\"gb-grid-column gb-grid-column-337f4bea\"><div class=\"gb-container gb-container-337f4bea\"><div class=\"gb-inside-container\">\n\n<figure class=\"wp-block-image size-large\"><a href=\"https:\/\/www.stildesign.ca\/wp-content\/uploads\/2022\/08\/laundry-room-1-edit-e1506951074375.jpeg\"><img loading=\"lazy\" decoding=\"async\" width=\"1024\" height=\"760\" src=\"https:\/\/www.stildesign.ca\/wp-content\/uploads\/2022\/08\/laundry-room-1-edit-e1506951074375-1024x760.jpeg\" alt=\"\" class=\"wp-image-401\" srcset=\"https:\/\/www.stildesign.ca\/wp-content\/uploads\/2022\/08\/laundry-room-1-edit-e1506951074375-1024x760.jpeg 1024w, https:\/\/www.stildesign.ca\/wp-content\/uploads\/2022\/08\/laundry-room-1-edit-e1506951074375-300x223.jpeg 300w, https:\/\/www.stildesign.ca\/wp-content\/uploads\/2022\/08\/laundry-room-1-edit-e1506951074375-768x570.jpeg 768w, https:\/\/www.stildesign.ca\/wp-content\/uploads\/2022\/08\/laundry-room-1-edit-e1506951074375.jpeg 1067w\" sizes=\"auto, (max-width: 1024px) 100vw, 1024px\" \/><\/a><\/figure>\n\n<\/div><\/div><\/div>\n\n<div class=\"gb-grid-column gb-grid-column-05effbc8\"><div class=\"gb-container gb-container-05effbc8\"><div class=\"gb-inside-container\">\n\n<figure class=\"wp-block-image size-large\"><a href=\"https:\/\/www.stildesign.ca\/wp-content\/uploads\/2022\/08\/laundry-room-2.jpeg\"><img loading=\"lazy\" decoding=\"async\" width=\"681\" height=\"1024\" src=\"https:\/\/www.stildesign.ca\/wp-content\/uploads\/2022\/08\/laundry-room-2-681x1024.jpeg\" alt=\"\" class=\"wp-image-402\" srcset=\"https:\/\/www.stildesign.ca\/wp-content\/uploads\/2022\/08\/laundry-room-2-681x1024.jpeg 681w, https:\/\/www.stildesign.ca\/wp-content\/uploads\/2022\/08\/laundry-room-2-199x300.jpeg 199w, https:\/\/www.stildesign.ca\/wp-content\/uploads\/2022\/08\/laundry-room-2.jpeg 700w\" sizes=\"auto, (max-width: 681px) 100vw, 681px\" \/><\/a><\/figure>\n\n<\/div><\/div><\/div>\n\n<div class=\"gb-grid-column gb-grid-column-d47493c9\"><div class=\"gb-container gb-container-d47493c9\"><div class=\"gb-inside-container\">\n\n<figure class=\"wp-block-image size-large\"><a href=\"https:\/\/www.stildesign.ca\/wp-content\/uploads\/2022\/08\/laundry-room-3.jpeg\"><img loading=\"lazy\" decoding=\"async\" width=\"681\" height=\"1024\" src=\"https:\/\/www.stildesign.ca\/wp-content\/uploads\/2022\/08\/laundry-room-3-681x1024.jpeg\" alt=\"\" class=\"wp-image-403\" srcset=\"https:\/\/www.stildesign.ca\/wp-content\/uploads\/2022\/08\/laundry-room-3-681x1024.jpeg 681w, https:\/\/www.stildesign.ca\/wp-content\/uploads\/2022\/08\/laundry-room-3-199x300.jpeg 199w, https:\/\/www.stildesign.ca\/wp-content\/uploads\/2022\/08\/laundry-room-3.jpeg 700w\" sizes=\"auto, (max-width: 681px) 100vw, 681px\" \/><\/a><\/figure>\n\n<\/div><\/div><\/div>\n<\/div><\/div>\n","protected":false},"excerpt":{"rendered":"<p>GARAGE Imaginez un espace chez vous o\u00f9 chaque chose que vous poss\u00e9dez a sa propre place, des outils, de la quincaillerie et des accessoires pour votre v\u00e9hicule aux produits de nettoyage, \u00e9quipements sportifs ou outils de jardinage. L\u2019\u00e9quipe de STIL Design veut vous aider \u00e0 cr\u00e9er l\u2019espace m\u00e9nager de vos r\u00eaves en y ajoutant des [&hellip;]<\/p>\n","protected":false},"author":2,"featured_media":0,"parent":1111,"menu_order":5,"comment_status":"closed","ping_status":"closed","template":"page-footer2","meta":{"footnotes":""},"class_list":["post-1117","page","type-page","status-publish","hentry"],"yoast_head":"<!-- This site is optimized with the Yoast SEO plugin v27.4 - https:\/\/yoast.com\/product\/yoast-seo-wordpress\/ -->\n<title>Espaces M\u00e9nagers Personnalis\u00e9s | STIL Design<\/title>\n<meta name=\"description\" content=\"Optimisez votre garage, vestibule et buanderie avec les solutions de rangement sur mesure de STIL Design. D\u00e9couvrez comment nos conceptions personnalis\u00e9es peuvent transformer vos espaces m\u00e9nagers en zones fonctionnelles et bien organis\u00e9es. Contactez-nous pour une consultation gratuite et commencez \u00e0 maximiser votre espace aujourd&#039;hui.\" \/>\n<meta name=\"robots\" content=\"index, follow, max-snippet:-1, max-image-preview:large, max-video-preview:-1\" \/>\n<link rel=\"canonical\" href=\"https:\/\/www.stildesign.ca\/fr\/projets\/espaces-menagers\/\" \/>\n<meta property=\"og:locale\" content=\"fr_FR\" \/>\n<meta property=\"og:type\" content=\"article\" \/>\n<meta property=\"og:title\" content=\"Espaces M\u00e9nagers Personnalis\u00e9s | STIL Design\" \/>\n<meta property=\"og:description\" content=\"Optimisez votre garage, vestibule et buanderie avec les solutions de rangement sur mesure de STIL Design. D\u00e9couvrez comment nos conceptions personnalis\u00e9es peuvent transformer vos espaces m\u00e9nagers en zones fonctionnelles et bien organis\u00e9es. Contactez-nous pour une consultation gratuite et commencez \u00e0 maximiser votre espace aujourd&#039;hui.\" \/>\n<meta property=\"og:url\" content=\"https:\/\/www.stildesign.ca\/fr\/projets\/espaces-menagers\/\" \/>\n<meta property=\"og:site_name\" content=\"STIL Design\" \/>\n<meta property=\"article:publisher\" content=\"https:\/\/www.facebook.com\/STILDESIGN\/\" \/>\n<meta property=\"article:modified_time\" content=\"2025-07-25T18:08:24+00:00\" \/>\n<meta property=\"og:image\" content=\"https:\/\/www.stildesign.ca\/wp-content\/uploads\/2022\/08\/utility-banner.jpeg\" \/>\n\t<meta property=\"og:image:width\" content=\"2500\" \/>\n\t<meta property=\"og:image:height\" content=\"982\" \/>\n\t<meta property=\"og:image:type\" content=\"image\/jpeg\" \/>\n<meta name=\"twitter:card\" content=\"summary_large_image\" \/>\n<script type=\"application\/ld+json\" class=\"yoast-schema-graph\">{\"@context\":\"https:\\\/\\\/schema.org\",\"@graph\":[{\"@type\":\"WebPage\",\"@id\":\"https:\\\/\\\/www.stildesign.ca\\\/fr\\\/projets\\\/espaces-menagers\\\/\",\"url\":\"https:\\\/\\\/www.stildesign.ca\\\/fr\\\/projets\\\/espaces-menagers\\\/\",\"name\":\"Espaces M\u00e9nagers Personnalis\u00e9s | STIL Design\",\"isPartOf\":{\"@id\":\"https:\\\/\\\/www.stildesign.ca\\\/fr\\\/#website\"},\"primaryImageOfPage\":{\"@id\":\"https:\\\/\\\/www.stildesign.ca\\\/fr\\\/projets\\\/espaces-menagers\\\/#primaryimage\"},\"image\":{\"@id\":\"https:\\\/\\\/www.stildesign.ca\\\/fr\\\/projets\\\/espaces-menagers\\\/#primaryimage\"},\"thumbnailUrl\":\"https:\\\/\\\/www.stildesign.ca\\\/wp-content\\\/uploads\\\/2022\\\/08\\\/utility-banner.jpeg\",\"datePublished\":\"2022-08-15T19:07:59+00:00\",\"dateModified\":\"2025-07-25T18:08:24+00:00\",\"description\":\"Optimisez votre garage, vestibule et buanderie avec les solutions de rangement sur mesure de STIL Design. D\u00e9couvrez comment nos conceptions personnalis\u00e9es peuvent transformer vos espaces m\u00e9nagers en zones fonctionnelles et bien organis\u00e9es. Contactez-nous pour une consultation gratuite et commencez \u00e0 maximiser votre espace aujourd'hui.\",\"breadcrumb\":{\"@id\":\"https:\\\/\\\/www.stildesign.ca\\\/fr\\\/projets\\\/espaces-menagers\\\/#breadcrumb\"},\"inLanguage\":\"fr-FR\",\"potentialAction\":[{\"@type\":\"ReadAction\",\"target\":[\"https:\\\/\\\/www.stildesign.ca\\\/fr\\\/projets\\\/espaces-menagers\\\/\"]}]},{\"@type\":\"ImageObject\",\"inLanguage\":\"fr-FR\",\"@id\":\"https:\\\/\\\/www.stildesign.ca\\\/fr\\\/projets\\\/espaces-menagers\\\/#primaryimage\",\"url\":\"https:\\\/\\\/www.stildesign.ca\\\/wp-content\\\/uploads\\\/2022\\\/08\\\/utility-banner.jpeg\",\"contentUrl\":\"https:\\\/\\\/www.stildesign.ca\\\/wp-content\\\/uploads\\\/2022\\\/08\\\/utility-banner.jpeg\"},{\"@type\":\"BreadcrumbList\",\"@id\":\"https:\\\/\\\/www.stildesign.ca\\\/fr\\\/projets\\\/espaces-menagers\\\/#breadcrumb\",\"itemListElement\":[{\"@type\":\"ListItem\",\"position\":1,\"name\":\"Home\",\"item\":\"https:\\\/\\\/www.stildesign.ca\\\/fr\\\/\"},{\"@type\":\"ListItem\",\"position\":2,\"name\":\"PROJETS\",\"item\":\"https:\\\/\\\/www.stildesign.ca\\\/fr\\\/projets\\\/\"},{\"@type\":\"ListItem\",\"position\":3,\"name\":\"Espace m\u00e9nager\"}]},{\"@type\":\"WebSite\",\"@id\":\"https:\\\/\\\/www.stildesign.ca\\\/fr\\\/#website\",\"url\":\"https:\\\/\\\/www.stildesign.ca\\\/fr\\\/\",\"name\":\"STIL Design\",\"description\":\"Premium Custom Storage Solutions Montreal\",\"publisher\":{\"@id\":\"https:\\\/\\\/www.stildesign.ca\\\/fr\\\/#organization\"},\"potentialAction\":[{\"@type\":\"SearchAction\",\"target\":{\"@type\":\"EntryPoint\",\"urlTemplate\":\"https:\\\/\\\/www.stildesign.ca\\\/fr\\\/?s={search_term_string}\"},\"query-input\":{\"@type\":\"PropertyValueSpecification\",\"valueRequired\":true,\"valueName\":\"search_term_string\"}}],\"inLanguage\":\"fr-FR\"},{\"@type\":\"Organization\",\"@id\":\"https:\\\/\\\/www.stildesign.ca\\\/fr\\\/#organization\",\"name\":\"STIL Design\",\"url\":\"https:\\\/\\\/www.stildesign.ca\\\/fr\\\/\",\"logo\":{\"@type\":\"ImageObject\",\"inLanguage\":\"fr-FR\",\"@id\":\"https:\\\/\\\/www.stildesign.ca\\\/fr\\\/#\\\/schema\\\/logo\\\/image\\\/\",\"url\":\"https:\\\/\\\/www.stildesign.ca\\\/wp-content\\\/uploads\\\/2024\\\/07\\\/stil-logo-web-ca.jpg\",\"contentUrl\":\"https:\\\/\\\/www.stildesign.ca\\\/wp-content\\\/uploads\\\/2024\\\/07\\\/stil-logo-web-ca.jpg\",\"width\":690,\"height\":690,\"caption\":\"STIL Design\"},\"image\":{\"@id\":\"https:\\\/\\\/www.stildesign.ca\\\/fr\\\/#\\\/schema\\\/logo\\\/image\\\/\"},\"sameAs\":[\"https:\\\/\\\/www.facebook.com\\\/STILDESIGN\\\/\"]}]}<\/script>\n<!-- \/ Yoast SEO plugin. -->","yoast_head_json":{"title":"Espaces M\u00e9nagers Personnalis\u00e9s | STIL Design","description":"Optimisez votre garage, vestibule et buanderie avec les solutions de rangement sur mesure de STIL Design. D\u00e9couvrez comment nos conceptions personnalis\u00e9es peuvent transformer vos espaces m\u00e9nagers en zones fonctionnelles et bien organis\u00e9es. Contactez-nous pour une consultation gratuite et commencez \u00e0 maximiser votre espace aujourd'hui.","robots":{"index":"index","follow":"follow","max-snippet":"max-snippet:-1","max-image-preview":"max-image-preview:large","max-video-preview":"max-video-preview:-1"},"canonical":"https:\/\/www.stildesign.ca\/fr\/projets\/espaces-menagers\/","og_locale":"fr_FR","og_type":"article","og_title":"Espaces M\u00e9nagers Personnalis\u00e9s | STIL Design","og_description":"Optimisez votre garage, vestibule et buanderie avec les solutions de rangement sur mesure de STIL Design. D\u00e9couvrez comment nos conceptions personnalis\u00e9es peuvent transformer vos espaces m\u00e9nagers en zones fonctionnelles et bien organis\u00e9es. Contactez-nous pour une consultation gratuite et commencez \u00e0 maximiser votre espace aujourd'hui.","og_url":"https:\/\/www.stildesign.ca\/fr\/projets\/espaces-menagers\/","og_site_name":"STIL Design","article_publisher":"https:\/\/www.facebook.com\/STILDESIGN\/","article_modified_time":"2025-07-25T18:08:24+00:00","og_image":[{"width":2500,"height":982,"url":"https:\/\/www.stildesign.ca\/wp-content\/uploads\/2022\/08\/utility-banner.jpeg","type":"image\/jpeg"}],"twitter_card":"summary_large_image","schema":{"@context":"https:\/\/schema.org","@graph":[{"@type":"WebPage","@id":"https:\/\/www.stildesign.ca\/fr\/projets\/espaces-menagers\/","url":"https:\/\/www.stildesign.ca\/fr\/projets\/espaces-menagers\/","name":"Espaces M\u00e9nagers Personnalis\u00e9s | STIL Design","isPartOf":{"@id":"https:\/\/www.stildesign.ca\/fr\/#website"},"primaryImageOfPage":{"@id":"https:\/\/www.stildesign.ca\/fr\/projets\/espaces-menagers\/#primaryimage"},"image":{"@id":"https:\/\/www.stildesign.ca\/fr\/projets\/espaces-menagers\/#primaryimage"},"thumbnailUrl":"https:\/\/www.stildesign.ca\/wp-content\/uploads\/2022\/08\/utility-banner.jpeg","datePublished":"2022-08-15T19:07:59+00:00","dateModified":"2025-07-25T18:08:24+00:00","description":"Optimisez votre garage, vestibule et buanderie avec les solutions de rangement sur mesure de STIL Design. D\u00e9couvrez comment nos conceptions personnalis\u00e9es peuvent transformer vos espaces m\u00e9nagers en zones fonctionnelles et bien organis\u00e9es. Contactez-nous pour une consultation gratuite et commencez \u00e0 maximiser votre espace aujourd'hui.","breadcrumb":{"@id":"https:\/\/www.stildesign.ca\/fr\/projets\/espaces-menagers\/#breadcrumb"},"inLanguage":"fr-FR","potentialAction":[{"@type":"ReadAction","target":["https:\/\/www.stildesign.ca\/fr\/projets\/espaces-menagers\/"]}]},{"@type":"ImageObject","inLanguage":"fr-FR","@id":"https:\/\/www.stildesign.ca\/fr\/projets\/espaces-menagers\/#primaryimage","url":"https:\/\/www.stildesign.ca\/wp-content\/uploads\/2022\/08\/utility-banner.jpeg","contentUrl":"https:\/\/www.stildesign.ca\/wp-content\/uploads\/2022\/08\/utility-banner.jpeg"},{"@type":"BreadcrumbList","@id":"https:\/\/www.stildesign.ca\/fr\/projets\/espaces-menagers\/#breadcrumb","itemListElement":[{"@type":"ListItem","position":1,"name":"Home","item":"https:\/\/www.stildesign.ca\/fr\/"},{"@type":"ListItem","position":2,"name":"PROJETS","item":"https:\/\/www.stildesign.ca\/fr\/projets\/"},{"@type":"ListItem","position":3,"name":"Espace m\u00e9nager"}]},{"@type":"WebSite","@id":"https:\/\/www.stildesign.ca\/fr\/#website","url":"https:\/\/www.stildesign.ca\/fr\/","name":"STIL Design","description":"Premium Custom Storage Solutions Montreal","publisher":{"@id":"https:\/\/www.stildesign.ca\/fr\/#organization"},"potentialAction":[{"@type":"SearchAction","target":{"@type":"EntryPoint","urlTemplate":"https:\/\/www.stildesign.ca\/fr\/?s={search_term_string}"},"query-input":{"@type":"PropertyValueSpecification","valueRequired":true,"valueName":"search_term_string"}}],"inLanguage":"fr-FR"},{"@type":"Organization","@id":"https:\/\/www.stildesign.ca\/fr\/#organization","name":"STIL Design","url":"https:\/\/www.stildesign.ca\/fr\/","logo":{"@type":"ImageObject","inLanguage":"fr-FR","@id":"https:\/\/www.stildesign.ca\/fr\/#\/schema\/logo\/image\/","url":"https:\/\/www.stildesign.ca\/wp-content\/uploads\/2024\/07\/stil-logo-web-ca.jpg","contentUrl":"https:\/\/www.stildesign.ca\/wp-content\/uploads\/2024\/07\/stil-logo-web-ca.jpg","width":690,"height":690,"caption":"STIL Design"},"image":{"@id":"https:\/\/www.stildesign.ca\/fr\/#\/schema\/logo\/image\/"},"sameAs":["https:\/\/www.facebook.com\/STILDESIGN\/"]}]}},"_links":{"self":[{"href":"https:\/\/www.stildesign.ca\/fr\/wp-json\/wp\/v2\/pages\/1117","targetHints":{"allow":["GET"]}}],"collection":[{"href":"https:\/\/www.stildesign.ca\/fr\/wp-json\/wp\/v2\/pages"}],"about":[{"href":"https:\/\/www.stildesign.ca\/fr\/wp-json\/wp\/v2\/types\/page"}],"author":[{"embeddable":true,"href":"https:\/\/www.stildesign.ca\/fr\/wp-json\/wp\/v2\/users\/2"}],"replies":[{"embeddable":true,"href":"https:\/\/www.stildesign.ca\/fr\/wp-json\/wp\/v2\/comments?post=1117"}],"version-history":[{"count":10,"href":"https:\/\/www.stildesign.ca\/fr\/wp-json\/wp\/v2\/pages\/1117\/revisions"}],"predecessor-version":[{"id":2029,"href":"https:\/\/www.stildesign.ca\/fr\/wp-json\/wp\/v2\/pages\/1117\/revisions\/2029"}],"up":[{"embeddable":true,"href":"https:\/\/www.stildesign.ca\/fr\/wp-json\/wp\/v2\/pages\/1111"}],"wp:attachment":[{"href":"https:\/\/www.stildesign.ca\/fr\/wp-json\/wp\/v2\/media?parent=1117"}],"curies":[{"name":"wp","href":"https:\/\/api.w.org\/{rel}","templated":true}]}}