{"id":1111,"date":"2022-08-08T17:25:22","date_gmt":"2022-08-08T21:25:22","guid":{"rendered":"https:\/\/www.stildesign.ca\/projets\/"},"modified":"2025-07-25T14:05:28","modified_gmt":"2025-07-25T18:05:28","slug":"projets","status":"publish","type":"page","link":"https:\/\/www.stildesign.ca\/fr\/projets\/","title":{"rendered":"PROJETS"},"content":{"rendered":"\n<h1 style=\"display:none;\">Projets<\/h1><style>:root :where(.is-layout-flow) > * { margin-block-start: 0; margin-block-end: 0; }<\/style>\n\n\n\n<div class=\"wp-block-group alignfull orange-animation-block h-700px is-layout-flow wp-block-group-is-layout-flow\" style=\"padding-top:0px;padding-right:0px;padding-bottom:0px;padding-left:0px\">\n<div class=\"wp-block-columns split-columns-2x2 is-layout-flex wp-container-core-columns-is-layout-d2ca7aa4 wp-block-columns-is-layout-flex\">\n<div class=\"wp-block-column is-layout-flow wp-block-column-is-layout-flow\">\n<div class=\"wp-block-columns is-layout-flex wp-container-core-columns-is-layout-d2ca7aa4 wp-block-columns-is-layout-flex\">\n<div class=\"wp-block-column is-layout-flow wp-block-column-is-layout-flow\"><a     class=\"wp-block-tiptip-hyperlink-group-block\" >\n<div class=\"wp-block-cover is-light\" style=\"padding-top:10px;padding-right:10px;padding-bottom:10px;padding-left:10px;min-height:40vw;aspect-ratio:unset;\"><span aria-hidden=\"true\" class=\"wp-block-cover__background has-background-dim-20 has-background-dim\"><\/span><img loading=\"lazy\" decoding=\"async\" width=\"500\" height=\"763\" class=\"wp-block-cover__image-background wp-image-124\" alt=\"\" src=\"https:\/\/www.stildesign.ca\/wp-content\/uploads\/2022\/08\/closet-space.jpeg\" data-object-fit=\"cover\" srcset=\"https:\/\/www.stildesign.ca\/wp-content\/uploads\/2022\/08\/closet-space.jpeg 500w, https:\/\/www.stildesign.ca\/wp-content\/uploads\/2022\/08\/closet-space-197x300.jpeg 197w\" sizes=\"auto, (max-width: 500px) 100vw, 500px\" \/><div class=\"wp-block-cover__inner-container is-layout-flow wp-block-cover-is-layout-flow\">\n<div class=\"wp-block-group orange-overlay-animation translate-overlay-1 is-layout-flow wp-block-group-is-layout-flow\"><\/div>\n\n\n\n<h2 class=\"has-text-align-center has-white-color has-text-color wp-block-heading\" style=\"font-size:2.2rem;font-style:normal;font-weight:600;text-transform:uppercase;letter-spacing:4px;margin-top:2rem;margin-bottom:2rem\">Garde-robe<\/h2>\n\n\n\n<p class=\"has-text-align-center has-white-color has-text-color\">Simplifiez-vous la vie en choisissant l\u2019une de nos garde-robes faites sur mesure. Vous pourrez enfin consacrer plus de temps \u00e0 vous pr\u00e9parer et moins \u00e0 chercher ce dont vous avez besoin dans votre garde-robe.<\/p>\n\n\n\n<div class=\"wp-block-group orange-overlay-animation translate-overlay-2 is-layout-flow wp-block-group-is-layout-flow\"><\/div>\n<\/div><\/div>\n<\/a><\/div>\n\n\n\n<div class=\"wp-block-column is-layout-flow wp-block-column-is-layout-flow\"><a     class=\"wp-block-tiptip-hyperlink-group-block\" >\n<div class=\"wp-block-cover\" style=\"padding-top:10px;padding-right:10px;padding-bottom:10px;padding-left:10px;min-height:40vw;aspect-ratio:unset;\"><span aria-hidden=\"true\" class=\"wp-block-cover__background has-background-dim-20 has-background-dim\"><\/span><img loading=\"lazy\" decoding=\"async\" width=\"500\" height=\"763\" class=\"wp-block-cover__image-background wp-image-125\" alt=\"\" src=\"https:\/\/www.stildesign.ca\/wp-content\/uploads\/2022\/08\/personal-space-2.jpeg\" data-object-fit=\"cover\" srcset=\"https:\/\/www.stildesign.ca\/wp-content\/uploads\/2022\/08\/personal-space-2.jpeg 500w, https:\/\/www.stildesign.ca\/wp-content\/uploads\/2022\/08\/personal-space-2-197x300.jpeg 197w\" sizes=\"auto, (max-width: 500px) 100vw, 500px\" \/><div class=\"wp-block-cover__inner-container is-layout-flow wp-block-cover-is-layout-flow\">\n<div class=\"wp-block-group orange-overlay-animation translate-overlay-1 is-layout-flow wp-block-group-is-layout-flow\"><\/div>\n\n\n\n<h2 class=\"has-text-align-center has-white-color has-text-color wp-block-heading\" style=\"font-size:2.2rem;font-style:normal;font-weight:600;text-transform:uppercase;letter-spacing:4px;margin-top:2rem;margin-bottom:2rem\">Espace personnel<\/h2>\n\n\n\n<p class=\"has-text-align-center has-white-color has-text-color\" style=\"font-size:1rem;line-height:1.7\">Que vous vouliez travailler de la maison, relaxer devant la t\u00e9l\u00e9vision ou accueillir des amis, votre espace personnel devrait refl\u00e9ter votre personnalit\u00e9. Jetez un coup d\u2019\u0153il \u00e0 nos solutions sur mesure et laissez-nous personnaliser la v\u00f4tre selon votre style.<\/p>\n\n\n\n<div class=\"wp-block-group orange-overlay-animation translate-overlay-2 is-layout-flow wp-block-group-is-layout-flow\"><\/div>\n<\/div><\/div>\n<\/a><\/div>\n<\/div>\n<\/div>\n\n\n\n<div class=\"wp-block-column is-layout-flow wp-block-column-is-layout-flow\">\n<div class=\"wp-block-columns is-layout-flex wp-container-core-columns-is-layout-d2ca7aa4 wp-block-columns-is-layout-flex\">\n<div class=\"wp-block-column is-layout-flow wp-block-column-is-layout-flow\"><a     class=\"wp-block-tiptip-hyperlink-group-block\" >\n<div class=\"wp-block-cover\" style=\"padding-top:10px;padding-right:10px;padding-bottom:10px;padding-left:10px;min-height:40vw;aspect-ratio:unset;\"><span aria-hidden=\"true\" class=\"wp-block-cover__background has-background-dim-20 has-background-dim\"><\/span><img loading=\"lazy\" decoding=\"async\" width=\"481\" height=\"700\" class=\"wp-block-cover__image-background wp-image-126\" alt=\"\" src=\"https:\/\/www.stildesign.ca\/wp-content\/uploads\/2022\/08\/utility-space-2.jpeg\" data-object-fit=\"cover\" srcset=\"https:\/\/www.stildesign.ca\/wp-content\/uploads\/2022\/08\/utility-space-2.jpeg 481w, https:\/\/www.stildesign.ca\/wp-content\/uploads\/2022\/08\/utility-space-2-206x300.jpeg 206w\" sizes=\"auto, (max-width: 481px) 100vw, 481px\" \/><div class=\"wp-block-cover__inner-container is-layout-flow wp-block-cover-is-layout-flow\">\n<div class=\"wp-block-group orange-overlay-animation translate-overlay-1 is-layout-flow wp-block-group-is-layout-flow\"><\/div>\n\n\n\n<h2 class=\"has-text-align-center has-white-color has-text-color wp-block-heading\" style=\"font-size:2.2rem;font-style:normal;font-weight:600;text-transform:uppercase;letter-spacing:4px;margin-top:2rem;margin-bottom:2rem\">Espaces m\u00e9nagers<\/h2>\n\n\n\n<p class=\"has-text-align-center has-white-color has-text-color\" style=\"font-size:1rem;line-height:1.7\">Nous voulons vous aider \u00e0 tirer le maximum de votre espace, que ce soit le garage, le vestibule ou la buanderie.<\/p>\n\n\n\n<div class=\"wp-block-group orange-overlay-animation translate-overlay-2 is-layout-flow wp-block-group-is-layout-flow\"><\/div>\n<\/div><\/div>\n<\/a><\/div>\n\n\n\n<div class=\"wp-block-column is-layout-flow wp-block-column-is-layout-flow\"><a     class=\"wp-block-tiptip-hyperlink-group-block\" >\n<div class=\"wp-block-cover\" style=\"padding-top:10px;padding-right:10px;padding-bottom:10px;padding-left:10px;min-height:40vw;aspect-ratio:unset;\"><span aria-hidden=\"true\" class=\"wp-block-cover__background has-background-dim-20 has-background-dim\"><\/span><img loading=\"lazy\" decoding=\"async\" width=\"500\" height=\"763\" class=\"wp-block-cover__image-background wp-image-127\" alt=\"\" src=\"https:\/\/www.stildesign.ca\/wp-content\/uploads\/2022\/08\/accessories.jpeg\" data-object-fit=\"cover\" srcset=\"https:\/\/www.stildesign.ca\/wp-content\/uploads\/2022\/08\/accessories.jpeg 500w, https:\/\/www.stildesign.ca\/wp-content\/uploads\/2022\/08\/accessories-197x300.jpeg 197w\" sizes=\"auto, (max-width: 500px) 100vw, 500px\" \/><div class=\"wp-block-cover__inner-container is-layout-flow wp-block-cover-is-layout-flow\">\n<div class=\"wp-block-group orange-overlay-animation translate-overlay-1 is-layout-flow wp-block-group-is-layout-flow\"><\/div>\n\n\n\n<h2 class=\"has-text-align-center has-white-color has-text-color wp-block-heading\" style=\"font-size:2.2rem;font-style:normal;font-weight:600;text-transform:uppercase;letter-spacing:4px;margin-top:2rem;margin-bottom:2rem\">Accessoires et bien plus<\/h2>\n\n\n\n<p class=\"has-text-align-center has-white-color has-text-color\" style=\"font-size:1rem;line-height:1.7\">Nous adaptons la conception de nos accessoires, car nous ne voulons pas seulement vous faciliter la vie, nous voulons contribuer \u00e0 l\u2019am\u00e9liorer.<\/p>\n\n\n\n<div class=\"wp-block-group orange-overlay-animation translate-overlay-2 is-layout-flow wp-block-group-is-layout-flow\"><\/div>\n<\/div><\/div>\n<\/a><\/div>\n<\/div>\n<\/div>\n<\/div>\n<\/div>\n\n\n\n<p><\/p>\n","protected":false},"excerpt":{"rendered":"<p>Projets<\/p>\n","protected":false},"author":2,"featured_media":0,"parent":0,"menu_order":2,"comment_status":"closed","ping_status":"closed","template":"","meta":{"footnotes":""},"class_list":["post-1111","page","type-page","status-publish","hentry"],"yoast_head":"<!-- This site is optimized with the Yoast SEO plugin v27.4 - https:\/\/yoast.com\/product\/yoast-seo-wordpress\/ -->\n<title>Projets R\u00e9alis\u00e9s | STIL Design<\/title>\n<meta name=\"description\" content=\"D\u00e9couvrez les projets r\u00e9alis\u00e9s par STIL Design, incluant des garde-robes sur mesure, des bureaux \u00e0 domicile, des lits muraux escamotables, et des solutions de rangement pour espaces m\u00e9nagers. Inspirez-vous de nos cr\u00e9ations et voyez comment nous pouvons transformer votre espace de vie avec des designs personnalis\u00e9s. Contactez-nous pour une consultation gratuite.\" \/>\n<meta name=\"robots\" content=\"index, follow, max-snippet:-1, max-image-preview:large, max-video-preview:-1\" \/>\n<link rel=\"canonical\" href=\"https:\/\/www.stildesign.ca\/fr\/projets\/\" \/>\n<meta property=\"og:locale\" content=\"fr_FR\" \/>\n<meta property=\"og:type\" content=\"article\" \/>\n<meta property=\"og:title\" content=\"Projets R\u00e9alis\u00e9s | STIL Design\" \/>\n<meta property=\"og:description\" content=\"D\u00e9couvrez les projets r\u00e9alis\u00e9s par STIL Design, incluant des garde-robes sur mesure, des bureaux \u00e0 domicile, des lits muraux escamotables, et des solutions de rangement pour espaces m\u00e9nagers. Inspirez-vous de nos cr\u00e9ations et voyez comment nous pouvons transformer votre espace de vie avec des designs personnalis\u00e9s. Contactez-nous pour une consultation gratuite.\" \/>\n<meta property=\"og:url\" content=\"https:\/\/www.stildesign.ca\/fr\/projets\/\" \/>\n<meta property=\"og:site_name\" content=\"STIL Design\" \/>\n<meta property=\"article:publisher\" content=\"https:\/\/www.facebook.com\/STILDESIGN\/\" \/>\n<meta property=\"article:modified_time\" content=\"2025-07-25T18:05:28+00:00\" \/>\n<meta property=\"og:image\" content=\"https:\/\/www.stildesign.ca\/wp-content\/uploads\/2024\/07\/STIL_metaimage.jpg\" \/>\n\t<meta property=\"og:image:width\" content=\"1200\" \/>\n\t<meta property=\"og:image:height\" content=\"675\" \/>\n\t<meta property=\"og:image:type\" content=\"image\/jpeg\" \/>\n<meta name=\"twitter:card\" content=\"summary_large_image\" \/>\n<meta name=\"twitter:label1\" content=\"Dur\u00e9e de lecture estim\u00e9e\" \/>\n\t<meta name=\"twitter:data1\" content=\"2 minutes\" \/>\n<script type=\"application\/ld+json\" class=\"yoast-schema-graph\">{\"@context\":\"https:\\\/\\\/schema.org\",\"@graph\":[{\"@type\":\"WebPage\",\"@id\":\"https:\\\/\\\/www.stildesign.ca\\\/fr\\\/projets\\\/\",\"url\":\"https:\\\/\\\/www.stildesign.ca\\\/fr\\\/projets\\\/\",\"name\":\"Projets R\u00e9alis\u00e9s | STIL Design\",\"isPartOf\":{\"@id\":\"https:\\\/\\\/www.stildesign.ca\\\/fr\\\/#website\"},\"datePublished\":\"2022-08-08T21:25:22+00:00\",\"dateModified\":\"2025-07-25T18:05:28+00:00\",\"description\":\"D\u00e9couvrez les projets r\u00e9alis\u00e9s par STIL Design, incluant des garde-robes sur mesure, des bureaux \u00e0 domicile, des lits muraux escamotables, et des solutions de rangement pour espaces m\u00e9nagers. Inspirez-vous de nos cr\u00e9ations et voyez comment nous pouvons transformer votre espace de vie avec des designs personnalis\u00e9s. Contactez-nous pour une consultation gratuite.\",\"breadcrumb\":{\"@id\":\"https:\\\/\\\/www.stildesign.ca\\\/fr\\\/projets\\\/#breadcrumb\"},\"inLanguage\":\"fr-FR\",\"potentialAction\":[{\"@type\":\"ReadAction\",\"target\":[\"https:\\\/\\\/www.stildesign.ca\\\/fr\\\/projets\\\/\"]}]},{\"@type\":\"BreadcrumbList\",\"@id\":\"https:\\\/\\\/www.stildesign.ca\\\/fr\\\/projets\\\/#breadcrumb\",\"itemListElement\":[{\"@type\":\"ListItem\",\"position\":1,\"name\":\"Home\",\"item\":\"https:\\\/\\\/www.stildesign.ca\\\/fr\\\/\"},{\"@type\":\"ListItem\",\"position\":2,\"name\":\"PROJETS\"}]},{\"@type\":\"WebSite\",\"@id\":\"https:\\\/\\\/www.stildesign.ca\\\/fr\\\/#website\",\"url\":\"https:\\\/\\\/www.stildesign.ca\\\/fr\\\/\",\"name\":\"STIL Design\",\"description\":\"Premium Custom Storage Solutions Montreal\",\"publisher\":{\"@id\":\"https:\\\/\\\/www.stildesign.ca\\\/fr\\\/#organization\"},\"potentialAction\":[{\"@type\":\"SearchAction\",\"target\":{\"@type\":\"EntryPoint\",\"urlTemplate\":\"https:\\\/\\\/www.stildesign.ca\\\/fr\\\/?s={search_term_string}\"},\"query-input\":{\"@type\":\"PropertyValueSpecification\",\"valueRequired\":true,\"valueName\":\"search_term_string\"}}],\"inLanguage\":\"fr-FR\"},{\"@type\":\"Organization\",\"@id\":\"https:\\\/\\\/www.stildesign.ca\\\/fr\\\/#organization\",\"name\":\"STIL Design\",\"url\":\"https:\\\/\\\/www.stildesign.ca\\\/fr\\\/\",\"logo\":{\"@type\":\"ImageObject\",\"inLanguage\":\"fr-FR\",\"@id\":\"https:\\\/\\\/www.stildesign.ca\\\/fr\\\/#\\\/schema\\\/logo\\\/image\\\/\",\"url\":\"https:\\\/\\\/www.stildesign.ca\\\/wp-content\\\/uploads\\\/2024\\\/07\\\/stil-logo-web-ca.jpg\",\"contentUrl\":\"https:\\\/\\\/www.stildesign.ca\\\/wp-content\\\/uploads\\\/2024\\\/07\\\/stil-logo-web-ca.jpg\",\"width\":690,\"height\":690,\"caption\":\"STIL Design\"},\"image\":{\"@id\":\"https:\\\/\\\/www.stildesign.ca\\\/fr\\\/#\\\/schema\\\/logo\\\/image\\\/\"},\"sameAs\":[\"https:\\\/\\\/www.facebook.com\\\/STILDESIGN\\\/\"]}]}<\/script>\n<!-- \/ Yoast SEO plugin. -->","yoast_head_json":{"title":"Projets R\u00e9alis\u00e9s | STIL Design","description":"D\u00e9couvrez les projets r\u00e9alis\u00e9s par STIL Design, incluant des garde-robes sur mesure, des bureaux \u00e0 domicile, des lits muraux escamotables, et des solutions de rangement pour espaces m\u00e9nagers. Inspirez-vous de nos cr\u00e9ations et voyez comment nous pouvons transformer votre espace de vie avec des designs personnalis\u00e9s. Contactez-nous pour une consultation gratuite.","robots":{"index":"index","follow":"follow","max-snippet":"max-snippet:-1","max-image-preview":"max-image-preview:large","max-video-preview":"max-video-preview:-1"},"canonical":"https:\/\/www.stildesign.ca\/fr\/projets\/","og_locale":"fr_FR","og_type":"article","og_title":"Projets R\u00e9alis\u00e9s | STIL Design","og_description":"D\u00e9couvrez les projets r\u00e9alis\u00e9s par STIL Design, incluant des garde-robes sur mesure, des bureaux \u00e0 domicile, des lits muraux escamotables, et des solutions de rangement pour espaces m\u00e9nagers. Inspirez-vous de nos cr\u00e9ations et voyez comment nous pouvons transformer votre espace de vie avec des designs personnalis\u00e9s. Contactez-nous pour une consultation gratuite.","og_url":"https:\/\/www.stildesign.ca\/fr\/projets\/","og_site_name":"STIL Design","article_publisher":"https:\/\/www.facebook.com\/STILDESIGN\/","article_modified_time":"2025-07-25T18:05:28+00:00","og_image":[{"width":1200,"height":675,"url":"https:\/\/www.stildesign.ca\/wp-content\/uploads\/2024\/07\/STIL_metaimage.jpg","type":"image\/jpeg"}],"twitter_card":"summary_large_image","twitter_misc":{"Dur\u00e9e de lecture estim\u00e9e":"2 minutes"},"schema":{"@context":"https:\/\/schema.org","@graph":[{"@type":"WebPage","@id":"https:\/\/www.stildesign.ca\/fr\/projets\/","url":"https:\/\/www.stildesign.ca\/fr\/projets\/","name":"Projets R\u00e9alis\u00e9s | STIL Design","isPartOf":{"@id":"https:\/\/www.stildesign.ca\/fr\/#website"},"datePublished":"2022-08-08T21:25:22+00:00","dateModified":"2025-07-25T18:05:28+00:00","description":"D\u00e9couvrez les projets r\u00e9alis\u00e9s par STIL Design, incluant des garde-robes sur mesure, des bureaux \u00e0 domicile, des lits muraux escamotables, et des solutions de rangement pour espaces m\u00e9nagers. Inspirez-vous de nos cr\u00e9ations et voyez comment nous pouvons transformer votre espace de vie avec des designs personnalis\u00e9s. Contactez-nous pour une consultation gratuite.","breadcrumb":{"@id":"https:\/\/www.stildesign.ca\/fr\/projets\/#breadcrumb"},"inLanguage":"fr-FR","potentialAction":[{"@type":"ReadAction","target":["https:\/\/www.stildesign.ca\/fr\/projets\/"]}]},{"@type":"BreadcrumbList","@id":"https:\/\/www.stildesign.ca\/fr\/projets\/#breadcrumb","itemListElement":[{"@type":"ListItem","position":1,"name":"Home","item":"https:\/\/www.stildesign.ca\/fr\/"},{"@type":"ListItem","position":2,"name":"PROJETS"}]},{"@type":"WebSite","@id":"https:\/\/www.stildesign.ca\/fr\/#website","url":"https:\/\/www.stildesign.ca\/fr\/","name":"STIL Design","description":"Premium Custom Storage Solutions Montreal","publisher":{"@id":"https:\/\/www.stildesign.ca\/fr\/#organization"},"potentialAction":[{"@type":"SearchAction","target":{"@type":"EntryPoint","urlTemplate":"https:\/\/www.stildesign.ca\/fr\/?s={search_term_string}"},"query-input":{"@type":"PropertyValueSpecification","valueRequired":true,"valueName":"search_term_string"}}],"inLanguage":"fr-FR"},{"@type":"Organization","@id":"https:\/\/www.stildesign.ca\/fr\/#organization","name":"STIL Design","url":"https:\/\/www.stildesign.ca\/fr\/","logo":{"@type":"ImageObject","inLanguage":"fr-FR","@id":"https:\/\/www.stildesign.ca\/fr\/#\/schema\/logo\/image\/","url":"https:\/\/www.stildesign.ca\/wp-content\/uploads\/2024\/07\/stil-logo-web-ca.jpg","contentUrl":"https:\/\/www.stildesign.ca\/wp-content\/uploads\/2024\/07\/stil-logo-web-ca.jpg","width":690,"height":690,"caption":"STIL Design"},"image":{"@id":"https:\/\/www.stildesign.ca\/fr\/#\/schema\/logo\/image\/"},"sameAs":["https:\/\/www.facebook.com\/STILDESIGN\/"]}]}},"_links":{"self":[{"href":"https:\/\/www.stildesign.ca\/fr\/wp-json\/wp\/v2\/pages\/1111","targetHints":{"allow":["GET"]}}],"collection":[{"href":"https:\/\/www.stildesign.ca\/fr\/wp-json\/wp\/v2\/pages"}],"about":[{"href":"https:\/\/www.stildesign.ca\/fr\/wp-json\/wp\/v2\/types\/page"}],"author":[{"embeddable":true,"href":"https:\/\/www.stildesign.ca\/fr\/wp-json\/wp\/v2\/users\/2"}],"replies":[{"embeddable":true,"href":"https:\/\/www.stildesign.ca\/fr\/wp-json\/wp\/v2\/comments?post=1111"}],"version-history":[{"count":20,"href":"https:\/\/www.stildesign.ca\/fr\/wp-json\/wp\/v2\/pages\/1111\/revisions"}],"predecessor-version":[{"id":2025,"href":"https:\/\/www.stildesign.ca\/fr\/wp-json\/wp\/v2\/pages\/1111\/revisions\/2025"}],"wp:attachment":[{"href":"https:\/\/www.stildesign.ca\/fr\/wp-json\/wp\/v2\/media?parent=1111"}],"curies":[{"name":"wp","href":"https:\/\/api.w.org\/{rel}","templated":true}]}}