{"id":1109,"date":"2022-08-11T13:37:18","date_gmt":"2022-08-11T17:37:18","guid":{"rendered":"https:\/\/www.stildesign.ca\/a-propos\/videos\/"},"modified":"2025-07-25T13:55:29","modified_gmt":"2025-07-25T17:55:29","slug":"videos","status":"publish","type":"page","link":"https:\/\/www.stildesign.ca\/fr\/a-propos\/videos\/","title":{"rendered":"Vid\u00e9os"},"content":{"rendered":"\n<div class=\"wp-block-group is-layout-flow wp-container-core-group-is-layout-47e5a185 wp-block-group-is-layout-flow\">\n<div class=\"wp-block-group is-layout-flow wp-container-core-group-is-layout-47e5a185 wp-block-group-is-layout-flow\">\n<figure class=\"wp-block-image size-large activate-on-small-screen remove-on-big-screen\"><img loading=\"lazy\" decoding=\"async\" width=\"1024\" height=\"507\" src=\"https:\/\/www.stildesign.ca\/wp-content\/uploads\/2022\/09\/banner-filter-scaled-e1663270184429-1024x507.jpeg\" alt=\"\" class=\"wp-image-1567\" srcset=\"https:\/\/www.stildesign.ca\/wp-content\/uploads\/2022\/09\/banner-filter-scaled-e1663270184429-1024x507.jpeg 1024w, https:\/\/www.stildesign.ca\/wp-content\/uploads\/2022\/09\/banner-filter-scaled-e1663270184429-300x149.jpeg 300w, https:\/\/www.stildesign.ca\/wp-content\/uploads\/2022\/09\/banner-filter-scaled-e1663270184429-768x380.jpeg 768w, https:\/\/www.stildesign.ca\/wp-content\/uploads\/2022\/09\/banner-filter-scaled-e1663270184429-1536x760.jpeg 1536w, https:\/\/www.stildesign.ca\/wp-content\/uploads\/2022\/09\/banner-filter-scaled-e1663270184429.jpeg 2028w\" sizes=\"auto, (max-width: 1024px) 100vw, 1024px\" \/><\/figure>\n\n\n\n<div class=\"wp-block-cover is-light remove-on-small-screen\" style=\"min-height:90vh;aspect-ratio:unset;\"><video class=\"wp-block-cover__video-background intrinsic-ignore\" autoplay muted loop playsinline src=\"https:\/\/www.stildesign.ca\/wp-content\/uploads\/2022\/08\/stil_31-compressed.mp4\" data-object-fit=\"cover\"><\/video><span aria-hidden=\"true\" class=\"wp-block-cover__background has-background-dim-0 has-background-dim\"><\/span><div class=\"wp-block-cover__inner-container is-layout-flow wp-block-cover-is-layout-flow\">\n<p class=\"has-text-align-center has-large-font-size\"><\/p>\n<\/div><\/div>\n<\/div>\n\n\n<div class=\"gb-container gb-container-7ac2de65\"><div class=\"gb-inside-container\">\n\n<h1 class=\"wp-block-heading has-text-align-center has-text-grey-color has-text-color has-h-2-font-size\" style=\"margin-top:0px;margin-right:0px;margin-bottom:0px;margin-left:0px;font-style:normal;font-weight:300;text-transform:uppercase\">VIVEZ L\u2019EXP\u00c9RIENCE DE NOS CONCEPTIONS SUR MESURE, DE A \u00c0 Z!<\/h1>\n\n\n\n<p class=\"has-text-align-center has-text-light-grey-color has-text-color has-paragraphs-2-font-size\" style=\"letter-spacing:1px;line-height:1.3\">Regardez nos projets se d\u00e9rouler sous vos yeux, de la conception \u00e0 la construction, et commencez d\u00e9j\u00e0 \u00e0 imaginer la structure de rangement qui pourrait \u00eatre la v\u00f4tre!<\/p>\n\n<\/div><\/div>\n\n<div class=\"gb-grid-wrapper gb-grid-wrapper-994a9b82\">\n<div class=\"gb-grid-column gb-grid-column-57d07f85\"><div class=\"gb-container gb-container-57d07f85\"><div class=\"gb-inside-container\">\n\n<figure class=\"wp-block-embed is-type-video is-provider-youtube wp-block-embed-youtube wp-embed-aspect-16-9 wp-has-aspect-ratio\"><div class=\"wp-block-embed__wrapper\">\n<iframe loading=\"lazy\" title=\"Stil Design | Wall bed and storage installation\" width=\"500\" height=\"281\" src=\"https:\/\/www.youtube.com\/embed\/2nJhE9i0fgQ?feature=oembed\" frameborder=\"0\" allow=\"accelerometer; autoplay; clipboard-write; encrypted-media; gyroscope; picture-in-picture; web-share\" referrerpolicy=\"strict-origin-when-cross-origin\" allowfullscreen><\/iframe>\n<\/div><\/figure>\n\n<\/div><\/div><\/div>\n\n<div class=\"gb-grid-column gb-grid-column-fc5ab648\"><div class=\"gb-container gb-container-fc5ab648\"><div class=\"gb-inside-container\">\n\n<figure class=\"wp-block-embed is-type-video is-provider-youtube wp-block-embed-youtube wp-embed-aspect-16-9 wp-has-aspect-ratio\"><div class=\"wp-block-embed__wrapper\">\n<iframe loading=\"lazy\" title=\"Stil Design - Walk in closet installation\" width=\"500\" height=\"281\" src=\"https:\/\/www.youtube.com\/embed\/vxF_b3L1n1I?feature=oembed\" frameborder=\"0\" allow=\"accelerometer; autoplay; clipboard-write; encrypted-media; gyroscope; picture-in-picture; web-share\" referrerpolicy=\"strict-origin-when-cross-origin\" allowfullscreen><\/iframe>\n<\/div><\/figure>\n\n<\/div><\/div><\/div>\n\n<div class=\"gb-grid-column gb-grid-column-c89e609e\"><div class=\"gb-container gb-container-c89e609e\"><div class=\"gb-inside-container\">\n\n<figure class=\"wp-block-embed is-type-video is-provider-youtube wp-block-embed-youtube wp-embed-aspect-16-9 wp-has-aspect-ratio\"><div class=\"wp-block-embed__wrapper\">\n<iframe loading=\"lazy\" title=\"STIL Design | Penderie Blanche | White Walk-in Closet\" width=\"500\" height=\"281\" src=\"https:\/\/www.youtube.com\/embed\/jxjFdyZWVYk?feature=oembed\" frameborder=\"0\" allow=\"accelerometer; autoplay; clipboard-write; encrypted-media; gyroscope; picture-in-picture; web-share\" referrerpolicy=\"strict-origin-when-cross-origin\" allowfullscreen><\/iframe>\n<\/div><\/figure>\n\n<\/div><\/div><\/div>\n\n<div class=\"gb-grid-column gb-grid-column-9fdd02f0\"><div class=\"gb-container gb-container-9fdd02f0\"><div class=\"gb-inside-container\">\n\n<figure class=\"wp-block-embed is-type-video is-provider-youtube wp-block-embed-youtube wp-embed-aspect-16-9 wp-has-aspect-ratio\"><div class=\"wp-block-embed__wrapper\">\n<iframe loading=\"lazy\" title=\"Stil Design | Installation de penderie - Walk-in closet Installation\" width=\"500\" height=\"281\" src=\"https:\/\/www.youtube.com\/embed\/Du1AZu8xeQc?feature=oembed\" frameborder=\"0\" allow=\"accelerometer; autoplay; clipboard-write; encrypted-media; gyroscope; picture-in-picture; web-share\" referrerpolicy=\"strict-origin-when-cross-origin\" allowfullscreen><\/iframe>\n<\/div><\/figure>\n\n<\/div><\/div><\/div>\n\n<div class=\"gb-grid-column gb-grid-column-6eded34b\"><div class=\"gb-container gb-container-6eded34b\"><div class=\"gb-inside-container\">\n\n<figure class=\"wp-block-embed is-type-video is-provider-youtube wp-block-embed-youtube wp-embed-aspect-16-9 wp-has-aspect-ratio\"><div class=\"wp-block-embed__wrapper\">\n<iframe loading=\"lazy\" title=\"Stil Design | White Walk-in Closet\" width=\"500\" height=\"281\" src=\"https:\/\/www.youtube.com\/embed\/y1bEjthGTwU?feature=oembed\" frameborder=\"0\" allow=\"accelerometer; autoplay; clipboard-write; encrypted-media; gyroscope; picture-in-picture; web-share\" referrerpolicy=\"strict-origin-when-cross-origin\" allowfullscreen><\/iframe>\n<\/div><\/figure>\n\n<\/div><\/div><\/div>\n\n<div class=\"gb-grid-column gb-grid-column-fe1cdc72\"><div class=\"gb-container gb-container-fe1cdc72\"><div class=\"gb-inside-container\">\n\n<figure class=\"wp-block-embed is-type-video is-provider-youtube wp-block-embed-youtube wp-embed-aspect-16-9 wp-has-aspect-ratio\"><div class=\"wp-block-embed__wrapper\">\n<iframe loading=\"lazy\" title=\"Installation de lit mural | Murphy bed installation\" width=\"500\" height=\"281\" src=\"https:\/\/www.youtube.com\/embed\/5baayyUrGkY?feature=oembed\" frameborder=\"0\" allow=\"accelerometer; autoplay; clipboard-write; encrypted-media; gyroscope; picture-in-picture; web-share\" referrerpolicy=\"strict-origin-when-cross-origin\" allowfullscreen><\/iframe>\n<\/div><\/figure>\n\n<\/div><\/div><\/div>\n<\/div><\/div>\n","protected":false},"excerpt":{"rendered":"<p>VIVEZ L\u2019EXP\u00c9RIENCE DE NOS CONCEPTIONS SUR MESURE, DE A \u00c0 Z! Regardez nos projets se d\u00e9rouler sous vos yeux, de la conception \u00e0 la construction, et commencez d\u00e9j\u00e0 \u00e0 imaginer la structure de rangement qui pourrait \u00eatre la v\u00f4tre!<\/p>\n","protected":false},"author":2,"featured_media":0,"parent":1101,"menu_order":3,"comment_status":"closed","ping_status":"closed","template":"","meta":{"footnotes":""},"class_list":["post-1109","page","type-page","status-publish","hentry"],"yoast_head":"<!-- This site is optimized with the Yoast SEO plugin v27.4 - https:\/\/yoast.com\/product\/yoast-seo-wordpress\/ -->\n<title>Vid\u00e9os de Conceptions sur Mesure | STIL Design<\/title>\n<meta name=\"description\" content=\"D\u00e9couvrez les vid\u00e9os de STIL Design pr\u00e9sentant nos projets de solutions de rangement personnalis\u00e9es, de la conception \u00e0 la r\u00e9alisation. Inspirez-vous de nos vid\u00e9os pour transformer votre espace avec nos designs innovants. Contactez-nous pour une consultation gratuite et commencez \u00e0 imaginer votre nouveau rangement.\" \/>\n<meta name=\"robots\" content=\"index, follow, max-snippet:-1, max-image-preview:large, max-video-preview:-1\" \/>\n<link rel=\"canonical\" href=\"https:\/\/www.stildesign.ca\/fr\/a-propos\/videos\/\" \/>\n<meta property=\"og:locale\" content=\"fr_FR\" \/>\n<meta property=\"og:type\" content=\"article\" \/>\n<meta property=\"og:title\" content=\"Vid\u00e9os de Conceptions sur Mesure | STIL Design\" \/>\n<meta property=\"og:description\" content=\"D\u00e9couvrez les vid\u00e9os de STIL Design pr\u00e9sentant nos projets de solutions de rangement personnalis\u00e9es, de la conception \u00e0 la r\u00e9alisation. Inspirez-vous de nos vid\u00e9os pour transformer votre espace avec nos designs innovants. Contactez-nous pour une consultation gratuite et commencez \u00e0 imaginer votre nouveau rangement.\" \/>\n<meta property=\"og:url\" content=\"https:\/\/www.stildesign.ca\/fr\/a-propos\/videos\/\" \/>\n<meta property=\"og:site_name\" content=\"STIL Design\" \/>\n<meta property=\"article:publisher\" content=\"https:\/\/www.facebook.com\/STILDESIGN\/\" \/>\n<meta property=\"article:modified_time\" content=\"2025-07-25T17:55:29+00:00\" \/>\n<meta property=\"og:image\" content=\"https:\/\/www.stildesign.ca\/wp-content\/uploads\/2022\/09\/banner-filter-scaled-e1663270184429.jpeg\" \/>\n\t<meta property=\"og:image:width\" content=\"2028\" \/>\n\t<meta property=\"og:image:height\" content=\"1004\" \/>\n\t<meta property=\"og:image:type\" content=\"image\/jpeg\" \/>\n<meta name=\"twitter:card\" content=\"summary_large_image\" \/>\n<meta name=\"twitter:label1\" content=\"Dur\u00e9e de lecture estim\u00e9e\" \/>\n\t<meta name=\"twitter:data1\" content=\"1 minute\" \/>\n<script type=\"application\/ld+json\" class=\"yoast-schema-graph\">{\"@context\":\"https:\\\/\\\/schema.org\",\"@graph\":[{\"@type\":\"WebPage\",\"@id\":\"https:\\\/\\\/www.stildesign.ca\\\/fr\\\/a-propos\\\/videos\\\/\",\"url\":\"https:\\\/\\\/www.stildesign.ca\\\/fr\\\/a-propos\\\/videos\\\/\",\"name\":\"Vid\u00e9os de Conceptions sur Mesure | STIL Design\",\"isPartOf\":{\"@id\":\"https:\\\/\\\/www.stildesign.ca\\\/fr\\\/#website\"},\"primaryImageOfPage\":{\"@id\":\"https:\\\/\\\/www.stildesign.ca\\\/fr\\\/a-propos\\\/videos\\\/#primaryimage\"},\"image\":{\"@id\":\"https:\\\/\\\/www.stildesign.ca\\\/fr\\\/a-propos\\\/videos\\\/#primaryimage\"},\"thumbnailUrl\":\"https:\\\/\\\/www.stildesign.ca\\\/wp-content\\\/uploads\\\/2022\\\/09\\\/banner-filter-scaled-e1663270184429-1024x507.jpeg\",\"datePublished\":\"2022-08-11T17:37:18+00:00\",\"dateModified\":\"2025-07-25T17:55:29+00:00\",\"description\":\"D\u00e9couvrez les vid\u00e9os de STIL Design pr\u00e9sentant nos projets de solutions de rangement personnalis\u00e9es, de la conception \u00e0 la r\u00e9alisation. Inspirez-vous de nos vid\u00e9os pour transformer votre espace avec nos designs innovants. Contactez-nous pour une consultation gratuite et commencez \u00e0 imaginer votre nouveau rangement.\",\"breadcrumb\":{\"@id\":\"https:\\\/\\\/www.stildesign.ca\\\/fr\\\/a-propos\\\/videos\\\/#breadcrumb\"},\"inLanguage\":\"fr-FR\",\"potentialAction\":[{\"@type\":\"ReadAction\",\"target\":[\"https:\\\/\\\/www.stildesign.ca\\\/fr\\\/a-propos\\\/videos\\\/\"]}]},{\"@type\":\"ImageObject\",\"inLanguage\":\"fr-FR\",\"@id\":\"https:\\\/\\\/www.stildesign.ca\\\/fr\\\/a-propos\\\/videos\\\/#primaryimage\",\"url\":\"https:\\\/\\\/www.stildesign.ca\\\/wp-content\\\/uploads\\\/2022\\\/09\\\/banner-filter-scaled-e1663270184429-1024x507.jpeg\",\"contentUrl\":\"https:\\\/\\\/www.stildesign.ca\\\/wp-content\\\/uploads\\\/2022\\\/09\\\/banner-filter-scaled-e1663270184429-1024x507.jpeg\"},{\"@type\":\"BreadcrumbList\",\"@id\":\"https:\\\/\\\/www.stildesign.ca\\\/fr\\\/a-propos\\\/videos\\\/#breadcrumb\",\"itemListElement\":[{\"@type\":\"ListItem\",\"position\":1,\"name\":\"Home\",\"item\":\"https:\\\/\\\/www.stildesign.ca\\\/fr\\\/\"},{\"@type\":\"ListItem\",\"position\":2,\"name\":\"\u00c0 PROPOS\",\"item\":\"https:\\\/\\\/www.stildesign.ca\\\/fr\\\/a-propos\\\/\"},{\"@type\":\"ListItem\",\"position\":3,\"name\":\"Vid\u00e9os\"}]},{\"@type\":\"WebSite\",\"@id\":\"https:\\\/\\\/www.stildesign.ca\\\/fr\\\/#website\",\"url\":\"https:\\\/\\\/www.stildesign.ca\\\/fr\\\/\",\"name\":\"STIL Design\",\"description\":\"Premium Custom Storage Solutions Montreal\",\"publisher\":{\"@id\":\"https:\\\/\\\/www.stildesign.ca\\\/fr\\\/#organization\"},\"potentialAction\":[{\"@type\":\"SearchAction\",\"target\":{\"@type\":\"EntryPoint\",\"urlTemplate\":\"https:\\\/\\\/www.stildesign.ca\\\/fr\\\/?s={search_term_string}\"},\"query-input\":{\"@type\":\"PropertyValueSpecification\",\"valueRequired\":true,\"valueName\":\"search_term_string\"}}],\"inLanguage\":\"fr-FR\"},{\"@type\":\"Organization\",\"@id\":\"https:\\\/\\\/www.stildesign.ca\\\/fr\\\/#organization\",\"name\":\"STIL Design\",\"url\":\"https:\\\/\\\/www.stildesign.ca\\\/fr\\\/\",\"logo\":{\"@type\":\"ImageObject\",\"inLanguage\":\"fr-FR\",\"@id\":\"https:\\\/\\\/www.stildesign.ca\\\/fr\\\/#\\\/schema\\\/logo\\\/image\\\/\",\"url\":\"https:\\\/\\\/www.stildesign.ca\\\/wp-content\\\/uploads\\\/2024\\\/07\\\/stil-logo-web-ca.jpg\",\"contentUrl\":\"https:\\\/\\\/www.stildesign.ca\\\/wp-content\\\/uploads\\\/2024\\\/07\\\/stil-logo-web-ca.jpg\",\"width\":690,\"height\":690,\"caption\":\"STIL Design\"},\"image\":{\"@id\":\"https:\\\/\\\/www.stildesign.ca\\\/fr\\\/#\\\/schema\\\/logo\\\/image\\\/\"},\"sameAs\":[\"https:\\\/\\\/www.facebook.com\\\/STILDESIGN\\\/\"]}]}<\/script>\n<!-- \/ Yoast SEO plugin. -->","yoast_head_json":{"title":"Vid\u00e9os de Conceptions sur Mesure | STIL Design","description":"D\u00e9couvrez les vid\u00e9os de STIL Design pr\u00e9sentant nos projets de solutions de rangement personnalis\u00e9es, de la conception \u00e0 la r\u00e9alisation. Inspirez-vous de nos vid\u00e9os pour transformer votre espace avec nos designs innovants. Contactez-nous pour une consultation gratuite et commencez \u00e0 imaginer votre nouveau rangement.","robots":{"index":"index","follow":"follow","max-snippet":"max-snippet:-1","max-image-preview":"max-image-preview:large","max-video-preview":"max-video-preview:-1"},"canonical":"https:\/\/www.stildesign.ca\/fr\/a-propos\/videos\/","og_locale":"fr_FR","og_type":"article","og_title":"Vid\u00e9os de Conceptions sur Mesure | STIL Design","og_description":"D\u00e9couvrez les vid\u00e9os de STIL Design pr\u00e9sentant nos projets de solutions de rangement personnalis\u00e9es, de la conception \u00e0 la r\u00e9alisation. Inspirez-vous de nos vid\u00e9os pour transformer votre espace avec nos designs innovants. Contactez-nous pour une consultation gratuite et commencez \u00e0 imaginer votre nouveau rangement.","og_url":"https:\/\/www.stildesign.ca\/fr\/a-propos\/videos\/","og_site_name":"STIL Design","article_publisher":"https:\/\/www.facebook.com\/STILDESIGN\/","article_modified_time":"2025-07-25T17:55:29+00:00","og_image":[{"width":2028,"height":1004,"url":"https:\/\/www.stildesign.ca\/wp-content\/uploads\/2022\/09\/banner-filter-scaled-e1663270184429.jpeg","type":"image\/jpeg"}],"twitter_card":"summary_large_image","twitter_misc":{"Dur\u00e9e de lecture estim\u00e9e":"1 minute"},"schema":{"@context":"https:\/\/schema.org","@graph":[{"@type":"WebPage","@id":"https:\/\/www.stildesign.ca\/fr\/a-propos\/videos\/","url":"https:\/\/www.stildesign.ca\/fr\/a-propos\/videos\/","name":"Vid\u00e9os de Conceptions sur Mesure | STIL Design","isPartOf":{"@id":"https:\/\/www.stildesign.ca\/fr\/#website"},"primaryImageOfPage":{"@id":"https:\/\/www.stildesign.ca\/fr\/a-propos\/videos\/#primaryimage"},"image":{"@id":"https:\/\/www.stildesign.ca\/fr\/a-propos\/videos\/#primaryimage"},"thumbnailUrl":"https:\/\/www.stildesign.ca\/wp-content\/uploads\/2022\/09\/banner-filter-scaled-e1663270184429-1024x507.jpeg","datePublished":"2022-08-11T17:37:18+00:00","dateModified":"2025-07-25T17:55:29+00:00","description":"D\u00e9couvrez les vid\u00e9os de STIL Design pr\u00e9sentant nos projets de solutions de rangement personnalis\u00e9es, de la conception \u00e0 la r\u00e9alisation. Inspirez-vous de nos vid\u00e9os pour transformer votre espace avec nos designs innovants. Contactez-nous pour une consultation gratuite et commencez \u00e0 imaginer votre nouveau rangement.","breadcrumb":{"@id":"https:\/\/www.stildesign.ca\/fr\/a-propos\/videos\/#breadcrumb"},"inLanguage":"fr-FR","potentialAction":[{"@type":"ReadAction","target":["https:\/\/www.stildesign.ca\/fr\/a-propos\/videos\/"]}]},{"@type":"ImageObject","inLanguage":"fr-FR","@id":"https:\/\/www.stildesign.ca\/fr\/a-propos\/videos\/#primaryimage","url":"https:\/\/www.stildesign.ca\/wp-content\/uploads\/2022\/09\/banner-filter-scaled-e1663270184429-1024x507.jpeg","contentUrl":"https:\/\/www.stildesign.ca\/wp-content\/uploads\/2022\/09\/banner-filter-scaled-e1663270184429-1024x507.jpeg"},{"@type":"BreadcrumbList","@id":"https:\/\/www.stildesign.ca\/fr\/a-propos\/videos\/#breadcrumb","itemListElement":[{"@type":"ListItem","position":1,"name":"Home","item":"https:\/\/www.stildesign.ca\/fr\/"},{"@type":"ListItem","position":2,"name":"\u00c0 PROPOS","item":"https:\/\/www.stildesign.ca\/fr\/a-propos\/"},{"@type":"ListItem","position":3,"name":"Vid\u00e9os"}]},{"@type":"WebSite","@id":"https:\/\/www.stildesign.ca\/fr\/#website","url":"https:\/\/www.stildesign.ca\/fr\/","name":"STIL Design","description":"Premium Custom Storage Solutions Montreal","publisher":{"@id":"https:\/\/www.stildesign.ca\/fr\/#organization"},"potentialAction":[{"@type":"SearchAction","target":{"@type":"EntryPoint","urlTemplate":"https:\/\/www.stildesign.ca\/fr\/?s={search_term_string}"},"query-input":{"@type":"PropertyValueSpecification","valueRequired":true,"valueName":"search_term_string"}}],"inLanguage":"fr-FR"},{"@type":"Organization","@id":"https:\/\/www.stildesign.ca\/fr\/#organization","name":"STIL Design","url":"https:\/\/www.stildesign.ca\/fr\/","logo":{"@type":"ImageObject","inLanguage":"fr-FR","@id":"https:\/\/www.stildesign.ca\/fr\/#\/schema\/logo\/image\/","url":"https:\/\/www.stildesign.ca\/wp-content\/uploads\/2024\/07\/stil-logo-web-ca.jpg","contentUrl":"https:\/\/www.stildesign.ca\/wp-content\/uploads\/2024\/07\/stil-logo-web-ca.jpg","width":690,"height":690,"caption":"STIL Design"},"image":{"@id":"https:\/\/www.stildesign.ca\/fr\/#\/schema\/logo\/image\/"},"sameAs":["https:\/\/www.facebook.com\/STILDESIGN\/"]}]}},"_links":{"self":[{"href":"https:\/\/www.stildesign.ca\/fr\/wp-json\/wp\/v2\/pages\/1109","targetHints":{"allow":["GET"]}}],"collection":[{"href":"https:\/\/www.stildesign.ca\/fr\/wp-json\/wp\/v2\/pages"}],"about":[{"href":"https:\/\/www.stildesign.ca\/fr\/wp-json\/wp\/v2\/types\/page"}],"author":[{"embeddable":true,"href":"https:\/\/www.stildesign.ca\/fr\/wp-json\/wp\/v2\/users\/2"}],"replies":[{"embeddable":true,"href":"https:\/\/www.stildesign.ca\/fr\/wp-json\/wp\/v2\/comments?post=1109"}],"version-history":[{"count":9,"href":"https:\/\/www.stildesign.ca\/fr\/wp-json\/wp\/v2\/pages\/1109\/revisions"}],"predecessor-version":[{"id":2017,"href":"https:\/\/www.stildesign.ca\/fr\/wp-json\/wp\/v2\/pages\/1109\/revisions\/2017"}],"up":[{"embeddable":true,"href":"https:\/\/www.stildesign.ca\/fr\/wp-json\/wp\/v2\/pages\/1101"}],"wp:attachment":[{"href":"https:\/\/www.stildesign.ca\/fr\/wp-json\/wp\/v2\/media?parent=1109"}],"curies":[{"name":"wp","href":"https:\/\/api.w.org\/{rel}","templated":true}]}}