{"id":1107,"date":"2022-08-11T13:36:58","date_gmt":"2022-08-11T17:36:58","guid":{"rendered":"https:\/\/www.stildesign.ca\/a-propos\/salle-de-montre\/"},"modified":"2025-07-25T13:54:18","modified_gmt":"2025-07-25T17:54:18","slug":"salle-de-montre","status":"publish","type":"page","link":"https:\/\/www.stildesign.ca\/fr\/a-propos\/salle-de-montre\/","title":{"rendered":"Salle de Montre"},"content":{"rendered":"\n<div class=\"wp-block-group is-layout-flow wp-container-core-group-is-layout-47e5a185 wp-block-group-is-layout-flow\">\n<div class=\"wp-block-cover is-light\" style=\"min-height:90vh;aspect-ratio:unset;\" id=\"showroom-hero-img\"><img loading=\"lazy\" decoding=\"async\" width=\"1500\" height=\"1000\" class=\"wp-block-cover__image-background wp-image-295\" alt=\"\" src=\"https:\/\/www.stildesign.ca\/wp-content\/uploads\/2022\/08\/stil-239.jpeg\" data-object-fit=\"cover\" srcset=\"https:\/\/www.stildesign.ca\/wp-content\/uploads\/2022\/08\/stil-239.jpeg 1500w, https:\/\/www.stildesign.ca\/wp-content\/uploads\/2022\/08\/stil-239-300x200.jpeg 300w, https:\/\/www.stildesign.ca\/wp-content\/uploads\/2022\/08\/stil-239-1024x683.jpeg 1024w, https:\/\/www.stildesign.ca\/wp-content\/uploads\/2022\/08\/stil-239-768x512.jpeg 768w\" sizes=\"auto, (max-width: 1500px) 100vw, 1500px\" \/><span aria-hidden=\"true\" class=\"wp-block-cover__background has-background-dim-30 has-background-dim\"><\/span><div class=\"wp-block-cover__inner-container is-layout-flow wp-block-cover-is-layout-flow\">\n<div class=\"wp-block-group is-layout-constrained wp-container-core-group-is-layout-05539529 wp-block-group-is-layout-constrained\">\n<h1 class=\"wp-block-heading has-text-align-center has-white-color has-text-color\" style=\"margin-top:20px;margin-right:20px;margin-bottom:20px;margin-left:20px;font-size:60px;font-style:normal;font-weight:300;letter-spacing:17px\">VISITEZ LA SALLE DE MONTRE DE STIL DESIGN ET COMMENCEZ \u00c0 R\u00c9INVENTER VOTRE PROJET DE RANGEMENT!<\/h1>\n<\/div>\n<\/div><\/div>\n\n\n<div class=\"gb-container gb-container-7ac2de65\"><div class=\"gb-inside-container\">\n\n<h2 class=\"wp-block-heading has-text-align-center has-text-grey-color has-text-color has-h-2-font-size\" style=\"margin-top:0px;margin-right:0px;margin-bottom:0px;margin-left:0px;font-style:normal;font-weight:300;text-transform:uppercase\">VISITEZ NOTRE SALLE DE MONTRE<\/h2>\n\n\n\n<p class=\"has-text-align-center has-text-light-grey-color has-text-color has-paragraphs-2-font-size\" style=\"letter-spacing:1px;line-height:1.3\">Venez faire un tour \u00e0 notre Salle de Montre et d\u00e9couvrez des solutions de rangement incontournables qui personnaliseront chaque pi\u00e8ce de votre maison!<\/p>\n\n\n\n<p class=\"has-text-align-center has-black-color has-text-color has-paragraphs-2-font-size\" style=\"letter-spacing:1px;line-height:1.3\"><strong>Notre Salle de Montre est uniquement sur rendez-vous<\/strong><\/p>\n\n<\/div><\/div>\n\n<div class=\"gb-grid-wrapper gb-grid-wrapper-994a9b82 fancy-class\">\n<div class=\"gb-grid-column gb-grid-column-8c9b5b05\"><div class=\"gb-container gb-container-8c9b5b05\"><div class=\"gb-inside-container\">\n\n<figure class=\"wp-block-image size-large\"><a href=\"https:\/\/www.stildesign.ca\/wp-content\/uploads\/2022\/08\/showroom-7.jpeg\"><img loading=\"lazy\" decoding=\"async\" width=\"1024\" height=\"673\" src=\"https:\/\/www.stildesign.ca\/wp-content\/uploads\/2022\/08\/showroom-7-1024x673.jpeg\" alt=\"\" class=\"wp-image-304\" srcset=\"https:\/\/www.stildesign.ca\/wp-content\/uploads\/2022\/08\/showroom-7-1024x673.jpeg 1024w, https:\/\/www.stildesign.ca\/wp-content\/uploads\/2022\/08\/showroom-7-300x197.jpeg 300w, https:\/\/www.stildesign.ca\/wp-content\/uploads\/2022\/08\/showroom-7-768x505.jpeg 768w, https:\/\/www.stildesign.ca\/wp-content\/uploads\/2022\/08\/showroom-7.jpeg 1200w\" sizes=\"auto, (max-width: 1024px) 100vw, 1024px\" \/><\/a><\/figure>\n\n<\/div><\/div><\/div>\n\n<div class=\"gb-grid-column gb-grid-column-41a579ae\"><div class=\"gb-container gb-container-41a579ae\"><div class=\"gb-inside-container\">\n\n<figure class=\"wp-block-image size-large\"><a href=\"https:\/\/www.stildesign.ca\/wp-content\/uploads\/2022\/08\/showroom-8.jpeg\"><img loading=\"lazy\" decoding=\"async\" width=\"1024\" height=\"673\" src=\"https:\/\/www.stildesign.ca\/wp-content\/uploads\/2022\/08\/showroom-8-1024x673.jpeg\" alt=\"\" class=\"wp-image-305\" srcset=\"https:\/\/www.stildesign.ca\/wp-content\/uploads\/2022\/08\/showroom-8-1024x673.jpeg 1024w, https:\/\/www.stildesign.ca\/wp-content\/uploads\/2022\/08\/showroom-8-300x197.jpeg 300w, https:\/\/www.stildesign.ca\/wp-content\/uploads\/2022\/08\/showroom-8-768x505.jpeg 768w, https:\/\/www.stildesign.ca\/wp-content\/uploads\/2022\/08\/showroom-8.jpeg 1200w\" sizes=\"auto, (max-width: 1024px) 100vw, 1024px\" \/><\/a><\/figure>\n\n<\/div><\/div><\/div>\n\n<div class=\"gb-grid-column gb-grid-column-088b22e6\"><div class=\"gb-container gb-container-088b22e6\"><div class=\"gb-inside-container\">\n\n<figure class=\"wp-block-image size-large\"><a href=\"https:\/\/www.stildesign.ca\/wp-content\/uploads\/2022\/08\/AF4I6432-Accessories-Photo-1.jpeg\"><img loading=\"lazy\" decoding=\"async\" width=\"1024\" height=\"676\" src=\"https:\/\/www.stildesign.ca\/wp-content\/uploads\/2022\/08\/AF4I6432-Accessories-Photo-1-1024x676.jpeg\" alt=\"\" class=\"wp-image-306\" srcset=\"https:\/\/www.stildesign.ca\/wp-content\/uploads\/2022\/08\/AF4I6432-Accessories-Photo-1-1024x676.jpeg 1024w, https:\/\/www.stildesign.ca\/wp-content\/uploads\/2022\/08\/AF4I6432-Accessories-Photo-1-300x198.jpeg 300w, https:\/\/www.stildesign.ca\/wp-content\/uploads\/2022\/08\/AF4I6432-Accessories-Photo-1-768x507.jpeg 768w, https:\/\/www.stildesign.ca\/wp-content\/uploads\/2022\/08\/AF4I6432-Accessories-Photo-1.jpeg 1200w\" sizes=\"auto, (max-width: 1024px) 100vw, 1024px\" \/><\/a><\/figure>\n\n<\/div><\/div><\/div>\n\n<div class=\"gb-grid-column gb-grid-column-21e11fb5\"><div class=\"gb-container gb-container-21e11fb5\"><div class=\"gb-inside-container\">\n\n<figure class=\"wp-block-image size-full\"><a href=\"https:\/\/www.stildesign.ca\/wp-content\/uploads\/2022\/08\/Optimized-stil-225.jpeg\"><img loading=\"lazy\" decoding=\"async\" width=\"900\" height=\"600\" src=\"https:\/\/www.stildesign.ca\/wp-content\/uploads\/2022\/08\/Optimized-stil-225.jpeg\" alt=\"\" class=\"wp-image-307\" srcset=\"https:\/\/www.stildesign.ca\/wp-content\/uploads\/2022\/08\/Optimized-stil-225.jpeg 900w, https:\/\/www.stildesign.ca\/wp-content\/uploads\/2022\/08\/Optimized-stil-225-300x200.jpeg 300w, https:\/\/www.stildesign.ca\/wp-content\/uploads\/2022\/08\/Optimized-stil-225-768x512.jpeg 768w\" sizes=\"auto, (max-width: 900px) 100vw, 900px\" \/><\/a><\/figure>\n\n<\/div><\/div><\/div>\n\n<div class=\"gb-grid-column gb-grid-column-b8f516ad\"><div class=\"gb-container gb-container-b8f516ad\"><div class=\"gb-inside-container\">\n\n<figure class=\"wp-block-image size-full\"><a href=\"https:\/\/www.stildesign.ca\/wp-content\/uploads\/2022\/08\/Optimized-stil-228.jpeg\"><img loading=\"lazy\" decoding=\"async\" width=\"600\" height=\"400\" src=\"https:\/\/www.stildesign.ca\/wp-content\/uploads\/2022\/08\/Optimized-stil-228.jpeg\" alt=\"\" class=\"wp-image-308\" srcset=\"https:\/\/www.stildesign.ca\/wp-content\/uploads\/2022\/08\/Optimized-stil-228.jpeg 600w, https:\/\/www.stildesign.ca\/wp-content\/uploads\/2022\/08\/Optimized-stil-228-300x200.jpeg 300w\" sizes=\"auto, (max-width: 600px) 100vw, 600px\" \/><\/a><\/figure>\n\n<\/div><\/div><\/div>\n\n<div class=\"gb-grid-column gb-grid-column-d73ddc32\"><div class=\"gb-container gb-container-d73ddc32\"><div class=\"gb-inside-container\">\n\n<figure class=\"wp-block-image size-full\"><a href=\"https:\/\/www.stildesign.ca\/wp-content\/uploads\/2022\/08\/Optimized-stil-233.jpeg\"><img loading=\"lazy\" decoding=\"async\" width=\"600\" height=\"400\" src=\"https:\/\/www.stildesign.ca\/wp-content\/uploads\/2022\/08\/Optimized-stil-233.jpeg\" alt=\"\" class=\"wp-image-309\" srcset=\"https:\/\/www.stildesign.ca\/wp-content\/uploads\/2022\/08\/Optimized-stil-233.jpeg 600w, https:\/\/www.stildesign.ca\/wp-content\/uploads\/2022\/08\/Optimized-stil-233-300x200.jpeg 300w\" sizes=\"auto, (max-width: 600px) 100vw, 600px\" \/><\/a><\/figure>\n\n<\/div><\/div><\/div>\n\n<div class=\"gb-grid-column gb-grid-column-eb87889c\"><div class=\"gb-container gb-container-eb87889c\"><div class=\"gb-inside-container\">\n\n<figure class=\"wp-block-image size-large\"><a href=\"https:\/\/www.stildesign.ca\/wp-content\/uploads\/2022\/08\/showroom-1.jpeg\"><img loading=\"lazy\" decoding=\"async\" width=\"828\" height=\"1024\" src=\"https:\/\/www.stildesign.ca\/wp-content\/uploads\/2022\/08\/showroom-1-828x1024.jpeg\" alt=\"\" class=\"wp-image-310\" srcset=\"https:\/\/www.stildesign.ca\/wp-content\/uploads\/2022\/08\/showroom-1-828x1024.jpeg 828w, https:\/\/www.stildesign.ca\/wp-content\/uploads\/2022\/08\/showroom-1-243x300.jpeg 243w, https:\/\/www.stildesign.ca\/wp-content\/uploads\/2022\/08\/showroom-1-768x950.jpeg 768w, https:\/\/www.stildesign.ca\/wp-content\/uploads\/2022\/08\/showroom-1.jpeg 1000w\" sizes=\"auto, (max-width: 828px) 100vw, 828px\" \/><\/a><\/figure>\n\n<\/div><\/div><\/div>\n\n<div class=\"gb-grid-column gb-grid-column-8317aea9\"><div class=\"gb-container gb-container-8317aea9\"><div class=\"gb-inside-container\">\n\n<figure class=\"wp-block-image size-large\"><a href=\"https:\/\/www.stildesign.ca\/wp-content\/uploads\/2022\/08\/showroom-2.jpeg\"><img loading=\"lazy\" decoding=\"async\" width=\"828\" height=\"1024\" src=\"https:\/\/www.stildesign.ca\/wp-content\/uploads\/2022\/08\/showroom-2-828x1024.jpeg\" alt=\"\" class=\"wp-image-312\" srcset=\"https:\/\/www.stildesign.ca\/wp-content\/uploads\/2022\/08\/showroom-2-828x1024.jpeg 828w, https:\/\/www.stildesign.ca\/wp-content\/uploads\/2022\/08\/showroom-2-243x300.jpeg 243w, https:\/\/www.stildesign.ca\/wp-content\/uploads\/2022\/08\/showroom-2-768x950.jpeg 768w, https:\/\/www.stildesign.ca\/wp-content\/uploads\/2022\/08\/showroom-2.jpeg 1000w\" sizes=\"auto, (max-width: 828px) 100vw, 828px\" \/><\/a><\/figure>\n\n<\/div><\/div><\/div>\n\n<div class=\"gb-grid-column gb-grid-column-90dafef5\"><div class=\"gb-container gb-container-90dafef5\"><div class=\"gb-inside-container\">\n\n<figure class=\"wp-block-image size-large\"><a href=\"https:\/\/www.stildesign.ca\/wp-content\/uploads\/2022\/08\/AF4I6060-Latitude-East-Showroom.jpeg\"><img loading=\"lazy\" decoding=\"async\" width=\"827\" height=\"1024\" src=\"https:\/\/www.stildesign.ca\/wp-content\/uploads\/2022\/08\/AF4I6060-Latitude-East-Showroom-827x1024.jpeg\" alt=\"\" class=\"wp-image-311\" srcset=\"https:\/\/www.stildesign.ca\/wp-content\/uploads\/2022\/08\/AF4I6060-Latitude-East-Showroom-827x1024.jpeg 827w, https:\/\/www.stildesign.ca\/wp-content\/uploads\/2022\/08\/AF4I6060-Latitude-East-Showroom-242x300.jpeg 242w, https:\/\/www.stildesign.ca\/wp-content\/uploads\/2022\/08\/AF4I6060-Latitude-East-Showroom-768x951.jpeg 768w, https:\/\/www.stildesign.ca\/wp-content\/uploads\/2022\/08\/AF4I6060-Latitude-East-Showroom.jpeg 1000w\" sizes=\"auto, (max-width: 827px) 100vw, 827px\" \/><\/a><\/figure>\n\n<\/div><\/div><\/div>\n\n<div class=\"gb-grid-column gb-grid-column-a6fb1aa6\"><div class=\"gb-container gb-container-a6fb1aa6\"><div class=\"gb-inside-container\">\n\n<figure class=\"wp-block-image size-large\"><a href=\"https:\/\/www.stildesign.ca\/wp-content\/uploads\/2022\/08\/stil-34-Sliding-Doors.jpeg\"><img loading=\"lazy\" decoding=\"async\" width=\"762\" height=\"1024\" src=\"https:\/\/www.stildesign.ca\/wp-content\/uploads\/2022\/08\/stil-34-Sliding-Doors-762x1024.jpeg\" alt=\"\" class=\"wp-image-313\" srcset=\"https:\/\/www.stildesign.ca\/wp-content\/uploads\/2022\/08\/stil-34-Sliding-Doors-762x1024.jpeg 762w, https:\/\/www.stildesign.ca\/wp-content\/uploads\/2022\/08\/stil-34-Sliding-Doors-223x300.jpeg 223w, https:\/\/www.stildesign.ca\/wp-content\/uploads\/2022\/08\/stil-34-Sliding-Doors-768x1031.jpeg 768w, https:\/\/www.stildesign.ca\/wp-content\/uploads\/2022\/08\/stil-34-Sliding-Doors.jpeg 1000w\" sizes=\"auto, (max-width: 762px) 100vw, 762px\" \/><\/a><\/figure>\n\n<\/div><\/div><\/div>\n\n<div class=\"gb-grid-column gb-grid-column-71837954\"><div class=\"gb-container gb-container-71837954\"><div class=\"gb-inside-container\">\n\n<figure class=\"wp-block-image size-large\"><a href=\"https:\/\/www.stildesign.ca\/wp-content\/uploads\/2022\/08\/stil-231-Mudroom-Showroom.jpeg\"><img loading=\"lazy\" decoding=\"async\" width=\"757\" height=\"1024\" src=\"https:\/\/www.stildesign.ca\/wp-content\/uploads\/2022\/08\/stil-231-Mudroom-Showroom-757x1024.jpeg\" alt=\"\" class=\"wp-image-314\" srcset=\"https:\/\/www.stildesign.ca\/wp-content\/uploads\/2022\/08\/stil-231-Mudroom-Showroom-757x1024.jpeg 757w, https:\/\/www.stildesign.ca\/wp-content\/uploads\/2022\/08\/stil-231-Mudroom-Showroom-222x300.jpeg 222w, https:\/\/www.stildesign.ca\/wp-content\/uploads\/2022\/08\/stil-231-Mudroom-Showroom-768x1039.jpeg 768w, https:\/\/www.stildesign.ca\/wp-content\/uploads\/2022\/08\/stil-231-Mudroom-Showroom.jpeg 1000w\" sizes=\"auto, (max-width: 757px) 100vw, 757px\" \/><\/a><\/figure>\n\n<\/div><\/div><\/div>\n\n<div class=\"gb-grid-column gb-grid-column-f772e46c\"><div class=\"gb-container gb-container-f772e46c\"><div class=\"gb-inside-container\">\n\n<figure class=\"wp-block-image size-large\"><a href=\"https:\/\/www.stildesign.ca\/wp-content\/uploads\/2022\/08\/stil-241-Vignette-Showroom.jpeg\"><img loading=\"lazy\" decoding=\"async\" width=\"756\" height=\"1024\" src=\"https:\/\/www.stildesign.ca\/wp-content\/uploads\/2022\/08\/stil-241-Vignette-Showroom-756x1024.jpeg\" alt=\"\" class=\"wp-image-315\" srcset=\"https:\/\/www.stildesign.ca\/wp-content\/uploads\/2022\/08\/stil-241-Vignette-Showroom-756x1024.jpeg 756w, https:\/\/www.stildesign.ca\/wp-content\/uploads\/2022\/08\/stil-241-Vignette-Showroom-221x300.jpeg 221w, https:\/\/www.stildesign.ca\/wp-content\/uploads\/2022\/08\/stil-241-Vignette-Showroom-768x1041.jpeg 768w, https:\/\/www.stildesign.ca\/wp-content\/uploads\/2022\/08\/stil-241-Vignette-Showroom.jpeg 1000w\" sizes=\"auto, (max-width: 756px) 100vw, 756px\" \/><\/a><\/figure>\n\n<\/div><\/div><\/div>\n<\/div><\/div>\n","protected":false},"excerpt":{"rendered":"<p>VISITEZ NOTRE SALLE DE MONTRE Venez faire un tour \u00e0 notre Salle de Montre et d\u00e9couvrez des solutions de rangement incontournables qui personnaliseront chaque pi\u00e8ce de votre maison! Notre Salle de Montre est uniquement sur rendez-vous<\/p>\n","protected":false},"author":2,"featured_media":0,"parent":1101,"menu_order":2,"comment_status":"closed","ping_status":"closed","template":"","meta":{"footnotes":""},"class_list":["post-1107","page","type-page","status-publish","hentry"],"yoast_head":"<!-- This site is optimized with the Yoast SEO plugin v27.4 - https:\/\/yoast.com\/product\/yoast-seo-wordpress\/ -->\n<title>Salle de Montre | STIL Design<\/title>\n<meta name=\"description\" content=\"Visitez la salle de montre de STIL Design pour d\u00e9couvrir nos solutions de rangement personnalis\u00e9es et innovantes. Prenez rendez-vous pour explorer comment nous pouvons transformer chaque pi\u00e8ce de votre maison avec des designs sur mesure. Contactez-nous pour une consultation gratuite et commencez \u00e0 r\u00e9inventer votre espace.\" \/>\n<meta name=\"robots\" content=\"index, follow, max-snippet:-1, max-image-preview:large, max-video-preview:-1\" \/>\n<link rel=\"canonical\" href=\"https:\/\/www.stildesign.ca\/fr\/a-propos\/salle-de-montre\/\" \/>\n<meta property=\"og:locale\" content=\"fr_FR\" \/>\n<meta property=\"og:type\" content=\"article\" \/>\n<meta property=\"og:title\" content=\"Salle de Montre | STIL Design\" \/>\n<meta property=\"og:description\" content=\"Visitez la salle de montre de STIL Design pour d\u00e9couvrir nos solutions de rangement personnalis\u00e9es et innovantes. Prenez rendez-vous pour explorer comment nous pouvons transformer chaque pi\u00e8ce de votre maison avec des designs sur mesure. Contactez-nous pour une consultation gratuite et commencez \u00e0 r\u00e9inventer votre espace.\" \/>\n<meta property=\"og:url\" content=\"https:\/\/www.stildesign.ca\/fr\/a-propos\/salle-de-montre\/\" \/>\n<meta property=\"og:site_name\" content=\"STIL Design\" \/>\n<meta property=\"article:publisher\" content=\"https:\/\/www.facebook.com\/STILDESIGN\/\" \/>\n<meta property=\"article:modified_time\" content=\"2025-07-25T17:54:18+00:00\" \/>\n<meta property=\"og:image\" content=\"https:\/\/www.stildesign.ca\/wp-content\/uploads\/2022\/08\/stil-239.jpeg\" \/>\n\t<meta property=\"og:image:width\" content=\"1500\" \/>\n\t<meta property=\"og:image:height\" content=\"1000\" \/>\n\t<meta property=\"og:image:type\" content=\"image\/jpeg\" \/>\n<meta name=\"twitter:card\" content=\"summary_large_image\" \/>\n<meta name=\"twitter:label1\" content=\"Dur\u00e9e de lecture estim\u00e9e\" \/>\n\t<meta name=\"twitter:data1\" content=\"3 minutes\" \/>\n<script type=\"application\/ld+json\" class=\"yoast-schema-graph\">{\"@context\":\"https:\\\/\\\/schema.org\",\"@graph\":[{\"@type\":\"WebPage\",\"@id\":\"https:\\\/\\\/www.stildesign.ca\\\/fr\\\/a-propos\\\/salle-de-montre\\\/\",\"url\":\"https:\\\/\\\/www.stildesign.ca\\\/fr\\\/a-propos\\\/salle-de-montre\\\/\",\"name\":\"Salle de Montre | STIL Design\",\"isPartOf\":{\"@id\":\"https:\\\/\\\/www.stildesign.ca\\\/fr\\\/#website\"},\"primaryImageOfPage\":{\"@id\":\"https:\\\/\\\/www.stildesign.ca\\\/fr\\\/a-propos\\\/salle-de-montre\\\/#primaryimage\"},\"image\":{\"@id\":\"https:\\\/\\\/www.stildesign.ca\\\/fr\\\/a-propos\\\/salle-de-montre\\\/#primaryimage\"},\"thumbnailUrl\":\"https:\\\/\\\/www.stildesign.ca\\\/wp-content\\\/uploads\\\/2022\\\/08\\\/stil-239.jpeg\",\"datePublished\":\"2022-08-11T17:36:58+00:00\",\"dateModified\":\"2025-07-25T17:54:18+00:00\",\"description\":\"Visitez la salle de montre de STIL Design pour d\u00e9couvrir nos solutions de rangement personnalis\u00e9es et innovantes. Prenez rendez-vous pour explorer comment nous pouvons transformer chaque pi\u00e8ce de votre maison avec des designs sur mesure. Contactez-nous pour une consultation gratuite et commencez \u00e0 r\u00e9inventer votre espace.\",\"breadcrumb\":{\"@id\":\"https:\\\/\\\/www.stildesign.ca\\\/fr\\\/a-propos\\\/salle-de-montre\\\/#breadcrumb\"},\"inLanguage\":\"fr-FR\",\"potentialAction\":[{\"@type\":\"ReadAction\",\"target\":[\"https:\\\/\\\/www.stildesign.ca\\\/fr\\\/a-propos\\\/salle-de-montre\\\/\"]}]},{\"@type\":\"ImageObject\",\"inLanguage\":\"fr-FR\",\"@id\":\"https:\\\/\\\/www.stildesign.ca\\\/fr\\\/a-propos\\\/salle-de-montre\\\/#primaryimage\",\"url\":\"https:\\\/\\\/www.stildesign.ca\\\/wp-content\\\/uploads\\\/2022\\\/08\\\/stil-239.jpeg\",\"contentUrl\":\"https:\\\/\\\/www.stildesign.ca\\\/wp-content\\\/uploads\\\/2022\\\/08\\\/stil-239.jpeg\"},{\"@type\":\"BreadcrumbList\",\"@id\":\"https:\\\/\\\/www.stildesign.ca\\\/fr\\\/a-propos\\\/salle-de-montre\\\/#breadcrumb\",\"itemListElement\":[{\"@type\":\"ListItem\",\"position\":1,\"name\":\"Home\",\"item\":\"https:\\\/\\\/www.stildesign.ca\\\/fr\\\/\"},{\"@type\":\"ListItem\",\"position\":2,\"name\":\"\u00c0 PROPOS\",\"item\":\"https:\\\/\\\/www.stildesign.ca\\\/fr\\\/a-propos\\\/\"},{\"@type\":\"ListItem\",\"position\":3,\"name\":\"Salle de Montre\"}]},{\"@type\":\"WebSite\",\"@id\":\"https:\\\/\\\/www.stildesign.ca\\\/fr\\\/#website\",\"url\":\"https:\\\/\\\/www.stildesign.ca\\\/fr\\\/\",\"name\":\"STIL Design\",\"description\":\"Premium Custom Storage Solutions Montreal\",\"publisher\":{\"@id\":\"https:\\\/\\\/www.stildesign.ca\\\/fr\\\/#organization\"},\"potentialAction\":[{\"@type\":\"SearchAction\",\"target\":{\"@type\":\"EntryPoint\",\"urlTemplate\":\"https:\\\/\\\/www.stildesign.ca\\\/fr\\\/?s={search_term_string}\"},\"query-input\":{\"@type\":\"PropertyValueSpecification\",\"valueRequired\":true,\"valueName\":\"search_term_string\"}}],\"inLanguage\":\"fr-FR\"},{\"@type\":\"Organization\",\"@id\":\"https:\\\/\\\/www.stildesign.ca\\\/fr\\\/#organization\",\"name\":\"STIL Design\",\"url\":\"https:\\\/\\\/www.stildesign.ca\\\/fr\\\/\",\"logo\":{\"@type\":\"ImageObject\",\"inLanguage\":\"fr-FR\",\"@id\":\"https:\\\/\\\/www.stildesign.ca\\\/fr\\\/#\\\/schema\\\/logo\\\/image\\\/\",\"url\":\"https:\\\/\\\/www.stildesign.ca\\\/wp-content\\\/uploads\\\/2024\\\/07\\\/stil-logo-web-ca.jpg\",\"contentUrl\":\"https:\\\/\\\/www.stildesign.ca\\\/wp-content\\\/uploads\\\/2024\\\/07\\\/stil-logo-web-ca.jpg\",\"width\":690,\"height\":690,\"caption\":\"STIL Design\"},\"image\":{\"@id\":\"https:\\\/\\\/www.stildesign.ca\\\/fr\\\/#\\\/schema\\\/logo\\\/image\\\/\"},\"sameAs\":[\"https:\\\/\\\/www.facebook.com\\\/STILDESIGN\\\/\"]}]}<\/script>\n<!-- \/ Yoast SEO plugin. -->","yoast_head_json":{"title":"Salle de Montre | STIL Design","description":"Visitez la salle de montre de STIL Design pour d\u00e9couvrir nos solutions de rangement personnalis\u00e9es et innovantes. Prenez rendez-vous pour explorer comment nous pouvons transformer chaque pi\u00e8ce de votre maison avec des designs sur mesure. Contactez-nous pour une consultation gratuite et commencez \u00e0 r\u00e9inventer votre espace.","robots":{"index":"index","follow":"follow","max-snippet":"max-snippet:-1","max-image-preview":"max-image-preview:large","max-video-preview":"max-video-preview:-1"},"canonical":"https:\/\/www.stildesign.ca\/fr\/a-propos\/salle-de-montre\/","og_locale":"fr_FR","og_type":"article","og_title":"Salle de Montre | STIL Design","og_description":"Visitez la salle de montre de STIL Design pour d\u00e9couvrir nos solutions de rangement personnalis\u00e9es et innovantes. Prenez rendez-vous pour explorer comment nous pouvons transformer chaque pi\u00e8ce de votre maison avec des designs sur mesure. Contactez-nous pour une consultation gratuite et commencez \u00e0 r\u00e9inventer votre espace.","og_url":"https:\/\/www.stildesign.ca\/fr\/a-propos\/salle-de-montre\/","og_site_name":"STIL Design","article_publisher":"https:\/\/www.facebook.com\/STILDESIGN\/","article_modified_time":"2025-07-25T17:54:18+00:00","og_image":[{"width":1500,"height":1000,"url":"https:\/\/www.stildesign.ca\/wp-content\/uploads\/2022\/08\/stil-239.jpeg","type":"image\/jpeg"}],"twitter_card":"summary_large_image","twitter_misc":{"Dur\u00e9e de lecture estim\u00e9e":"3 minutes"},"schema":{"@context":"https:\/\/schema.org","@graph":[{"@type":"WebPage","@id":"https:\/\/www.stildesign.ca\/fr\/a-propos\/salle-de-montre\/","url":"https:\/\/www.stildesign.ca\/fr\/a-propos\/salle-de-montre\/","name":"Salle de Montre | STIL Design","isPartOf":{"@id":"https:\/\/www.stildesign.ca\/fr\/#website"},"primaryImageOfPage":{"@id":"https:\/\/www.stildesign.ca\/fr\/a-propos\/salle-de-montre\/#primaryimage"},"image":{"@id":"https:\/\/www.stildesign.ca\/fr\/a-propos\/salle-de-montre\/#primaryimage"},"thumbnailUrl":"https:\/\/www.stildesign.ca\/wp-content\/uploads\/2022\/08\/stil-239.jpeg","datePublished":"2022-08-11T17:36:58+00:00","dateModified":"2025-07-25T17:54:18+00:00","description":"Visitez la salle de montre de STIL Design pour d\u00e9couvrir nos solutions de rangement personnalis\u00e9es et innovantes. Prenez rendez-vous pour explorer comment nous pouvons transformer chaque pi\u00e8ce de votre maison avec des designs sur mesure. Contactez-nous pour une consultation gratuite et commencez \u00e0 r\u00e9inventer votre espace.","breadcrumb":{"@id":"https:\/\/www.stildesign.ca\/fr\/a-propos\/salle-de-montre\/#breadcrumb"},"inLanguage":"fr-FR","potentialAction":[{"@type":"ReadAction","target":["https:\/\/www.stildesign.ca\/fr\/a-propos\/salle-de-montre\/"]}]},{"@type":"ImageObject","inLanguage":"fr-FR","@id":"https:\/\/www.stildesign.ca\/fr\/a-propos\/salle-de-montre\/#primaryimage","url":"https:\/\/www.stildesign.ca\/wp-content\/uploads\/2022\/08\/stil-239.jpeg","contentUrl":"https:\/\/www.stildesign.ca\/wp-content\/uploads\/2022\/08\/stil-239.jpeg"},{"@type":"BreadcrumbList","@id":"https:\/\/www.stildesign.ca\/fr\/a-propos\/salle-de-montre\/#breadcrumb","itemListElement":[{"@type":"ListItem","position":1,"name":"Home","item":"https:\/\/www.stildesign.ca\/fr\/"},{"@type":"ListItem","position":2,"name":"\u00c0 PROPOS","item":"https:\/\/www.stildesign.ca\/fr\/a-propos\/"},{"@type":"ListItem","position":3,"name":"Salle de Montre"}]},{"@type":"WebSite","@id":"https:\/\/www.stildesign.ca\/fr\/#website","url":"https:\/\/www.stildesign.ca\/fr\/","name":"STIL Design","description":"Premium Custom Storage Solutions Montreal","publisher":{"@id":"https:\/\/www.stildesign.ca\/fr\/#organization"},"potentialAction":[{"@type":"SearchAction","target":{"@type":"EntryPoint","urlTemplate":"https:\/\/www.stildesign.ca\/fr\/?s={search_term_string}"},"query-input":{"@type":"PropertyValueSpecification","valueRequired":true,"valueName":"search_term_string"}}],"inLanguage":"fr-FR"},{"@type":"Organization","@id":"https:\/\/www.stildesign.ca\/fr\/#organization","name":"STIL Design","url":"https:\/\/www.stildesign.ca\/fr\/","logo":{"@type":"ImageObject","inLanguage":"fr-FR","@id":"https:\/\/www.stildesign.ca\/fr\/#\/schema\/logo\/image\/","url":"https:\/\/www.stildesign.ca\/wp-content\/uploads\/2024\/07\/stil-logo-web-ca.jpg","contentUrl":"https:\/\/www.stildesign.ca\/wp-content\/uploads\/2024\/07\/stil-logo-web-ca.jpg","width":690,"height":690,"caption":"STIL Design"},"image":{"@id":"https:\/\/www.stildesign.ca\/fr\/#\/schema\/logo\/image\/"},"sameAs":["https:\/\/www.facebook.com\/STILDESIGN\/"]}]}},"_links":{"self":[{"href":"https:\/\/www.stildesign.ca\/fr\/wp-json\/wp\/v2\/pages\/1107","targetHints":{"allow":["GET"]}}],"collection":[{"href":"https:\/\/www.stildesign.ca\/fr\/wp-json\/wp\/v2\/pages"}],"about":[{"href":"https:\/\/www.stildesign.ca\/fr\/wp-json\/wp\/v2\/types\/page"}],"author":[{"embeddable":true,"href":"https:\/\/www.stildesign.ca\/fr\/wp-json\/wp\/v2\/users\/2"}],"replies":[{"embeddable":true,"href":"https:\/\/www.stildesign.ca\/fr\/wp-json\/wp\/v2\/comments?post=1107"}],"version-history":[{"count":6,"href":"https:\/\/www.stildesign.ca\/fr\/wp-json\/wp\/v2\/pages\/1107\/revisions"}],"predecessor-version":[{"id":2016,"href":"https:\/\/www.stildesign.ca\/fr\/wp-json\/wp\/v2\/pages\/1107\/revisions\/2016"}],"up":[{"embeddable":true,"href":"https:\/\/www.stildesign.ca\/fr\/wp-json\/wp\/v2\/pages\/1101"}],"wp:attachment":[{"href":"https:\/\/www.stildesign.ca\/fr\/wp-json\/wp\/v2\/media?parent=1107"}],"curies":[{"name":"wp","href":"https:\/\/api.w.org\/{rel}","templated":true}]}}