{"id":1105,"date":"2022-08-11T13:36:40","date_gmt":"2022-08-11T17:36:40","guid":{"rendered":"https:\/\/www.stildesign.ca\/a-propos\/equipe\/"},"modified":"2025-07-25T13:53:42","modified_gmt":"2025-07-25T17:53:42","slug":"equipe","status":"publish","type":"page","link":"https:\/\/www.stildesign.ca\/fr\/a-propos\/equipe\/","title":{"rendered":"\u00c9quipe"},"content":{"rendered":"<div class=\"gb-container gb-container-504ab90e\"><div class=\"gb-inside-container\">\n\n<h1 class=\"wp-block-heading has-text-grey-color has-text-color has-h-3-font-size\" style=\"font-style:normal;font-weight:300\">\u00c0 propos de l\u2019\u00e9quipe<\/h1>\n\n\n\n<div class=\"wp-block-columns is-layout-flex wp-container-core-columns-is-layout-34142c5b wp-block-columns-is-layout-flex\">\n<div class=\"wp-block-column is-layout-flow wp-block-column-is-layout-flow\">\n<p class=\"has-text-light-grey-color has-text-color\" style=\"font-size:16px;letter-spacing:1px;line-height:1.3\">Chez STIL Design, chaque membre de l\u2019\u00e9quipe apporte sa propre expertise \u00e0 un projet tout en travaillant collectivement \u00e0 l\u2019atteinte d\u2019un but commun : la satisfaction du client. Nous nous inspirons de vous et de votre vision. Nous avons toujours h\u00e2te de transformer votre vision en r\u00e9alit\u00e9. Le r\u00e9sultat est toujours spectaculaire comme en t\u00e9moignent nos photos. Toutes les photos sur le site web sont des projets de Stil Design.    <\/p>\n\n\n\n<p class=\"has-text-light-grey-color has-text-color\" style=\"font-size:16px;letter-spacing:1px;line-height:1.3\">Non seulement les membres de l\u2019\u00e9quipe appr\u00e9cient travailler ensemble, ils aiment collaborer avec leurs clients. Ils peuvent ainsi acc\u00e9der \u00e0 la cr\u00e9ativit\u00e9 de ces derniers pour adapter des solutions \u00e0 leur maison. <\/p>\n<\/div>\n\n\n\n<div class=\"wp-block-column is-layout-flow wp-block-column-is-layout-flow\">\n<div class=\"wp-block-group is-layout-constrained wp-container-core-group-is-layout-7d7a58d3 wp-block-group-is-layout-constrained\">\n<figure class=\"wp-block-image size-full\"><img loading=\"lazy\" decoding=\"async\" width=\"600\" height=\"400\" src=\"https:\/\/www.stildesign.ca\/wp-content\/uploads\/2022\/08\/stil-218-CONTACT-US-PHOTO.jpeg\" alt=\"\" class=\"wp-image-160\" srcset=\"https:\/\/www.stildesign.ca\/wp-content\/uploads\/2022\/08\/stil-218-CONTACT-US-PHOTO.jpeg 600w, https:\/\/www.stildesign.ca\/wp-content\/uploads\/2022\/08\/stil-218-CONTACT-US-PHOTO-300x200.jpeg 300w\" sizes=\"auto, (max-width: 600px) 100vw, 600px\" \/><\/figure>\n<\/div>\n<\/div>\n<\/div>\n\n<\/div><\/div>","protected":false},"excerpt":{"rendered":"<p>\u00c0 propos de l\u2019\u00e9quipe Chez STIL Design, chaque membre de l\u2019\u00e9quipe apporte sa propre expertise \u00e0 un projet tout en travaillant collectivement \u00e0 l\u2019atteinte d\u2019un but commun : la satisfaction du client. Nous nous inspirons de vous et de votre vision. Nous avons toujours h\u00e2te de transformer votre vision en r\u00e9alit\u00e9. Le r\u00e9sultat est toujours [&hellip;]<\/p>\n","protected":false},"author":2,"featured_media":0,"parent":1101,"menu_order":1,"comment_status":"closed","ping_status":"closed","template":"","meta":{"footnotes":""},"class_list":["post-1105","page","type-page","status-publish","hentry"],"yoast_head":"<!-- This site is optimized with the Yoast SEO plugin v27.4 - https:\/\/yoast.com\/product\/yoast-seo-wordpress\/ -->\n<title>\u00c9quipe de STIL Design | STIL Design<\/title>\n<meta name=\"description\" content=\"Rencontrez l&#039;\u00e9quipe de STIL Design, des experts en solutions de rangement personnalis\u00e9es. D\u00e9couvrez comment notre \u00e9quipe passionn\u00e9e travaille ensemble et avec vous pour transformer vos visions en r\u00e9alit\u00e9, offrant des r\u00e9sultats spectaculaires et une satisfaction client exceptionnelle.\" \/>\n<meta name=\"robots\" content=\"index, follow, max-snippet:-1, max-image-preview:large, max-video-preview:-1\" \/>\n<link rel=\"canonical\" href=\"https:\/\/www.stildesign.ca\/fr\/a-propos\/equipe\/\" \/>\n<meta property=\"og:locale\" content=\"fr_FR\" \/>\n<meta property=\"og:type\" content=\"article\" \/>\n<meta property=\"og:title\" content=\"\u00c9quipe de STIL Design | STIL Design\" \/>\n<meta property=\"og:description\" content=\"Rencontrez l&#039;\u00e9quipe de STIL Design, des experts en solutions de rangement personnalis\u00e9es. D\u00e9couvrez comment notre \u00e9quipe passionn\u00e9e travaille ensemble et avec vous pour transformer vos visions en r\u00e9alit\u00e9, offrant des r\u00e9sultats spectaculaires et une satisfaction client exceptionnelle.\" \/>\n<meta property=\"og:url\" content=\"https:\/\/www.stildesign.ca\/fr\/a-propos\/equipe\/\" \/>\n<meta property=\"og:site_name\" content=\"STIL Design\" \/>\n<meta property=\"article:publisher\" content=\"https:\/\/www.facebook.com\/STILDESIGN\/\" \/>\n<meta property=\"article:modified_time\" content=\"2025-07-25T17:53:42+00:00\" \/>\n<meta property=\"og:image\" content=\"https:\/\/www.stildesign.ca\/wp-content\/uploads\/2022\/08\/stil-218-CONTACT-US-PHOTO.jpeg\" \/>\n\t<meta property=\"og:image:width\" content=\"600\" \/>\n\t<meta property=\"og:image:height\" content=\"400\" \/>\n\t<meta property=\"og:image:type\" content=\"image\/jpeg\" \/>\n<meta name=\"twitter:card\" content=\"summary_large_image\" \/>\n<meta name=\"twitter:label1\" content=\"Dur\u00e9e de lecture estim\u00e9e\" \/>\n\t<meta name=\"twitter:data1\" content=\"1 minute\" \/>\n<script type=\"application\/ld+json\" class=\"yoast-schema-graph\">{\"@context\":\"https:\\\/\\\/schema.org\",\"@graph\":[{\"@type\":\"WebPage\",\"@id\":\"https:\\\/\\\/www.stildesign.ca\\\/fr\\\/a-propos\\\/equipe\\\/\",\"url\":\"https:\\\/\\\/www.stildesign.ca\\\/fr\\\/a-propos\\\/equipe\\\/\",\"name\":\"\u00c9quipe de STIL Design | STIL Design\",\"isPartOf\":{\"@id\":\"https:\\\/\\\/www.stildesign.ca\\\/fr\\\/#website\"},\"primaryImageOfPage\":{\"@id\":\"https:\\\/\\\/www.stildesign.ca\\\/fr\\\/a-propos\\\/equipe\\\/#primaryimage\"},\"image\":{\"@id\":\"https:\\\/\\\/www.stildesign.ca\\\/fr\\\/a-propos\\\/equipe\\\/#primaryimage\"},\"thumbnailUrl\":\"https:\\\/\\\/www.stildesign.ca\\\/wp-content\\\/uploads\\\/2022\\\/08\\\/stil-218-CONTACT-US-PHOTO.jpeg\",\"datePublished\":\"2022-08-11T17:36:40+00:00\",\"dateModified\":\"2025-07-25T17:53:42+00:00\",\"description\":\"Rencontrez l'\u00e9quipe de STIL Design, des experts en solutions de rangement personnalis\u00e9es. D\u00e9couvrez comment notre \u00e9quipe passionn\u00e9e travaille ensemble et avec vous pour transformer vos visions en r\u00e9alit\u00e9, offrant des r\u00e9sultats spectaculaires et une satisfaction client exceptionnelle.\",\"breadcrumb\":{\"@id\":\"https:\\\/\\\/www.stildesign.ca\\\/fr\\\/a-propos\\\/equipe\\\/#breadcrumb\"},\"inLanguage\":\"fr-FR\",\"potentialAction\":[{\"@type\":\"ReadAction\",\"target\":[\"https:\\\/\\\/www.stildesign.ca\\\/fr\\\/a-propos\\\/equipe\\\/\"]}]},{\"@type\":\"ImageObject\",\"inLanguage\":\"fr-FR\",\"@id\":\"https:\\\/\\\/www.stildesign.ca\\\/fr\\\/a-propos\\\/equipe\\\/#primaryimage\",\"url\":\"https:\\\/\\\/www.stildesign.ca\\\/wp-content\\\/uploads\\\/2022\\\/08\\\/stil-218-CONTACT-US-PHOTO.jpeg\",\"contentUrl\":\"https:\\\/\\\/www.stildesign.ca\\\/wp-content\\\/uploads\\\/2022\\\/08\\\/stil-218-CONTACT-US-PHOTO.jpeg\"},{\"@type\":\"BreadcrumbList\",\"@id\":\"https:\\\/\\\/www.stildesign.ca\\\/fr\\\/a-propos\\\/equipe\\\/#breadcrumb\",\"itemListElement\":[{\"@type\":\"ListItem\",\"position\":1,\"name\":\"Home\",\"item\":\"https:\\\/\\\/www.stildesign.ca\\\/fr\\\/\"},{\"@type\":\"ListItem\",\"position\":2,\"name\":\"\u00c0 PROPOS\",\"item\":\"https:\\\/\\\/www.stildesign.ca\\\/fr\\\/a-propos\\\/\"},{\"@type\":\"ListItem\",\"position\":3,\"name\":\"\u00c9quipe\"}]},{\"@type\":\"WebSite\",\"@id\":\"https:\\\/\\\/www.stildesign.ca\\\/fr\\\/#website\",\"url\":\"https:\\\/\\\/www.stildesign.ca\\\/fr\\\/\",\"name\":\"STIL Design\",\"description\":\"Premium Custom Storage Solutions Montreal\",\"publisher\":{\"@id\":\"https:\\\/\\\/www.stildesign.ca\\\/fr\\\/#organization\"},\"potentialAction\":[{\"@type\":\"SearchAction\",\"target\":{\"@type\":\"EntryPoint\",\"urlTemplate\":\"https:\\\/\\\/www.stildesign.ca\\\/fr\\\/?s={search_term_string}\"},\"query-input\":{\"@type\":\"PropertyValueSpecification\",\"valueRequired\":true,\"valueName\":\"search_term_string\"}}],\"inLanguage\":\"fr-FR\"},{\"@type\":\"Organization\",\"@id\":\"https:\\\/\\\/www.stildesign.ca\\\/fr\\\/#organization\",\"name\":\"STIL Design\",\"url\":\"https:\\\/\\\/www.stildesign.ca\\\/fr\\\/\",\"logo\":{\"@type\":\"ImageObject\",\"inLanguage\":\"fr-FR\",\"@id\":\"https:\\\/\\\/www.stildesign.ca\\\/fr\\\/#\\\/schema\\\/logo\\\/image\\\/\",\"url\":\"https:\\\/\\\/www.stildesign.ca\\\/wp-content\\\/uploads\\\/2024\\\/07\\\/stil-logo-web-ca.jpg\",\"contentUrl\":\"https:\\\/\\\/www.stildesign.ca\\\/wp-content\\\/uploads\\\/2024\\\/07\\\/stil-logo-web-ca.jpg\",\"width\":690,\"height\":690,\"caption\":\"STIL Design\"},\"image\":{\"@id\":\"https:\\\/\\\/www.stildesign.ca\\\/fr\\\/#\\\/schema\\\/logo\\\/image\\\/\"},\"sameAs\":[\"https:\\\/\\\/www.facebook.com\\\/STILDESIGN\\\/\"]}]}<\/script>\n<!-- \/ Yoast SEO plugin. -->","yoast_head_json":{"title":"\u00c9quipe de STIL Design | STIL Design","description":"Rencontrez l'\u00e9quipe de STIL Design, des experts en solutions de rangement personnalis\u00e9es. D\u00e9couvrez comment notre \u00e9quipe passionn\u00e9e travaille ensemble et avec vous pour transformer vos visions en r\u00e9alit\u00e9, offrant des r\u00e9sultats spectaculaires et une satisfaction client exceptionnelle.","robots":{"index":"index","follow":"follow","max-snippet":"max-snippet:-1","max-image-preview":"max-image-preview:large","max-video-preview":"max-video-preview:-1"},"canonical":"https:\/\/www.stildesign.ca\/fr\/a-propos\/equipe\/","og_locale":"fr_FR","og_type":"article","og_title":"\u00c9quipe de STIL Design | STIL Design","og_description":"Rencontrez l'\u00e9quipe de STIL Design, des experts en solutions de rangement personnalis\u00e9es. D\u00e9couvrez comment notre \u00e9quipe passionn\u00e9e travaille ensemble et avec vous pour transformer vos visions en r\u00e9alit\u00e9, offrant des r\u00e9sultats spectaculaires et une satisfaction client exceptionnelle.","og_url":"https:\/\/www.stildesign.ca\/fr\/a-propos\/equipe\/","og_site_name":"STIL Design","article_publisher":"https:\/\/www.facebook.com\/STILDESIGN\/","article_modified_time":"2025-07-25T17:53:42+00:00","og_image":[{"width":600,"height":400,"url":"https:\/\/www.stildesign.ca\/wp-content\/uploads\/2022\/08\/stil-218-CONTACT-US-PHOTO.jpeg","type":"image\/jpeg"}],"twitter_card":"summary_large_image","twitter_misc":{"Dur\u00e9e de lecture estim\u00e9e":"1 minute"},"schema":{"@context":"https:\/\/schema.org","@graph":[{"@type":"WebPage","@id":"https:\/\/www.stildesign.ca\/fr\/a-propos\/equipe\/","url":"https:\/\/www.stildesign.ca\/fr\/a-propos\/equipe\/","name":"\u00c9quipe de STIL Design | STIL Design","isPartOf":{"@id":"https:\/\/www.stildesign.ca\/fr\/#website"},"primaryImageOfPage":{"@id":"https:\/\/www.stildesign.ca\/fr\/a-propos\/equipe\/#primaryimage"},"image":{"@id":"https:\/\/www.stildesign.ca\/fr\/a-propos\/equipe\/#primaryimage"},"thumbnailUrl":"https:\/\/www.stildesign.ca\/wp-content\/uploads\/2022\/08\/stil-218-CONTACT-US-PHOTO.jpeg","datePublished":"2022-08-11T17:36:40+00:00","dateModified":"2025-07-25T17:53:42+00:00","description":"Rencontrez l'\u00e9quipe de STIL Design, des experts en solutions de rangement personnalis\u00e9es. D\u00e9couvrez comment notre \u00e9quipe passionn\u00e9e travaille ensemble et avec vous pour transformer vos visions en r\u00e9alit\u00e9, offrant des r\u00e9sultats spectaculaires et une satisfaction client exceptionnelle.","breadcrumb":{"@id":"https:\/\/www.stildesign.ca\/fr\/a-propos\/equipe\/#breadcrumb"},"inLanguage":"fr-FR","potentialAction":[{"@type":"ReadAction","target":["https:\/\/www.stildesign.ca\/fr\/a-propos\/equipe\/"]}]},{"@type":"ImageObject","inLanguage":"fr-FR","@id":"https:\/\/www.stildesign.ca\/fr\/a-propos\/equipe\/#primaryimage","url":"https:\/\/www.stildesign.ca\/wp-content\/uploads\/2022\/08\/stil-218-CONTACT-US-PHOTO.jpeg","contentUrl":"https:\/\/www.stildesign.ca\/wp-content\/uploads\/2022\/08\/stil-218-CONTACT-US-PHOTO.jpeg"},{"@type":"BreadcrumbList","@id":"https:\/\/www.stildesign.ca\/fr\/a-propos\/equipe\/#breadcrumb","itemListElement":[{"@type":"ListItem","position":1,"name":"Home","item":"https:\/\/www.stildesign.ca\/fr\/"},{"@type":"ListItem","position":2,"name":"\u00c0 PROPOS","item":"https:\/\/www.stildesign.ca\/fr\/a-propos\/"},{"@type":"ListItem","position":3,"name":"\u00c9quipe"}]},{"@type":"WebSite","@id":"https:\/\/www.stildesign.ca\/fr\/#website","url":"https:\/\/www.stildesign.ca\/fr\/","name":"STIL Design","description":"Premium Custom Storage Solutions Montreal","publisher":{"@id":"https:\/\/www.stildesign.ca\/fr\/#organization"},"potentialAction":[{"@type":"SearchAction","target":{"@type":"EntryPoint","urlTemplate":"https:\/\/www.stildesign.ca\/fr\/?s={search_term_string}"},"query-input":{"@type":"PropertyValueSpecification","valueRequired":true,"valueName":"search_term_string"}}],"inLanguage":"fr-FR"},{"@type":"Organization","@id":"https:\/\/www.stildesign.ca\/fr\/#organization","name":"STIL Design","url":"https:\/\/www.stildesign.ca\/fr\/","logo":{"@type":"ImageObject","inLanguage":"fr-FR","@id":"https:\/\/www.stildesign.ca\/fr\/#\/schema\/logo\/image\/","url":"https:\/\/www.stildesign.ca\/wp-content\/uploads\/2024\/07\/stil-logo-web-ca.jpg","contentUrl":"https:\/\/www.stildesign.ca\/wp-content\/uploads\/2024\/07\/stil-logo-web-ca.jpg","width":690,"height":690,"caption":"STIL Design"},"image":{"@id":"https:\/\/www.stildesign.ca\/fr\/#\/schema\/logo\/image\/"},"sameAs":["https:\/\/www.facebook.com\/STILDESIGN\/"]}]}},"_links":{"self":[{"href":"https:\/\/www.stildesign.ca\/fr\/wp-json\/wp\/v2\/pages\/1105","targetHints":{"allow":["GET"]}}],"collection":[{"href":"https:\/\/www.stildesign.ca\/fr\/wp-json\/wp\/v2\/pages"}],"about":[{"href":"https:\/\/www.stildesign.ca\/fr\/wp-json\/wp\/v2\/types\/page"}],"author":[{"embeddable":true,"href":"https:\/\/www.stildesign.ca\/fr\/wp-json\/wp\/v2\/users\/2"}],"replies":[{"embeddable":true,"href":"https:\/\/www.stildesign.ca\/fr\/wp-json\/wp\/v2\/comments?post=1105"}],"version-history":[{"count":6,"href":"https:\/\/www.stildesign.ca\/fr\/wp-json\/wp\/v2\/pages\/1105\/revisions"}],"predecessor-version":[{"id":2015,"href":"https:\/\/www.stildesign.ca\/fr\/wp-json\/wp\/v2\/pages\/1105\/revisions\/2015"}],"up":[{"embeddable":true,"href":"https:\/\/www.stildesign.ca\/fr\/wp-json\/wp\/v2\/pages\/1101"}],"wp:attachment":[{"href":"https:\/\/www.stildesign.ca\/fr\/wp-json\/wp\/v2\/media?parent=1105"}],"curies":[{"name":"wp","href":"https:\/\/api.w.org\/{rel}","templated":true}]}}