{"id":1075,"date":"2022-08-29T14:31:17","date_gmt":"2022-08-29T18:31:17","guid":{"rendered":"https:\/\/www.stildesign.ca\/conditions-dutilisation\/"},"modified":"2025-07-25T14:00:49","modified_gmt":"2025-07-25T18:00:49","slug":"conditions-dutilisation","status":"publish","type":"page","link":"https:\/\/www.stildesign.ca\/fr\/conditions-dutilisation\/","title":{"rendered":"Conditions d\u2019utilisation"},"content":{"rendered":"\n<div class=\"wp-block-group is-layout-constrained wp-container-core-group-is-layout-26707c44 wp-block-group-is-layout-constrained\" style=\"padding-top:50px;padding-right:15px;padding-bottom:70px;padding-left:15px\">\n<h1 class=\"wp-block-heading has-text-grey-color has-text-color has-h-2-font-size\" style=\"margin-bottom:30px;font-style:normal;font-weight:300\">Conditions d\u2019utilisation<\/h1>\n\n\n\n<p class=\"has-text-light-grey-color has-text-color has-paragraphs-2-font-size\" style=\"letter-spacing:1px;line-height:1.3\">Veuillez lire attentivement les conditions d\u2019utilisation et l\u2019avis de non-responsabilit\u00e9 suivants avant d\u2019utiliser le site web dasilvano.com. Si vous utilisez notre site web, vous acceptez les pr\u00e9sentes conditions d\u2019utilisation qui s\u2019y rattachent. Si vous n\u2019acceptez pas ces conditions d\u2019utilisation, vous ne pouvez pas utiliser ce site web. Betasso se r\u00e9serve le droit, \u00e0 tout moment, de modifier ou de mettre \u00e0 jour les pr\u00e9sentes conditions d\u2019utilisation, et vous acceptez d\u2019\u00eatre li\u00e9(e) par une telle modification ou mise \u00e0 jour d\u00e8s le moment o\u00f9 celle-ci est publi\u00e9e sur notre site web. Il vous incombe donc de v\u00e9rifier p\u00e9riodiquement les conditions d\u2019utilisation.    <\/p>\n\n\n\n<h3 class=\"wp-block-heading has-text-grey-color has-text-color\" style=\"margin-bottom:30px;font-size:34px;font-style:normal;font-weight:300;letter-spacing:0px;line-height:1.5\">Droit d\u2019auteur<\/h3>\n\n\n\n<p class=\"has-text-light-grey-color has-text-color has-paragraphs-2-font-size\" style=\"letter-spacing:1px;line-height:1.3\">Tout le contenu pr\u00e9sent\u00e9 dans notre site web, notamment le texte, les graphiques, les logos, les ic\u00f4nes de boutons, les images et le logiciel, appartient \u00e0 Betasso ou ses fournisseurs de contenu et est prot\u00e9g\u00e9 par les lois sur le droit d\u2019auteur am\u00e9ricaines et internationales. Il est possible de se voir accorder la permission de copier \u00e9lectroniquement et d\u2019imprimer sur papier certaines portions du site DaSilvano.com pour l\u2019unique raison de faire une commande aupr\u00e8s de Betasso ou d\u2019utiliser le site web comme ressource de magasinage. Toute autre utilisation, y compris la reproduction, la modification, la distribution, la transmission, la republication, l\u2019affichage ou l\u2019ex\u00e9cution, du contenu du site DaSilvano.com ou de ses fournisseurs de contenu respectifs est strictement interdite.  <\/p>\n\n\n\n<h3 class=\"wp-block-heading has-text-grey-color has-text-color\" style=\"margin-bottom:30px;font-size:34px;font-style:normal;font-weight:300;letter-spacing:0px;line-height:1.5\">Marques de commerce<\/h3>\n\n\n\n<p class=\"has-text-light-grey-color has-text-color has-paragraphs-2-font-size\" style=\"letter-spacing:1px;line-height:1.3\">Tous les marques de commerce, logos, marques de service et noms de marque qui sont affich\u00e9s sur ce site web appartiennent \u00e0 Betasso et aux autres propri\u00e9taires respectifs.<\/p>\n\n\n\n<h3 class=\"wp-block-heading has-text-grey-color has-text-color\" style=\"margin-bottom:30px;font-size:34px;font-style:normal;font-weight:300;letter-spacing:0px;line-height:1.5\">Avis de non-responsabilit\u00e9<\/h3>\n\n\n\n<p class=\"has-text-light-grey-color has-text-color has-paragraphs-2-font-size\" style=\"letter-spacing:1px;line-height:1.3\">Les renseignements, les services et les produits offerts en vente et le mat\u00e9riel contenus ou publicis\u00e9s sur le site DaSilvano.com, y compris, sans s\u2019y limiter, le texte, les graphiques et les liens, sont fournis \u00ab tels quels \u00bb, sans garantie. DANS TOUTES LES LIMITES PERMISES PAR LA LOI, Betasso ET SES FOURNISSEURS D\u00c9CLINENT TOUTE D\u00c9CLARATION OU GARANTIE, EXPRESSE OU IMPLICITE, EN CE QUI A TRAIT \u00c0 DE TELS RENSEIGNEMENTS, SERVICES, PRODUITS ET MAT\u00c9RIELS, Y COMPRIS, SANS S\u2019Y LIMITER, LES GARANTIES DE QUALIT\u00c9 MARCHANDE OU DE PERTINENCE \u00c0 DES FINS PARTICULI\u00c8RES, DE TITRE, DE NON-CONTREFA\u00c7ON, D\u2019ABSENCE DE VIRUS INFORMATIQUE ET LES GARANTIES IMPLICITES D\u00c9COULANT DU COURS NORMAL DES ACTIVIT\u00c9S OU DES MODALIT\u00c9S D\u2019EX\u00c9CUTION. De plus, Betasso et ses fournisseurs ne d\u00e9clarent ni ne garantissent que l\u2019information accessible \u00e0 partir du site DaSilvano.com est exacte, compl\u00e8te ou \u00e0 jour. Nous ne sommes pas responsables des erreurs typographiques. Les prix et la disponibilit\u00e9 peuvent changer sans pr\u00e9avis.    <\/p>\n\n\n\n<h3 class=\"wp-block-heading has-text-grey-color has-text-color\" style=\"margin-bottom:30px;font-size:34px;font-style:normal;font-weight:300;letter-spacing:0px;line-height:1.5\">\u00c9valuations des utilisateurs et autres commentaires<\/h3>\n\n\n\n<p class=\"has-text-light-grey-color has-text-color has-paragraphs-2-font-size\" style=\"letter-spacing:1px;line-height:1.3\">Tous les commentaires, \u00e9valuations et autres soumissions fournis \u00e0 Betasso sur ce site ou \u00e0 propos de ce site, ou autrement envoy\u00e9s relativement \u00e0 votre utilisation du site web, seront et demeureront la propri\u00e9t\u00e9 de Betasso. Une telle divulgation, soumission ou offre de tout commentaire sera jug\u00e9e une cession \u00e0 Betasso de tous les droits mondiaux touchant toutes les propri\u00e9t\u00e9s intellectuelles li\u00e9es auxdits commentaires. <\/p>\n\n\n\n<p class=\"has-text-light-grey-color has-text-color has-paragraphs-2-font-size\" style=\"letter-spacing:1px;line-height:1.3\">Vous acceptez qu\u2019aucun commentaire que vous soumettrez \u00e0 Betasso ne violera les droits de tiers, y compris le droit d\u2019auteur, la marque de commerce, la confidentialit\u00e9 ou tout autre droit personnel ou de propri\u00e9t\u00e9. Vous acceptez \u00e9galement qu\u2019aucun commentaire que vous soumettrez \u00e0 partir du site web n\u2019aura ou ne contiendra un caract\u00e8re diffamatoire, ou autrement ill\u00e9gal, abusif ou obsc\u00e8ne. Vous serez et demeurerez le(la) seul(e) responsable du contenu de tout commentaire que vous publierez. <\/p>\n\n\n\n<p class=\"has-text-light-grey-color has-text-color has-paragraphs-2-font-size\" style=\"letter-spacing:1px;line-height:1.3\">Vous acceptez que Betasso puisse utiliser ou divulguer de l\u2019information conform\u00e9ment \u00e0 sa politique de confidentialit\u00e9.<\/p>\n<\/div>\n","protected":false},"excerpt":{"rendered":"<p>Conditions d\u2019utilisation Veuillez lire attentivement les conditions d\u2019utilisation et l\u2019avis de non-responsabilit\u00e9 suivants avant d\u2019utiliser le site web dasilvano.com. Si vous utilisez notre site web, vous acceptez les pr\u00e9sentes conditions d\u2019utilisation qui s\u2019y rattachent. Si vous n\u2019acceptez pas ces conditions d\u2019utilisation, vous ne pouvez pas utiliser ce site web. Betasso se r\u00e9serve le droit, \u00e0 [&hellip;]<\/p>\n","protected":false},"author":2,"featured_media":0,"parent":0,"menu_order":0,"comment_status":"closed","ping_status":"closed","template":"page-footer-only-social","meta":{"footnotes":""},"class_list":["post-1075","page","type-page","status-publish","hentry"],"yoast_head":"<!-- This site is optimized with the Yoast SEO plugin v27.2 - https:\/\/yoast.com\/product\/yoast-seo-wordpress\/ -->\n<title>Conditions d&#039;Utilisation du Site Web | STIL Design<\/title>\n<meta name=\"description\" content=\"Lisez attentivement les conditions d&#039;utilisation du site STIL Design. En acc\u00e9dant \u00e0 notre site, vous acceptez nos conditions d&#039;utilisation. D\u00e9couvrez nos politiques de droits d&#039;auteur, de marques de commerce et notre avis de non-responsabilit\u00e9.\" \/>\n<meta name=\"robots\" content=\"index, follow, max-snippet:-1, max-image-preview:large, max-video-preview:-1\" \/>\n<link rel=\"canonical\" href=\"https:\/\/www.stildesign.ca\/fr\/conditions-dutilisation\/\" \/>\n<meta property=\"og:locale\" content=\"fr_FR\" \/>\n<meta property=\"og:type\" content=\"article\" \/>\n<meta property=\"og:title\" content=\"Conditions d&#039;Utilisation du Site Web | STIL Design\" \/>\n<meta property=\"og:description\" content=\"Lisez attentivement les conditions d&#039;utilisation du site STIL Design. En acc\u00e9dant \u00e0 notre site, vous acceptez nos conditions d&#039;utilisation. D\u00e9couvrez nos politiques de droits d&#039;auteur, de marques de commerce et notre avis de non-responsabilit\u00e9.\" \/>\n<meta property=\"og:url\" content=\"https:\/\/www.stildesign.ca\/fr\/conditions-dutilisation\/\" \/>\n<meta property=\"og:site_name\" content=\"STIL Design\" \/>\n<meta property=\"article:publisher\" content=\"https:\/\/www.facebook.com\/STILDESIGN\/\" \/>\n<meta property=\"article:modified_time\" content=\"2025-07-25T18:00:49+00:00\" \/>\n<meta property=\"og:image\" content=\"https:\/\/www.stildesign.ca\/wp-content\/uploads\/2024\/07\/STIL_metaimage.jpg\" \/>\n\t<meta property=\"og:image:width\" content=\"1200\" \/>\n\t<meta property=\"og:image:height\" content=\"675\" \/>\n\t<meta property=\"og:image:type\" content=\"image\/jpeg\" \/>\n<meta name=\"twitter:card\" content=\"summary_large_image\" \/>\n<meta name=\"twitter:label1\" content=\"Dur\u00e9e de lecture estim\u00e9e\" \/>\n\t<meta name=\"twitter:data1\" content=\"3 minutes\" \/>\n<script type=\"application\/ld+json\" class=\"yoast-schema-graph\">{\"@context\":\"https:\/\/schema.org\",\"@graph\":[{\"@type\":\"WebPage\",\"@id\":\"https:\/\/www.stildesign.ca\/fr\/conditions-dutilisation\/\",\"url\":\"https:\/\/www.stildesign.ca\/fr\/conditions-dutilisation\/\",\"name\":\"Conditions d'Utilisation du Site Web | STIL Design\",\"isPartOf\":{\"@id\":\"https:\/\/www.stildesign.ca\/fr\/#website\"},\"datePublished\":\"2022-08-29T18:31:17+00:00\",\"dateModified\":\"2025-07-25T18:00:49+00:00\",\"description\":\"Lisez attentivement les conditions d'utilisation du site STIL Design. En acc\u00e9dant \u00e0 notre site, vous acceptez nos conditions d'utilisation. D\u00e9couvrez nos politiques de droits d'auteur, de marques de commerce et notre avis de non-responsabilit\u00e9.\",\"breadcrumb\":{\"@id\":\"https:\/\/www.stildesign.ca\/fr\/conditions-dutilisation\/#breadcrumb\"},\"inLanguage\":\"fr-FR\",\"potentialAction\":[{\"@type\":\"ReadAction\",\"target\":[\"https:\/\/www.stildesign.ca\/fr\/conditions-dutilisation\/\"]}]},{\"@type\":\"BreadcrumbList\",\"@id\":\"https:\/\/www.stildesign.ca\/fr\/conditions-dutilisation\/#breadcrumb\",\"itemListElement\":[{\"@type\":\"ListItem\",\"position\":1,\"name\":\"Home\",\"item\":\"https:\/\/www.stildesign.ca\/fr\/\"},{\"@type\":\"ListItem\",\"position\":2,\"name\":\"Conditions d\u2019utilisation\"}]},{\"@type\":\"WebSite\",\"@id\":\"https:\/\/www.stildesign.ca\/fr\/#website\",\"url\":\"https:\/\/www.stildesign.ca\/fr\/\",\"name\":\"STIL Design\",\"description\":\"Premium Custom Storage Solutions Montreal\",\"publisher\":{\"@id\":\"https:\/\/www.stildesign.ca\/fr\/#organization\"},\"potentialAction\":[{\"@type\":\"SearchAction\",\"target\":{\"@type\":\"EntryPoint\",\"urlTemplate\":\"https:\/\/www.stildesign.ca\/fr\/?s={search_term_string}\"},\"query-input\":{\"@type\":\"PropertyValueSpecification\",\"valueRequired\":true,\"valueName\":\"search_term_string\"}}],\"inLanguage\":\"fr-FR\"},{\"@type\":\"Organization\",\"@id\":\"https:\/\/www.stildesign.ca\/fr\/#organization\",\"name\":\"STIL Design\",\"url\":\"https:\/\/www.stildesign.ca\/fr\/\",\"logo\":{\"@type\":\"ImageObject\",\"inLanguage\":\"fr-FR\",\"@id\":\"https:\/\/www.stildesign.ca\/fr\/#\/schema\/logo\/image\/\",\"url\":\"https:\/\/www.stildesign.ca\/wp-content\/uploads\/2024\/07\/stil-logo-web-ca.jpg\",\"contentUrl\":\"https:\/\/www.stildesign.ca\/wp-content\/uploads\/2024\/07\/stil-logo-web-ca.jpg\",\"width\":690,\"height\":690,\"caption\":\"STIL Design\"},\"image\":{\"@id\":\"https:\/\/www.stildesign.ca\/fr\/#\/schema\/logo\/image\/\"},\"sameAs\":[\"https:\/\/www.facebook.com\/STILDESIGN\/\"]}]}<\/script>\n<!-- \/ Yoast SEO plugin. -->","yoast_head_json":{"title":"Conditions d'Utilisation du Site Web | STIL Design","description":"Lisez attentivement les conditions d'utilisation du site STIL Design. En acc\u00e9dant \u00e0 notre site, vous acceptez nos conditions d'utilisation. D\u00e9couvrez nos politiques de droits d'auteur, de marques de commerce et notre avis de non-responsabilit\u00e9.","robots":{"index":"index","follow":"follow","max-snippet":"max-snippet:-1","max-image-preview":"max-image-preview:large","max-video-preview":"max-video-preview:-1"},"canonical":"https:\/\/www.stildesign.ca\/fr\/conditions-dutilisation\/","og_locale":"fr_FR","og_type":"article","og_title":"Conditions d'Utilisation du Site Web | STIL Design","og_description":"Lisez attentivement les conditions d'utilisation du site STIL Design. En acc\u00e9dant \u00e0 notre site, vous acceptez nos conditions d'utilisation. D\u00e9couvrez nos politiques de droits d'auteur, de marques de commerce et notre avis de non-responsabilit\u00e9.","og_url":"https:\/\/www.stildesign.ca\/fr\/conditions-dutilisation\/","og_site_name":"STIL Design","article_publisher":"https:\/\/www.facebook.com\/STILDESIGN\/","article_modified_time":"2025-07-25T18:00:49+00:00","og_image":[{"width":1200,"height":675,"url":"https:\/\/www.stildesign.ca\/wp-content\/uploads\/2024\/07\/STIL_metaimage.jpg","type":"image\/jpeg"}],"twitter_card":"summary_large_image","twitter_misc":{"Dur\u00e9e de lecture estim\u00e9e":"3 minutes"},"schema":{"@context":"https:\/\/schema.org","@graph":[{"@type":"WebPage","@id":"https:\/\/www.stildesign.ca\/fr\/conditions-dutilisation\/","url":"https:\/\/www.stildesign.ca\/fr\/conditions-dutilisation\/","name":"Conditions d'Utilisation du Site Web | STIL Design","isPartOf":{"@id":"https:\/\/www.stildesign.ca\/fr\/#website"},"datePublished":"2022-08-29T18:31:17+00:00","dateModified":"2025-07-25T18:00:49+00:00","description":"Lisez attentivement les conditions d'utilisation du site STIL Design. En acc\u00e9dant \u00e0 notre site, vous acceptez nos conditions d'utilisation. D\u00e9couvrez nos politiques de droits d'auteur, de marques de commerce et notre avis de non-responsabilit\u00e9.","breadcrumb":{"@id":"https:\/\/www.stildesign.ca\/fr\/conditions-dutilisation\/#breadcrumb"},"inLanguage":"fr-FR","potentialAction":[{"@type":"ReadAction","target":["https:\/\/www.stildesign.ca\/fr\/conditions-dutilisation\/"]}]},{"@type":"BreadcrumbList","@id":"https:\/\/www.stildesign.ca\/fr\/conditions-dutilisation\/#breadcrumb","itemListElement":[{"@type":"ListItem","position":1,"name":"Home","item":"https:\/\/www.stildesign.ca\/fr\/"},{"@type":"ListItem","position":2,"name":"Conditions d\u2019utilisation"}]},{"@type":"WebSite","@id":"https:\/\/www.stildesign.ca\/fr\/#website","url":"https:\/\/www.stildesign.ca\/fr\/","name":"STIL Design","description":"Premium Custom Storage Solutions Montreal","publisher":{"@id":"https:\/\/www.stildesign.ca\/fr\/#organization"},"potentialAction":[{"@type":"SearchAction","target":{"@type":"EntryPoint","urlTemplate":"https:\/\/www.stildesign.ca\/fr\/?s={search_term_string}"},"query-input":{"@type":"PropertyValueSpecification","valueRequired":true,"valueName":"search_term_string"}}],"inLanguage":"fr-FR"},{"@type":"Organization","@id":"https:\/\/www.stildesign.ca\/fr\/#organization","name":"STIL Design","url":"https:\/\/www.stildesign.ca\/fr\/","logo":{"@type":"ImageObject","inLanguage":"fr-FR","@id":"https:\/\/www.stildesign.ca\/fr\/#\/schema\/logo\/image\/","url":"https:\/\/www.stildesign.ca\/wp-content\/uploads\/2024\/07\/stil-logo-web-ca.jpg","contentUrl":"https:\/\/www.stildesign.ca\/wp-content\/uploads\/2024\/07\/stil-logo-web-ca.jpg","width":690,"height":690,"caption":"STIL Design"},"image":{"@id":"https:\/\/www.stildesign.ca\/fr\/#\/schema\/logo\/image\/"},"sameAs":["https:\/\/www.facebook.com\/STILDESIGN\/"]}]}},"_links":{"self":[{"href":"https:\/\/www.stildesign.ca\/fr\/wp-json\/wp\/v2\/pages\/1075","targetHints":{"allow":["GET"]}}],"collection":[{"href":"https:\/\/www.stildesign.ca\/fr\/wp-json\/wp\/v2\/pages"}],"about":[{"href":"https:\/\/www.stildesign.ca\/fr\/wp-json\/wp\/v2\/types\/page"}],"author":[{"embeddable":true,"href":"https:\/\/www.stildesign.ca\/fr\/wp-json\/wp\/v2\/users\/2"}],"replies":[{"embeddable":true,"href":"https:\/\/www.stildesign.ca\/fr\/wp-json\/wp\/v2\/comments?post=1075"}],"version-history":[{"count":2,"href":"https:\/\/www.stildesign.ca\/fr\/wp-json\/wp\/v2\/pages\/1075\/revisions"}],"predecessor-version":[{"id":2019,"href":"https:\/\/www.stildesign.ca\/fr\/wp-json\/wp\/v2\/pages\/1075\/revisions\/2019"}],"wp:attachment":[{"href":"https:\/\/www.stildesign.ca\/fr\/wp-json\/wp\/v2\/media?parent=1075"}],"curies":[{"name":"wp","href":"https:\/\/api.w.org\/{rel}","templated":true}]}}