{"id":1071,"date":"2022-08-29T14:44:31","date_gmt":"2022-08-29T18:44:31","guid":{"rendered":"https:\/\/www.stildesign.ca\/politique-de-confidentialite\/"},"modified":"2025-07-25T14:02:52","modified_gmt":"2025-07-25T18:02:52","slug":"politique-de-confidentialite","status":"publish","type":"page","link":"https:\/\/www.stildesign.ca\/fr\/politique-de-confidentialite\/","title":{"rendered":"Politique de confidentialit\u00e9"},"content":{"rendered":"\n<div class=\"wp-block-group is-layout-constrained wp-container-core-group-is-layout-26707c44 wp-block-group-is-layout-constrained\" style=\"padding-top:50px;padding-right:15px;padding-bottom:70px;padding-left:15px\">\n<h1 class=\"wp-block-heading has-text-grey-color has-text-color has-h-2-font-size\" style=\"margin-bottom:30px\">Politique de confidentialit\u00e9<\/h1>\n\n\n\n<p class=\"has-text-light-grey-color has-text-color has-paragraphs-2-font-size\" style=\"letter-spacing:1px;line-height:1.3\">La pr\u00e9sente page vous informe de nos politiques \u00e0 l\u2019\u00e9gard de la collecte, l\u2019utilisation et la divulgation des renseignements personnels que nous envoient les utilisateurs de notre site web.<\/p>\n\n\n\n<p class=\"has-text-light-grey-color has-text-color has-paragraphs-2-font-size\" style=\"letter-spacing:1px;line-height:1.3\">Nous utilisons vos renseignements personnels seulement pour offrir et am\u00e9liorer le site web. En utilisant notre site, vous acceptez que nous recueillions et utilisions vos renseignements conform\u00e9ment \u00e0 la pr\u00e9sente politique. <\/p>\n\n\n\n<h3 class=\"wp-block-heading has-text-grey-color has-text-color\" style=\"margin-bottom:30px;font-size:34px;letter-spacing:0px;line-height:1.5\">Collecte et utilisation des renseignements<\/h3>\n\n\n\n<p class=\"has-text-light-grey-color has-text-color has-paragraphs-2-font-size\" style=\"letter-spacing:1px;line-height:1.3\">Pendant que vous utilisez notre site web, il se peut que nous vous demandions de nous fournir certains renseignements permettant de vous identifier, que nous pouvons utiliser pour communiquer avec vous ou vous identifier.<\/p>\n\n\n\n<p class=\"has-text-light-grey-color has-text-color has-paragraphs-2-font-size\" style=\"letter-spacing:1px;line-height:1.3\">Les renseignements pouvant vous identifier peuvent inclure, sans s\u2019y limiter, votre nom, vos renseignements personnels et les donn\u00e9es enregistr\u00e9es. Tout comme bien d\u2019autres exploitants de sites web, nous recueillons les renseignements que nous envoie votre navigateur \u00e0 toutes les fois que vous visitez notre site. <\/p>\n\n\n\n<h3 class=\"wp-block-heading has-text-grey-color has-text-color\" style=\"margin-bottom:30px;font-size:34px;letter-spacing:0px;line-height:1.5\">Donn\u00e9es enregistr\u00e9es<\/h3>\n\n\n\n<p class=\"has-text-light-grey-color has-text-color has-paragraphs-2-font-size\" style=\"letter-spacing:1px;line-height:1.3\">Ces donn\u00e9es enregistr\u00e9es peuvent inclure le protocole Internet ou l\u2019adresse IP de votre ordinateur, le type et la version de votre navigateur, les pages de notre site web que vous visitez, la date et l\u2019heure de votre visite, le temps que vous passez sur ces pages et d\u2019autres statistiques.<\/p>\n\n\n\n<p class=\"has-text-light-grey-color has-text-color has-paragraphs-2-font-size\" style=\"letter-spacing:1px;line-height:1.3\">De plus, nous pouvons avoir recours \u00e0 des services de tiers, comme Google Analytics, pour recueillir, surveiller et analyser ces donn\u00e9es.<\/p>\n\n\n\n<p class=\"has-text-light-grey-color has-text-color has-paragraphs-2-font-size\" style=\"letter-spacing:1px;line-height:1.3\">La section des donn\u00e9es enregistr\u00e9es concerne les entreprises qui utilisent les services d\u2019analytique ou de suivi dans leurs sites web ou applications, par exemple Google Analytics.<\/p>\n\n\n\n<h3 class=\"wp-block-heading has-text-grey-color has-text-color\" style=\"margin-bottom:30px;font-size:34px;font-style:normal;font-weight:300;letter-spacing:0px;line-height:1.5\">Communications<\/h3>\n\n\n\n<p class=\"has-text-light-grey-color has-text-color has-paragraphs-2-font-size\" style=\"letter-spacing:1px;line-height:1.3\">Nous pouvons utiliser vos renseignements personnels pour vous envoyer notre infolettre, nos publicit\u00e9s et offres promotionnelles et d\u2019autre information.<\/p>\n\n\n\n<h3 class=\"wp-block-heading has-text-grey-color has-text-color\" style=\"margin-bottom:30px;font-size:34px;font-style:normal;font-weight:300;letter-spacing:0px;line-height:1.5\">T\u00e9moins<\/h3>\n\n\n\n<p class=\"has-text-light-grey-color has-text-color has-paragraphs-2-font-size\" style=\"letter-spacing:1px;line-height:1.3\">Des t\u00e9moins (cookies) sont des fichiers contenant des petites quantit\u00e9s de donn\u00e9es, qui peuvent inclure un identifiant unique anonyme. Les t\u00e9moins sont envoy\u00e9s \u00e0 votre navigateur \u00e0 partir d\u2019un site web et stock\u00e9s dans le disque dur de votre ordinateur. <\/p>\n\n\n\n<p class=\"has-text-light-grey-color has-text-color has-paragraphs-2-font-size\" style=\"letter-spacing:1px;line-height:1.3\">Comme bien d\u2019autres sites web, notre site web utilise des t\u00e9moins pour recueillir de l\u2019information. Vous pouvez r\u00e9gler les param\u00e8tres de votre navigateur pour qu\u2019il refuse tous les t\u00e9moins ou pour qu\u2019il vous indique quand un t\u00e9moin est envoy\u00e9. Cependant, si vous refusez les t\u00e9moins, certaines portions de notre site pourraient vous \u00eatre inaccessibles.  <\/p>\n\n\n\n<h3 class=\"wp-block-heading has-text-grey-color has-text-color\" style=\"margin-bottom:30px;font-size:34px;font-style:normal;font-weight:300;letter-spacing:0px;line-height:1.5\">S\u00e9curit\u00e9<\/h3>\n\n\n\n<p class=\"has-text-light-grey-color has-text-color has-paragraphs-2-font-size\" style=\"letter-spacing:1px;line-height:1.3\">La s\u00e9curit\u00e9 de vos renseignements personnels est une priorit\u00e9 pour nous. Toutefois, n\u2019oubliez pas qu\u2019il n\u2019existe aucune m\u00e9thode de transmission sur Internet ou de stockage \u00e9lectronique qui garantisse une s\u00e9curit\u00e9 absolue. Ainsi, m\u00eame si nous nous effor\u00e7ons d\u2019utiliser tous les moyens commercialement acceptables pour prot\u00e9ger vos renseignements personnels, nous ne pouvons pas garantir leur s\u00e9curit\u00e9 absolue en raison de la nature du processus. <\/p>\n\n\n\n<h3 class=\"wp-block-heading has-text-grey-color has-text-color\" style=\"margin-bottom:30px;font-size:34px;font-style:normal;font-weight:300;letter-spacing:0px;line-height:1.5\">Changement \u00e0 la politique de confidentialit\u00e9<\/h3>\n\n\n\n<p class=\"has-text-light-grey-color has-text-color has-paragraphs-2-font-size\" style=\"letter-spacing:1px;line-height:1.3\">La pr\u00e9sente politique de confidentialit\u00e9 est en vigueur depuis le 31 mai 2016 et demeurera en vigueur, sauf en ce qui a trait \u00e0 tout changement futur dans ses dispositions, lesquelles dispositions modifi\u00e9es entreront en vigueur imm\u00e9diatement apr\u00e8s avoir \u00e9t\u00e9 publi\u00e9es sur cette page.<\/p>\n\n\n\n<p class=\"has-text-light-grey-color has-text-color has-paragraphs-2-font-size\" style=\"letter-spacing:1px;line-height:1.3\">Nous nous r\u00e9servons le droit de mettre \u00e0 jour ou de modifier notre politique de confidentialit\u00e9 \u00e0 tout moment. C\u2019est pourquoi vous devez v\u00e9rifier p\u00e9riodiquement si elle a \u00e9t\u00e9 modifi\u00e9e. Si vous continuez d\u2019utiliser notre site web apr\u00e8s que nous publions une modification de notre politique de confidentialit\u00e9, cela signifiera que vous reconnaissez ladite modification et que vous consentez \u00e0 vous y conformer et \u00e0 \u00eatre li\u00e9(e) par la politique de confidentialit\u00e9 modifi\u00e9e. <\/p>\n\n\n\n<p class=\"has-text-light-grey-color has-text-color has-paragraphs-2-font-size\" style=\"letter-spacing:1px;line-height:1.3\">Si nous apportions tout changement important \u00e0 la pr\u00e9sente politique de confidentialit\u00e9, nous vous aviserons soit en vous envoyant un courriel \u00e0 l\u2019adresse que vous nous avez fournie ou en affichant un avis bien visible sur notre site web.<\/p>\n\n\n\n<h3 class=\"wp-block-heading has-text-grey-color has-text-color\" style=\"margin-bottom:30px;font-size:34px;font-style:normal;font-weight:300;letter-spacing:0px;line-height:1.5\">Contactez-nous<\/h3>\n\n\n\n<p class=\"has-text-light-grey-color has-text-color has-paragraphs-2-font-size\" style=\"letter-spacing:1px;line-height:1.3\">Si vous avez des questions \u00e0 propos de notre politique de confidentialit\u00e9, veuillez nous contacter.<\/p>\n<\/div>\n","protected":false},"excerpt":{"rendered":"<p>Politique de confidentialit\u00e9 La pr\u00e9sente page vous informe de nos politiques \u00e0 l\u2019\u00e9gard de la collecte, l\u2019utilisation et la divulgation des renseignements personnels que nous envoient les utilisateurs de notre site web. Nous utilisons vos renseignements personnels seulement pour offrir et am\u00e9liorer le site web. En utilisant notre site, vous acceptez que nous recueillions et [&hellip;]<\/p>\n","protected":false},"author":2,"featured_media":0,"parent":0,"menu_order":0,"comment_status":"closed","ping_status":"closed","template":"page-footer-only-social","meta":{"footnotes":""},"class_list":["post-1071","page","type-page","status-publish","hentry"],"yoast_head":"<!-- This site is optimized with the Yoast SEO plugin v27.2 - https:\/\/yoast.com\/product\/yoast-seo-wordpress\/ -->\n<title>Politique de Confidentialit\u00e9 | STIL Design<\/title>\n<meta name=\"description\" content=\"D\u00e9couvrez la politique de confidentialit\u00e9 de STIL Design, couvrant la collecte, l&#039;utilisation et la protection de vos renseignements personnels. Informez-vous sur nos pratiques en mati\u00e8re de donn\u00e9es et vos droits en tant qu&#039;utilisateur.\" \/>\n<meta name=\"robots\" content=\"index, follow, max-snippet:-1, max-image-preview:large, max-video-preview:-1\" \/>\n<link rel=\"canonical\" href=\"https:\/\/www.stildesign.ca\/fr\/politique-de-confidentialite\/\" \/>\n<meta property=\"og:locale\" content=\"fr_FR\" \/>\n<meta property=\"og:type\" content=\"article\" \/>\n<meta property=\"og:title\" content=\"Politique de Confidentialit\u00e9 | STIL Design\" \/>\n<meta property=\"og:description\" content=\"D\u00e9couvrez la politique de confidentialit\u00e9 de STIL Design, couvrant la collecte, l&#039;utilisation et la protection de vos renseignements personnels. Informez-vous sur nos pratiques en mati\u00e8re de donn\u00e9es et vos droits en tant qu&#039;utilisateur.\" \/>\n<meta property=\"og:url\" content=\"https:\/\/www.stildesign.ca\/fr\/politique-de-confidentialite\/\" \/>\n<meta property=\"og:site_name\" content=\"STIL Design\" \/>\n<meta property=\"article:publisher\" content=\"https:\/\/www.facebook.com\/STILDESIGN\/\" \/>\n<meta property=\"article:modified_time\" content=\"2025-07-25T18:02:52+00:00\" \/>\n<meta property=\"og:image\" content=\"https:\/\/www.stildesign.ca\/wp-content\/uploads\/2024\/07\/STIL_metaimage.jpg\" \/>\n\t<meta property=\"og:image:width\" content=\"1200\" \/>\n\t<meta property=\"og:image:height\" content=\"675\" \/>\n\t<meta property=\"og:image:type\" content=\"image\/jpeg\" \/>\n<meta name=\"twitter:card\" content=\"summary_large_image\" \/>\n<meta name=\"twitter:label1\" content=\"Dur\u00e9e de lecture estim\u00e9e\" \/>\n\t<meta name=\"twitter:data1\" content=\"3 minutes\" \/>\n<script type=\"application\/ld+json\" class=\"yoast-schema-graph\">{\"@context\":\"https:\/\/schema.org\",\"@graph\":[{\"@type\":\"WebPage\",\"@id\":\"https:\/\/www.stildesign.ca\/fr\/politique-de-confidentialite\/\",\"url\":\"https:\/\/www.stildesign.ca\/fr\/politique-de-confidentialite\/\",\"name\":\"Politique de Confidentialit\u00e9 | STIL Design\",\"isPartOf\":{\"@id\":\"https:\/\/www.stildesign.ca\/fr\/#website\"},\"datePublished\":\"2022-08-29T18:44:31+00:00\",\"dateModified\":\"2025-07-25T18:02:52+00:00\",\"description\":\"D\u00e9couvrez la politique de confidentialit\u00e9 de STIL Design, couvrant la collecte, l'utilisation et la protection de vos renseignements personnels. Informez-vous sur nos pratiques en mati\u00e8re de donn\u00e9es et vos droits en tant qu'utilisateur.\",\"breadcrumb\":{\"@id\":\"https:\/\/www.stildesign.ca\/fr\/politique-de-confidentialite\/#breadcrumb\"},\"inLanguage\":\"fr-FR\",\"potentialAction\":[{\"@type\":\"ReadAction\",\"target\":[\"https:\/\/www.stildesign.ca\/fr\/politique-de-confidentialite\/\"]}]},{\"@type\":\"BreadcrumbList\",\"@id\":\"https:\/\/www.stildesign.ca\/fr\/politique-de-confidentialite\/#breadcrumb\",\"itemListElement\":[{\"@type\":\"ListItem\",\"position\":1,\"name\":\"Home\",\"item\":\"https:\/\/www.stildesign.ca\/fr\/\"},{\"@type\":\"ListItem\",\"position\":2,\"name\":\"Politique de confidentialit\u00e9\"}]},{\"@type\":\"WebSite\",\"@id\":\"https:\/\/www.stildesign.ca\/fr\/#website\",\"url\":\"https:\/\/www.stildesign.ca\/fr\/\",\"name\":\"STIL Design\",\"description\":\"Premium Custom Storage Solutions Montreal\",\"publisher\":{\"@id\":\"https:\/\/www.stildesign.ca\/fr\/#organization\"},\"potentialAction\":[{\"@type\":\"SearchAction\",\"target\":{\"@type\":\"EntryPoint\",\"urlTemplate\":\"https:\/\/www.stildesign.ca\/fr\/?s={search_term_string}\"},\"query-input\":{\"@type\":\"PropertyValueSpecification\",\"valueRequired\":true,\"valueName\":\"search_term_string\"}}],\"inLanguage\":\"fr-FR\"},{\"@type\":\"Organization\",\"@id\":\"https:\/\/www.stildesign.ca\/fr\/#organization\",\"name\":\"STIL Design\",\"url\":\"https:\/\/www.stildesign.ca\/fr\/\",\"logo\":{\"@type\":\"ImageObject\",\"inLanguage\":\"fr-FR\",\"@id\":\"https:\/\/www.stildesign.ca\/fr\/#\/schema\/logo\/image\/\",\"url\":\"https:\/\/www.stildesign.ca\/wp-content\/uploads\/2024\/07\/stil-logo-web-ca.jpg\",\"contentUrl\":\"https:\/\/www.stildesign.ca\/wp-content\/uploads\/2024\/07\/stil-logo-web-ca.jpg\",\"width\":690,\"height\":690,\"caption\":\"STIL Design\"},\"image\":{\"@id\":\"https:\/\/www.stildesign.ca\/fr\/#\/schema\/logo\/image\/\"},\"sameAs\":[\"https:\/\/www.facebook.com\/STILDESIGN\/\"]}]}<\/script>\n<!-- \/ Yoast SEO plugin. -->","yoast_head_json":{"title":"Politique de Confidentialit\u00e9 | STIL Design","description":"D\u00e9couvrez la politique de confidentialit\u00e9 de STIL Design, couvrant la collecte, l'utilisation et la protection de vos renseignements personnels. Informez-vous sur nos pratiques en mati\u00e8re de donn\u00e9es et vos droits en tant qu'utilisateur.","robots":{"index":"index","follow":"follow","max-snippet":"max-snippet:-1","max-image-preview":"max-image-preview:large","max-video-preview":"max-video-preview:-1"},"canonical":"https:\/\/www.stildesign.ca\/fr\/politique-de-confidentialite\/","og_locale":"fr_FR","og_type":"article","og_title":"Politique de Confidentialit\u00e9 | STIL Design","og_description":"D\u00e9couvrez la politique de confidentialit\u00e9 de STIL Design, couvrant la collecte, l'utilisation et la protection de vos renseignements personnels. Informez-vous sur nos pratiques en mati\u00e8re de donn\u00e9es et vos droits en tant qu'utilisateur.","og_url":"https:\/\/www.stildesign.ca\/fr\/politique-de-confidentialite\/","og_site_name":"STIL Design","article_publisher":"https:\/\/www.facebook.com\/STILDESIGN\/","article_modified_time":"2025-07-25T18:02:52+00:00","og_image":[{"width":1200,"height":675,"url":"https:\/\/www.stildesign.ca\/wp-content\/uploads\/2024\/07\/STIL_metaimage.jpg","type":"image\/jpeg"}],"twitter_card":"summary_large_image","twitter_misc":{"Dur\u00e9e de lecture estim\u00e9e":"3 minutes"},"schema":{"@context":"https:\/\/schema.org","@graph":[{"@type":"WebPage","@id":"https:\/\/www.stildesign.ca\/fr\/politique-de-confidentialite\/","url":"https:\/\/www.stildesign.ca\/fr\/politique-de-confidentialite\/","name":"Politique de Confidentialit\u00e9 | STIL Design","isPartOf":{"@id":"https:\/\/www.stildesign.ca\/fr\/#website"},"datePublished":"2022-08-29T18:44:31+00:00","dateModified":"2025-07-25T18:02:52+00:00","description":"D\u00e9couvrez la politique de confidentialit\u00e9 de STIL Design, couvrant la collecte, l'utilisation et la protection de vos renseignements personnels. Informez-vous sur nos pratiques en mati\u00e8re de donn\u00e9es et vos droits en tant qu'utilisateur.","breadcrumb":{"@id":"https:\/\/www.stildesign.ca\/fr\/politique-de-confidentialite\/#breadcrumb"},"inLanguage":"fr-FR","potentialAction":[{"@type":"ReadAction","target":["https:\/\/www.stildesign.ca\/fr\/politique-de-confidentialite\/"]}]},{"@type":"BreadcrumbList","@id":"https:\/\/www.stildesign.ca\/fr\/politique-de-confidentialite\/#breadcrumb","itemListElement":[{"@type":"ListItem","position":1,"name":"Home","item":"https:\/\/www.stildesign.ca\/fr\/"},{"@type":"ListItem","position":2,"name":"Politique de confidentialit\u00e9"}]},{"@type":"WebSite","@id":"https:\/\/www.stildesign.ca\/fr\/#website","url":"https:\/\/www.stildesign.ca\/fr\/","name":"STIL Design","description":"Premium Custom Storage Solutions Montreal","publisher":{"@id":"https:\/\/www.stildesign.ca\/fr\/#organization"},"potentialAction":[{"@type":"SearchAction","target":{"@type":"EntryPoint","urlTemplate":"https:\/\/www.stildesign.ca\/fr\/?s={search_term_string}"},"query-input":{"@type":"PropertyValueSpecification","valueRequired":true,"valueName":"search_term_string"}}],"inLanguage":"fr-FR"},{"@type":"Organization","@id":"https:\/\/www.stildesign.ca\/fr\/#organization","name":"STIL Design","url":"https:\/\/www.stildesign.ca\/fr\/","logo":{"@type":"ImageObject","inLanguage":"fr-FR","@id":"https:\/\/www.stildesign.ca\/fr\/#\/schema\/logo\/image\/","url":"https:\/\/www.stildesign.ca\/wp-content\/uploads\/2024\/07\/stil-logo-web-ca.jpg","contentUrl":"https:\/\/www.stildesign.ca\/wp-content\/uploads\/2024\/07\/stil-logo-web-ca.jpg","width":690,"height":690,"caption":"STIL Design"},"image":{"@id":"https:\/\/www.stildesign.ca\/fr\/#\/schema\/logo\/image\/"},"sameAs":["https:\/\/www.facebook.com\/STILDESIGN\/"]}]}},"_links":{"self":[{"href":"https:\/\/www.stildesign.ca\/fr\/wp-json\/wp\/v2\/pages\/1071","targetHints":{"allow":["GET"]}}],"collection":[{"href":"https:\/\/www.stildesign.ca\/fr\/wp-json\/wp\/v2\/pages"}],"about":[{"href":"https:\/\/www.stildesign.ca\/fr\/wp-json\/wp\/v2\/types\/page"}],"author":[{"embeddable":true,"href":"https:\/\/www.stildesign.ca\/fr\/wp-json\/wp\/v2\/users\/2"}],"replies":[{"embeddable":true,"href":"https:\/\/www.stildesign.ca\/fr\/wp-json\/wp\/v2\/comments?post=1071"}],"version-history":[{"count":3,"href":"https:\/\/www.stildesign.ca\/fr\/wp-json\/wp\/v2\/pages\/1071\/revisions"}],"predecessor-version":[{"id":2021,"href":"https:\/\/www.stildesign.ca\/fr\/wp-json\/wp\/v2\/pages\/1071\/revisions\/2021"}],"wp:attachment":[{"href":"https:\/\/www.stildesign.ca\/fr\/wp-json\/wp\/v2\/media?parent=1071"}],"curies":[{"name":"wp","href":"https:\/\/api.w.org\/{rel}","templated":true}]}}